{"id":65,"date":"2020-08-04T14:32:53","date_gmt":"2020-08-04T17:32:53","guid":{"rendered":"http:\/\/educacao.cambe.pr.gov.br\/?page_id=65"},"modified":"2025-09-12T15:12:17","modified_gmt":"2025-09-12T18:12:17","slug":"localizacao","status":"publish","type":"page","link":"https:\/\/educacao.cambe.pr.gov.br\/index.php\/educacao\/localizacao\/","title":{"rendered":"Secretaria Municipal de Educa\u00e7\u00e3o"},"content":{"rendered":"\t\t<div data-elementor-type=\"wp-page\" data-elementor-id=\"65\" class=\"elementor elementor-65\">\n\t\t\t\t\t\t<section class=\"elementor-section elementor-top-section elementor-element elementor-element-1e34cc81 elementor-section-boxed elementor-section-height-default elementor-section-height-default\" data-id=\"1e34cc81\" data-element_type=\"section\">\n\t\t\t\t\t\t<div class=\"elementor-container elementor-column-gap-default\">\n\t\t\t\t\t<div class=\"elementor-column elementor-col-100 elementor-top-column elementor-element elementor-element-11a59931\" data-id=\"11a59931\" data-element_type=\"column\">\n\t\t\t<div class=\"elementor-widget-wrap elementor-element-populated\">\n\t\t\t\t\t\t<div class=\"elementor-element elementor-element-dea8d09 elementor-widget elementor-widget-text-editor\" data-id=\"dea8d09\" data-element_type=\"widget\" data-widget_type=\"text-editor.default\">\n\t\t\t\t<div class=\"elementor-widget-container\">\n\t\t\t\t\t\t\t\t\t<p><span style=\"font-family: arial, helvetica, sans-serif; font-size: 12pt;\">A Secretaria Municipal de Educa\u00e7\u00e3o e Cultura &#8211;\u00a0 sede Educa\u00e7\u00e3o &#8211; fica localizada no Antigo Instituto Brasileiro da Caf\u00e9 de Camb\u00e9:<\/span><\/p><p><span style=\"font-family: arial, helvetica, sans-serif; font-size: 12pt;\">Rua Francisco Delgado Sanches, 189 &#8211;\u00a0Jardim Vit\u00f3ria, Camb\u00e9\/PR<\/span><\/p>\t\t\t\t\t\t\t\t<\/div>\n\t\t\t\t<\/div>\n\t\t\t\t\t<\/div>\n\t\t<\/div>\n\t\t\t\t\t<\/div>\n\t\t<\/section>\n\t\t\t\t<section class=\"elementor-section elementor-top-section elementor-element elementor-element-c48c83d elementor-section-boxed elementor-section-height-default elementor-section-height-default\" data-id=\"c48c83d\" data-element_type=\"section\">\n\t\t\t\t\t\t<div class=\"elementor-container elementor-column-gap-default\">\n\t\t\t\t\t<div class=\"elementor-column elementor-col-100 elementor-top-column elementor-element elementor-element-f70954d\" data-id=\"f70954d\" data-element_type=\"column\">\n\t\t\t<div class=\"elementor-widget-wrap elementor-element-populated\">\n\t\t\t\t\t\t<div class=\"elementor-element elementor-element-0660645 elementor-widget elementor-widget-html\" data-id=\"0660645\" data-element_type=\"widget\" data-widget_type=\"html.default\">\n\t\t\t\t<div class=\"elementor-widget-container\">\n\t\t\t\t\t<iframe src=\"https:\/\/www.google.com\/maps\/embed?pb=!1m18!1m12!1m3!1d14660.30186712407!2d-51.28896616978046!3d-23.276707407197637!2m3!1f0!2f0!3f0!3m2!1i1024!2i768!4f13.1!3m3!1m2!1s0x94eb59d9350078a9%3A0x3bb82a2877851fd5!2sSecretaria%20de%20Educa%C3%A7%C3%A3o%20de%20Camb%C3%A9!5e0!3m2!1spt-BR!2sbr!4v1688061862904!5m2!1spt-BR!2sbr\" width=\"600\" height=\"450\" style=\"border:0;\" allowfullscreen=\"\" loading=\"lazy\" referrerpolicy=\"no-referrer-when-downgrade\"><\/iframe>\t\t\t\t<\/div>\n\t\t\t\t<\/div>\n\t\t\t\t\t<\/div>\n\t\t<\/div>\n\t\t\t\t\t<\/div>\n\t\t<\/section>\n\t\t\t\t<section class=\"elementor-section elementor-top-section elementor-element elementor-element-3379b57 elementor-section-boxed elementor-section-height-default elementor-section-height-default\" data-id=\"3379b57\" data-element_type=\"section\">\n\t\t\t\t\t\t<div class=\"elementor-container elementor-column-gap-default\">\n\t\t\t\t\t<div class=\"elementor-column elementor-col-100 elementor-top-column elementor-element elementor-element-fceb4d2\" data-id=\"fceb4d2\" data-element_type=\"column\">\n\t\t\t<div class=\"elementor-widget-wrap elementor-element-populated\">\n\t\t\t\t\t\t<div class=\"elementor-element elementor-element-e930554 elementor-widget elementor-widget-heading\" data-id=\"e930554\" data-element_type=\"widget\" data-widget_type=\"heading.default\">\n\t\t\t\t<div class=\"elementor-widget-container\">\n\t\t\t\t\t<h2 class=\"elementor-heading-title elementor-size-default\">Gest\u00e3o (2025~2028)<\/h2>\t\t\t\t<\/div>\n\t\t\t\t<\/div>\n\t\t\t\t\t<\/div>\n\t\t<\/div>\n\t\t\t\t\t<\/div>\n\t\t<\/section>\n\t\t\t\t<section class=\"elementor-section elementor-top-section elementor-element elementor-element-df1e353 elementor-section-boxed elementor-section-height-default elementor-section-height-default\" data-id=\"df1e353\" data-element_type=\"section\">\n\t\t\t\t\t\t<div class=\"elementor-container elementor-column-gap-default\">\n\t\t\t\t\t<div class=\"elementor-column elementor-col-100 elementor-top-column elementor-element elementor-element-c820b46\" data-id=\"c820b46\" data-element_type=\"column\">\n\t\t\t<div class=\"elementor-widget-wrap elementor-element-populated\">\n\t\t\t\t\t\t<div class=\"elementor-element elementor-element-d03160d elementor-widget__width-initial elementor-widget elementor-widget-image\" data-id=\"d03160d\" data-element_type=\"widget\" data-widget_type=\"image.default\">\n\t\t\t\t<div class=\"elementor-widget-container\">\n\t\t\t\t\t\t\t\t\t\t\t\t\t\t\t<img decoding=\"async\" width=\"151\" height=\"184\" src=\"https:\/\/educacao.cambe.pr.gov.br\/wp-content\/uploads\/2023\/06\/estela.png\" class=\"attachment-large size-large wp-image-2413\" alt=\"\" \/>\t\t\t\t\t\t\t\t\t\t\t\t\t\t\t<\/div>\n\t\t\t\t<\/div>\n\t\t\t\t<div class=\"elementor-element elementor-element-05a7ae0 elementor-widget elementor-widget-text-editor\" data-id=\"05a7ae0\" data-element_type=\"widget\" data-widget_type=\"text-editor.default\">\n\t\t\t\t<div class=\"elementor-widget-container\">\n\t\t\t\t\t\t\t\t\t<p><span style=\"font-size: 14pt;\"><strong>\u00a0 \u00a0 \u00a0 \u00a0 \u00a0 \u00a0 \u00a0Estela Camata<\/strong><\/span><\/p>\t\t\t\t\t\t\t\t<\/div>\n\t\t\t\t<\/div>\n\t\t\t\t<div class=\"elementor-element elementor-element-29a44ff elementor-widget elementor-widget-text-editor\" data-id=\"29a44ff\" data-element_type=\"widget\" data-widget_type=\"text-editor.default\">\n\t\t\t\t<div class=\"elementor-widget-container\">\n\t\t\t\t\t\t\t\t\t<p>Secret\u00e1ria de Educa\u00e7\u00e3o e Cultura<\/p>\t\t\t\t\t\t\t\t<\/div>\n\t\t\t\t<\/div>\n\t\t\t\t\t<\/div>\n\t\t<\/div>\n\t\t\t\t\t<\/div>\n\t\t<\/section>\n\t\t\t\t<section class=\"elementor-section elementor-top-section elementor-element elementor-element-fd5b754 elementor-section-boxed elementor-section-height-default elementor-section-height-default\" data-id=\"fd5b754\" data-element_type=\"section\">\n\t\t\t\t\t\t<div class=\"elementor-container elementor-column-gap-default\">\n\t\t\t\t\t<div class=\"elementor-column elementor-col-100 elementor-top-column elementor-element elementor-element-fd57b46\" data-id=\"fd57b46\" data-element_type=\"column\">\n\t\t\t<div class=\"elementor-widget-wrap elementor-element-populated\">\n\t\t\t\t\t\t<div class=\"elementor-element elementor-element-bede524 elementor-widget elementor-widget-heading\" data-id=\"bede524\" data-element_type=\"widget\" data-widget_type=\"heading.default\">\n\t\t\t\t<div class=\"elementor-widget-container\">\n\t\t\t\t\t<h2 class=\"elementor-heading-title elementor-size-default\">Departamentos<\/h2>\t\t\t\t<\/div>\n\t\t\t\t<\/div>\n\t\t\t\t<div class=\"elementor-element elementor-element-4c3107d elementor-widget elementor-widget-text-editor\" data-id=\"4c3107d\" data-element_type=\"widget\" data-widget_type=\"text-editor.default\">\n\t\t\t\t<div class=\"elementor-widget-container\">\n\t\t\t\t\t\t\t\t\t<p><span style=\"font-size: 14pt;\"><strong>Departamento Administrativo<\/strong> &#8211; Diretora&nbsp;Lilian Maria Basso Lopes<\/span><\/p>\n<p><span style=\"font-size: 14pt;\"><strong>Departamento de Apoio Educacional<\/strong> &#8211; Diretora Marta de Fatima Gon\u00e7alves<\/span><\/p>\n<p><span style=\"font-size: 14pt;\"><strong>Departamento Pedag\u00f3gico<\/strong> &#8211; Diretora Tatiana Ap.\u00aa Baptilani Zirondi<\/span><\/p>\t\t\t\t\t\t\t\t<\/div>\n\t\t\t\t<\/div>\n\t\t\t\t\t<\/div>\n\t\t<\/div>\n\t\t\t\t\t<\/div>\n\t\t<\/section>\n\t\t\t\t<\/div>\n\t\t","protected":false},"excerpt":{"rendered":"<p>A Secretaria Municipal de Educa\u00e7\u00e3o e Cultura &#8211;\u00a0 sede Educa\u00e7\u00e3o &#8211; fica localizada no Antigo Instituto Brasileiro da Caf\u00e9 de Camb\u00e9: Rua Francisco Delgado Sanches, 189 &#8211;\u00a0Jardim Vit\u00f3ria, Camb\u00e9\/PR Gest\u00e3o (2025~2028) \u00a0 \u00a0 \u00a0 \u00a0 \u00a0 \u00a0 \u00a0Estela Camata Secret\u00e1ria de Educa\u00e7\u00e3o e Cultura Departamentos Departamento Administrativo &#8211; Diretora&nbsp;Lilian Maria Basso Lopes Departamento de Apoio [&hellip;]<\/p>\n","protected":false},"author":1,"featured_media":0,"parent":34,"menu_order":0,"comment_status":"closed","ping_status":"closed","template":"","meta":{"ngg_post_thumbnail":0,"footnotes":""},"class_list":["post-65","page","type-page","status-publish","hentry"],"yoast_head":"<!-- This site is optimized with the Yoast SEO plugin v24.4 - https:\/\/yoast.com\/wordpress\/plugins\/seo\/ -->\n<title>Secretaria Municipal de Educa\u00e7\u00e3o - Secretaria de Educa\u00e7\u00e3o e Cultura<\/title>\n<meta name=\"robots\" content=\"index, follow, max-snippet:-1, max-image-preview:large, max-video-preview:-1\" \/>\n<link rel=\"canonical\" href=\"https:\/\/educacao.cambe.pr.gov.br\/index.php\/educacao\/localizacao\/\" \/>\n<meta property=\"og:locale\" content=\"pt_BR\" \/>\n<meta property=\"og:type\" content=\"article\" \/>\n<meta property=\"og:title\" content=\"Secretaria Municipal de Educa\u00e7\u00e3o - Secretaria de Educa\u00e7\u00e3o e Cultura\" \/>\n<meta property=\"og:description\" content=\"A Secretaria Municipal de Educa\u00e7\u00e3o e Cultura &#8211;\u00a0 sede Educa\u00e7\u00e3o &#8211; fica localizada no Antigo Instituto Brasileiro da Caf\u00e9 de Camb\u00e9: Rua Francisco Delgado Sanches, 189 &#8211;\u00a0Jardim Vit\u00f3ria, Camb\u00e9\/PR Gest\u00e3o (2025~2028) \u00a0 \u00a0 \u00a0 \u00a0 \u00a0 \u00a0 \u00a0Estela Camata Secret\u00e1ria de Educa\u00e7\u00e3o e Cultura Departamentos Departamento Administrativo &#8211; Diretora&nbsp;Lilian Maria Basso Lopes Departamento de Apoio [&hellip;]\" \/>\n<meta property=\"og:url\" content=\"https:\/\/educacao.cambe.pr.gov.br\/index.php\/educacao\/localizacao\/\" \/>\n<meta property=\"og:site_name\" content=\"Secretaria de Educa\u00e7\u00e3o e Cultura\" \/>\n<meta property=\"article:modified_time\" content=\"2025-09-12T18:12:17+00:00\" \/>\n<meta property=\"og:image\" content=\"https:\/\/educacao.cambe.pr.gov.br\/wp-content\/uploads\/2023\/06\/estela.png\" \/>\n\t<meta property=\"og:image:width\" content=\"151\" \/>\n\t<meta property=\"og:image:height\" content=\"184\" \/>\n\t<meta property=\"og:image:type\" content=\"image\/png\" \/>\n<meta name=\"twitter:card\" content=\"summary_large_image\" \/>\n<meta name=\"twitter:label1\" content=\"Est. tempo de leitura\" \/>\n\t<meta name=\"twitter:data1\" content=\"1 minuto\" \/>\n<script type=\"application\/ld+json\" class=\"yoast-schema-graph\">{\"@context\":\"https:\/\/schema.org\",\"@graph\":[{\"@type\":\"WebPage\",\"@id\":\"https:\/\/educacao.cambe.pr.gov.br\/index.php\/educacao\/localizacao\/\",\"url\":\"https:\/\/educacao.cambe.pr.gov.br\/index.php\/educacao\/localizacao\/\",\"name\":\"Secretaria Municipal de Educa\u00e7\u00e3o - Secretaria de Educa\u00e7\u00e3o e Cultura\",\"isPartOf\":{\"@id\":\"https:\/\/educacao.cambe.pr.gov.br\/#website\"},\"primaryImageOfPage\":{\"@id\":\"https:\/\/educacao.cambe.pr.gov.br\/index.php\/educacao\/localizacao\/#primaryimage\"},\"image\":{\"@id\":\"https:\/\/educacao.cambe.pr.gov.br\/index.php\/educacao\/localizacao\/#primaryimage\"},\"thumbnailUrl\":\"https:\/\/educacao.cambe.pr.gov.br\/wp-content\/uploads\/2023\/06\/estela.png\",\"datePublished\":\"2020-08-04T17:32:53+00:00\",\"dateModified\":\"2025-09-12T18:12:17+00:00\",\"breadcrumb\":{\"@id\":\"https:\/\/educacao.cambe.pr.gov.br\/index.php\/educacao\/localizacao\/#breadcrumb\"},\"inLanguage\":\"pt-BR\",\"potentialAction\":[{\"@type\":\"ReadAction\",\"target\":[\"https:\/\/educacao.cambe.pr.gov.br\/index.php\/educacao\/localizacao\/\"]}]},{\"@type\":\"ImageObject\",\"inLanguage\":\"pt-BR\",\"@id\":\"https:\/\/educacao.cambe.pr.gov.br\/index.php\/educacao\/localizacao\/#primaryimage\",\"url\":\"https:\/\/educacao.cambe.pr.gov.br\/wp-content\/uploads\/2023\/06\/estela.png\",\"contentUrl\":\"https:\/\/educacao.cambe.pr.gov.br\/wp-content\/uploads\/2023\/06\/estela.png\",\"width\":151,\"height\":184},{\"@type\":\"BreadcrumbList\",\"@id\":\"https:\/\/educacao.cambe.pr.gov.br\/index.php\/educacao\/localizacao\/#breadcrumb\",\"itemListElement\":[{\"@type\":\"ListItem\",\"position\":1,\"name\":\"In\u00edcio\",\"item\":\"https:\/\/educacao.cambe.pr.gov.br\/\"},{\"@type\":\"ListItem\",\"position\":2,\"name\":\"Educa\u00e7\u00e3o\",\"item\":\"https:\/\/educacao.cambe.pr.gov.br\/index.php\/educacao\/\"},{\"@type\":\"ListItem\",\"position\":3,\"name\":\"Secretaria Municipal de Educa\u00e7\u00e3o\"}]},{\"@type\":\"WebSite\",\"@id\":\"https:\/\/educacao.cambe.pr.gov.br\/#website\",\"url\":\"https:\/\/educacao.cambe.pr.gov.br\/\",\"name\":\"Secretaria de Educa\u00e7\u00e3o e Cultura\",\"description\":\"Prefeitura de Camb\u00e9\",\"publisher\":{\"@id\":\"https:\/\/educacao.cambe.pr.gov.br\/#organization\"},\"potentialAction\":[{\"@type\":\"SearchAction\",\"target\":{\"@type\":\"EntryPoint\",\"urlTemplate\":\"https:\/\/educacao.cambe.pr.gov.br\/?s={search_term_string}\"},\"query-input\":{\"@type\":\"PropertyValueSpecification\",\"valueRequired\":true,\"valueName\":\"search_term_string\"}}],\"inLanguage\":\"pt-BR\"},{\"@type\":\"Organization\",\"@id\":\"https:\/\/educacao.cambe.pr.gov.br\/#organization\",\"name\":\"Secretaria de Educa\u00e7\u00e3o e Cultura\",\"url\":\"https:\/\/educacao.cambe.pr.gov.br\/\",\"logo\":{\"@type\":\"ImageObject\",\"inLanguage\":\"pt-BR\",\"@id\":\"https:\/\/educacao.cambe.pr.gov.br\/#\/schema\/logo\/image\/\",\"url\":\"https:\/\/educacao.cambe.pr.gov.br\/wp-content\/uploads\/2020\/08\/cambe_rural_brazao-pq.png\",\"contentUrl\":\"https:\/\/educacao.cambe.pr.gov.br\/wp-content\/uploads\/2020\/08\/cambe_rural_brazao-pq.png\",\"width\":150,\"height\":150,\"caption\":\"Secretaria de Educa\u00e7\u00e3o e Cultura\"},\"image\":{\"@id\":\"https:\/\/educacao.cambe.pr.gov.br\/#\/schema\/logo\/image\/\"}}]}<\/script>\n<!-- \/ Yoast SEO plugin. -->","yoast_head_json":{"title":"Secretaria Municipal de Educa\u00e7\u00e3o - Secretaria de Educa\u00e7\u00e3o e Cultura","robots":{"index":"index","follow":"follow","max-snippet":"max-snippet:-1","max-image-preview":"max-image-preview:large","max-video-preview":"max-video-preview:-1"},"canonical":"https:\/\/educacao.cambe.pr.gov.br\/index.php\/educacao\/localizacao\/","og_locale":"pt_BR","og_type":"article","og_title":"Secretaria Municipal de Educa\u00e7\u00e3o - Secretaria de Educa\u00e7\u00e3o e Cultura","og_description":"A Secretaria Municipal de Educa\u00e7\u00e3o e Cultura &#8211;\u00a0 sede Educa\u00e7\u00e3o &#8211; fica localizada no Antigo Instituto Brasileiro da Caf\u00e9 de Camb\u00e9: Rua Francisco Delgado Sanches, 189 &#8211;\u00a0Jardim Vit\u00f3ria, Camb\u00e9\/PR Gest\u00e3o (2025~2028) \u00a0 \u00a0 \u00a0 \u00a0 \u00a0 \u00a0 \u00a0Estela Camata Secret\u00e1ria de Educa\u00e7\u00e3o e Cultura Departamentos Departamento Administrativo &#8211; Diretora&nbsp;Lilian Maria Basso Lopes Departamento de Apoio [&hellip;]","og_url":"https:\/\/educacao.cambe.pr.gov.br\/index.php\/educacao\/localizacao\/","og_site_name":"Secretaria de Educa\u00e7\u00e3o e Cultura","article_modified_time":"2025-09-12T18:12:17+00:00","og_image":[{"width":151,"height":184,"url":"https:\/\/educacao.cambe.pr.gov.br\/wp-content\/uploads\/2023\/06\/estela.png","type":"image\/png"}],"twitter_card":"summary_large_image","twitter_misc":{"Est. tempo de leitura":"1 minuto"},"schema":{"@context":"https:\/\/schema.org","@graph":[{"@type":"WebPage","@id":"https:\/\/educacao.cambe.pr.gov.br\/index.php\/educacao\/localizacao\/","url":"https:\/\/educacao.cambe.pr.gov.br\/index.php\/educacao\/localizacao\/","name":"Secretaria Municipal de Educa\u00e7\u00e3o - Secretaria de Educa\u00e7\u00e3o e Cultura","isPartOf":{"@id":"https:\/\/educacao.cambe.pr.gov.br\/#website"},"primaryImageOfPage":{"@id":"https:\/\/educacao.cambe.pr.gov.br\/index.php\/educacao\/localizacao\/#primaryimage"},"image":{"@id":"https:\/\/educacao.cambe.pr.gov.br\/index.php\/educacao\/localizacao\/#primaryimage"},"thumbnailUrl":"https:\/\/educacao.cambe.pr.gov.br\/wp-content\/uploads\/2023\/06\/estela.png","datePublished":"2020-08-04T17:32:53+00:00","dateModified":"2025-09-12T18:12:17+00:00","breadcrumb":{"@id":"https:\/\/educacao.cambe.pr.gov.br\/index.php\/educacao\/localizacao\/#breadcrumb"},"inLanguage":"pt-BR","potentialAction":[{"@type":"ReadAction","target":["https:\/\/educacao.cambe.pr.gov.br\/index.php\/educacao\/localizacao\/"]}]},{"@type":"ImageObject","inLanguage":"pt-BR","@id":"https:\/\/educacao.cambe.pr.gov.br\/index.php\/educacao\/localizacao\/#primaryimage","url":"https:\/\/educacao.cambe.pr.gov.br\/wp-content\/uploads\/2023\/06\/estela.png","contentUrl":"https:\/\/educacao.cambe.pr.gov.br\/wp-content\/uploads\/2023\/06\/estela.png","width":151,"height":184},{"@type":"BreadcrumbList","@id":"https:\/\/educacao.cambe.pr.gov.br\/index.php\/educacao\/localizacao\/#breadcrumb","itemListElement":[{"@type":"ListItem","position":1,"name":"In\u00edcio","item":"https:\/\/educacao.cambe.pr.gov.br\/"},{"@type":"ListItem","position":2,"name":"Educa\u00e7\u00e3o","item":"https:\/\/educacao.cambe.pr.gov.br\/index.php\/educacao\/"},{"@type":"ListItem","position":3,"name":"Secretaria Municipal de Educa\u00e7\u00e3o"}]},{"@type":"WebSite","@id":"https:\/\/educacao.cambe.pr.gov.br\/#website","url":"https:\/\/educacao.cambe.pr.gov.br\/","name":"Secretaria de Educa\u00e7\u00e3o e Cultura","description":"Prefeitura de Camb\u00e9","publisher":{"@id":"https:\/\/educacao.cambe.pr.gov.br\/#organization"},"potentialAction":[{"@type":"SearchAction","target":{"@type":"EntryPoint","urlTemplate":"https:\/\/educacao.cambe.pr.gov.br\/?s={search_term_string}"},"query-input":{"@type":"PropertyValueSpecification","valueRequired":true,"valueName":"search_term_string"}}],"inLanguage":"pt-BR"},{"@type":"Organization","@id":"https:\/\/educacao.cambe.pr.gov.br\/#organization","name":"Secretaria de Educa\u00e7\u00e3o e Cultura","url":"https:\/\/educacao.cambe.pr.gov.br\/","logo":{"@type":"ImageObject","inLanguage":"pt-BR","@id":"https:\/\/educacao.cambe.pr.gov.br\/#\/schema\/logo\/image\/","url":"https:\/\/educacao.cambe.pr.gov.br\/wp-content\/uploads\/2020\/08\/cambe_rural_brazao-pq.png","contentUrl":"https:\/\/educacao.cambe.pr.gov.br\/wp-content\/uploads\/2020\/08\/cambe_rural_brazao-pq.png","width":150,"height":150,"caption":"Secretaria de Educa\u00e7\u00e3o e Cultura"},"image":{"@id":"https:\/\/educacao.cambe.pr.gov.br\/#\/schema\/logo\/image\/"}}]}},"_links":{"self":[{"href":"https:\/\/educacao.cambe.pr.gov.br\/index.php\/wp-json\/wp\/v2\/pages\/65","targetHints":{"allow":["GET"]}}],"collection":[{"href":"https:\/\/educacao.cambe.pr.gov.br\/index.php\/wp-json\/wp\/v2\/pages"}],"about":[{"href":"https:\/\/educacao.cambe.pr.gov.br\/index.php\/wp-json\/wp\/v2\/types\/page"}],"author":[{"embeddable":true,"href":"https:\/\/educacao.cambe.pr.gov.br\/index.php\/wp-json\/wp\/v2\/users\/1"}],"replies":[{"embeddable":true,"href":"https:\/\/educacao.cambe.pr.gov.br\/index.php\/wp-json\/wp\/v2\/comments?post=65"}],"version-history":[{"count":31,"href":"https:\/\/educacao.cambe.pr.gov.br\/index.php\/wp-json\/wp\/v2\/pages\/65\/revisions"}],"predecessor-version":[{"id":4949,"href":"https:\/\/educacao.cambe.pr.gov.br\/index.php\/wp-json\/wp\/v2\/pages\/65\/revisions\/4949"}],"up":[{"embeddable":true,"href":"https:\/\/educacao.cambe.pr.gov.br\/index.php\/wp-json\/wp\/v2\/pages\/34"}],"wp:attachment":[{"href":"https:\/\/educacao.cambe.pr.gov.br\/index.php\/wp-json\/wp\/v2\/media?parent=65"}],"curies":[{"name":"wp","href":"https:\/\/api.w.org\/{rel}","templated":true}]}}