{"id":5142,"date":"2025-11-24T16:15:07","date_gmt":"2025-11-24T19:15:07","guid":{"rendered":"https:\/\/educacao.cambe.pr.gov.br\/?page_id=5142"},"modified":"2025-12-18T10:25:48","modified_gmt":"2025-12-18T13:25:48","slug":"movimentacao-funcional","status":"publish","type":"page","link":"https:\/\/educacao.cambe.pr.gov.br\/index.php\/area-do-servidor\/movimentacao-funcional\/","title":{"rendered":"Movimenta\u00e7\u00e3o Funcional"},"content":{"rendered":"\t\t<div data-elementor-type=\"wp-page\" data-elementor-id=\"5142\" class=\"elementor elementor-5142\">\n\t\t\t\t\t\t<section class=\"elementor-section elementor-top-section elementor-element elementor-element-d2b6310 elementor-section-boxed elementor-section-height-default elementor-section-height-default\" data-id=\"d2b6310\" data-element_type=\"section\">\n\t\t\t\t\t\t<div class=\"elementor-container elementor-column-gap-default\">\n\t\t\t\t\t<div class=\"elementor-column elementor-col-100 elementor-top-column elementor-element elementor-element-aa5a56e\" data-id=\"aa5a56e\" data-element_type=\"column\">\n\t\t\t<div class=\"elementor-widget-wrap elementor-element-populated\">\n\t\t\t\t\t\t<div class=\"elementor-element elementor-element-3cacb48 elementor-widget elementor-widget-heading\" data-id=\"3cacb48\" data-element_type=\"widget\" data-widget_type=\"heading.default\">\n\t\t\t\t<div class=\"elementor-widget-container\">\n\t\t\t\t\t<h2 class=\"elementor-heading-title elementor-size-default\"><span style=\"font-size: 2.5rem\">Movimenta\u00e7\u00e3o Funcional 2025\/2026<\/span><br><\/h2>\t\t\t\t<\/div>\n\t\t\t\t<\/div>\n\t\t\t\t<div class=\"elementor-element elementor-element-9c84bd0 elementor-widget elementor-widget-button\" data-id=\"9c84bd0\" data-element_type=\"widget\" data-widget_type=\"button.default\">\n\t\t\t\t<div class=\"elementor-widget-container\">\n\t\t\t\t\t\t\t\t\t<div class=\"elementor-button-wrapper\">\n\t\t\t\t\t<a class=\"elementor-button elementor-button-link elementor-size-sm\" href=\"https:\/\/drive.google.com\/file\/d\/1_xir0ge3S080jsX5nwbHrsM19DQKnAwI\/view?usp=sharing\" target=\"_blank\">\n\t\t\t\t\t\t<span class=\"elementor-button-content-wrapper\">\n\t\t\t\t\t\t\t\t\t<span class=\"elementor-button-text\">Resultado da Classifica\u00e7\u00e3o dos professores de  Educa\u00e7\u00e3o Infantil e Fundamental - 20 Horas<\/span>\n\t\t\t\t\t<\/span>\n\t\t\t\t\t<\/a>\n\t\t\t\t<\/div>\n\t\t\t\t\t\t\t\t<\/div>\n\t\t\t\t<\/div>\n\t\t\t\t<div class=\"elementor-element elementor-element-e77354f elementor-widget elementor-widget-button\" data-id=\"e77354f\" data-element_type=\"widget\" data-widget_type=\"button.default\">\n\t\t\t\t<div class=\"elementor-widget-container\">\n\t\t\t\t\t\t\t\t\t<div class=\"elementor-button-wrapper\">\n\t\t\t\t\t<a class=\"elementor-button elementor-button-link elementor-size-sm\" href=\"https:\/\/drive.google.com\/file\/d\/1o_VXOGPB7-MftqakaFjGHT7qKZ536B74\/view?usp=sharing\" target=\"_blank\">\n\t\t\t\t\t\t<span class=\"elementor-button-content-wrapper\">\n\t\t\t\t\t\t\t\t\t<span class=\"elementor-button-text\">Resultado da Classifica\u00e7\u00e3o dos professores de  Educa\u00e7\u00e3o Infantil - 40 Horas<\/span>\n\t\t\t\t\t<\/span>\n\t\t\t\t\t<\/a>\n\t\t\t\t<\/div>\n\t\t\t\t\t\t\t\t<\/div>\n\t\t\t\t<\/div>\n\t\t\t\t<div class=\"elementor-element elementor-element-bacc4d1 elementor-widget elementor-widget-button\" data-id=\"bacc4d1\" data-element_type=\"widget\" data-widget_type=\"button.default\">\n\t\t\t\t<div class=\"elementor-widget-container\">\n\t\t\t\t\t\t\t\t\t<div class=\"elementor-button-wrapper\">\n\t\t\t\t\t<a class=\"elementor-button elementor-button-link elementor-size-sm\" href=\"https:\/\/drive.google.com\/file\/d\/1U3_NQdJoyhbPmlpNFfClMXWOtJHxk6O2\/view?usp=sharing\" target=\"_blank\">\n\t\t\t\t\t\t<span class=\"elementor-button-content-wrapper\">\n\t\t\t\t\t\t\t\t\t<span class=\"elementor-button-text\">Resultado da Classifica\u00e7\u00e3o dos professores de Arte - 20 horas<\/span>\n\t\t\t\t\t<\/span>\n\t\t\t\t\t<\/a>\n\t\t\t\t<\/div>\n\t\t\t\t\t\t\t\t<\/div>\n\t\t\t\t<\/div>\n\t\t\t\t<div class=\"elementor-element elementor-element-4e20ac0 elementor-widget elementor-widget-button\" data-id=\"4e20ac0\" data-element_type=\"widget\" data-widget_type=\"button.default\">\n\t\t\t\t<div class=\"elementor-widget-container\">\n\t\t\t\t\t\t\t\t\t<div class=\"elementor-button-wrapper\">\n\t\t\t\t\t<a class=\"elementor-button elementor-button-link elementor-size-sm\" href=\"https:\/\/drive.google.com\/file\/d\/11VGg37U2JPVvVy7UZRdqo9tEefJD32gE\/view?usp=sharing\" target=\"_blank\">\n\t\t\t\t\t\t<span class=\"elementor-button-content-wrapper\">\n\t\t\t\t\t\t\t\t\t<span class=\"elementor-button-text\">Resultado da Classifica\u00e7\u00e3o dos professores de Educa\u00e7\u00e3o F\u00edsica - 20 horas<\/span>\n\t\t\t\t\t<\/span>\n\t\t\t\t\t<\/a>\n\t\t\t\t<\/div>\n\t\t\t\t\t\t\t\t<\/div>\n\t\t\t\t<\/div>\n\t\t\t\t<div class=\"elementor-element elementor-element-c81bddd elementor-widget elementor-widget-button\" data-id=\"c81bddd\" data-element_type=\"widget\" data-widget_type=\"button.default\">\n\t\t\t\t<div class=\"elementor-widget-container\">\n\t\t\t\t\t\t\t\t\t<div class=\"elementor-button-wrapper\">\n\t\t\t\t\t<a class=\"elementor-button elementor-button-link elementor-size-sm\" href=\"https:\/\/drive.google.com\/file\/d\/1q9qFJx8xM4buQWuNqsdVvpmZBAFnMsD9\/view?usp=sharing\" target=\"_blank\">\n\t\t\t\t\t\t<span class=\"elementor-button-content-wrapper\">\n\t\t\t\t\t\t\t\t\t<span class=\"elementor-button-text\">Resultado da Classifica\u00e7\u00e3o dos professores interessados nas vagas de NEEEDH ( Mat e Vesp)<\/span>\n\t\t\t\t\t<\/span>\n\t\t\t\t\t<\/a>\n\t\t\t\t<\/div>\n\t\t\t\t\t\t\t\t<\/div>\n\t\t\t\t<\/div>\n\t\t\t\t<div class=\"elementor-element elementor-element-b92b610 elementor-widget elementor-widget-button\" data-id=\"b92b610\" data-element_type=\"widget\" data-widget_type=\"button.default\">\n\t\t\t\t<div class=\"elementor-widget-container\">\n\t\t\t\t\t\t\t\t\t<div class=\"elementor-button-wrapper\">\n\t\t\t\t\t<a class=\"elementor-button elementor-button-link elementor-size-sm\" href=\"http:\/\/eeducacao.cambe.pr.gov.br:8180\/eeducacao\/index2.html?page=inscricaoMovimentacaoFuncional\" target=\"_blank\">\n\t\t\t\t\t\t<span class=\"elementor-button-content-wrapper\">\n\t\t\t\t\t\t\t\t\t<span class=\"elementor-button-text\">   Movimenta\u00e7\u00e3o Funcional Geral   <\/span>\n\t\t\t\t\t<\/span>\n\t\t\t\t\t<\/a>\n\t\t\t\t<\/div>\n\t\t\t\t\t\t\t\t<\/div>\n\t\t\t\t<\/div>\n\t\t\t\t<div class=\"elementor-element elementor-element-5e276fb elementor-widget elementor-widget-button\" data-id=\"5e276fb\" data-element_type=\"widget\" data-widget_type=\"button.default\">\n\t\t\t\t<div class=\"elementor-widget-container\">\n\t\t\t\t\t\t\t\t\t<div class=\"elementor-button-wrapper\">\n\t\t\t\t\t<a class=\"elementor-button elementor-button-link elementor-size-sm\" href=\"https:\/\/forms.gle\/E2BB2KM2NKqxnsZT9\" target=\"_blank\">\n\t\t\t\t\t\t<span class=\"elementor-button-content-wrapper\">\n\t\t\t\t\t\t\t\t\t<span class=\"elementor-button-text\">Cadastro de professores interessados nas vagas de NEEEDH<\/span>\n\t\t\t\t\t<\/span>\n\t\t\t\t\t<\/a>\n\t\t\t\t<\/div>\n\t\t\t\t\t\t\t\t<\/div>\n\t\t\t\t<\/div>\n\t\t\t\t<div class=\"elementor-element elementor-element-d8043dc elementor-widget elementor-widget-button\" data-id=\"d8043dc\" data-element_type=\"widget\" data-widget_type=\"button.default\">\n\t\t\t\t<div class=\"elementor-widget-container\">\n\t\t\t\t\t\t\t\t\t<div class=\"elementor-button-wrapper\">\n\t\t\t\t\t<a class=\"elementor-button elementor-button-link elementor-size-sm\" href=\"https:\/\/forms.gle\/7kXsty1ug8EJ9jpC6\" target=\"_blank\">\n\t\t\t\t\t\t<span class=\"elementor-button-content-wrapper\">\n\t\t\t\t\t\t\t\t\t<span class=\"elementor-button-text\">Cadastro de professoes interessados em Laborat\u00f3rio de L\u00edngua Estrangeira<\/span>\n\t\t\t\t\t<\/span>\n\t\t\t\t\t<\/a>\n\t\t\t\t<\/div>\n\t\t\t\t\t\t\t\t<\/div>\n\t\t\t\t<\/div>\n\t\t\t\t<div class=\"elementor-element elementor-element-2d4fdb0 elementor-widget elementor-widget-button\" data-id=\"2d4fdb0\" data-element_type=\"widget\" data-widget_type=\"button.default\">\n\t\t\t\t<div class=\"elementor-widget-container\">\n\t\t\t\t\t\t\t\t\t<div class=\"elementor-button-wrapper\">\n\t\t\t\t\t<a class=\"elementor-button elementor-button-link elementor-size-sm\" href=\"https:\/\/drive.google.com\/file\/d\/1gkOBMr-C-sei7oWTLQtObQDlUTbjIdS1\/view?usp=sharing\" target=\"_blank\">\n\t\t\t\t\t\t<span class=\"elementor-button-content-wrapper\">\n\t\t\t\t\t\t\t\t\t<span class=\"elementor-button-text\">Portaria n\u00ba 1.133, de 22 de novembro de 2025<\/span>\n\t\t\t\t\t<\/span>\n\t\t\t\t\t<\/a>\n\t\t\t\t<\/div>\n\t\t\t\t\t\t\t\t<\/div>\n\t\t\t\t<\/div>\n\t\t\t\t<div class=\"elementor-element elementor-element-b8a56fb elementor-widget elementor-widget-button\" data-id=\"b8a56fb\" data-element_type=\"widget\" data-widget_type=\"button.default\">\n\t\t\t\t<div class=\"elementor-widget-container\">\n\t\t\t\t\t\t\t\t\t<div class=\"elementor-button-wrapper\">\n\t\t\t\t\t<a class=\"elementor-button elementor-button-link elementor-size-sm\" href=\"https:\/\/drive.google.com\/file\/d\/1vDfW8Q1GFIaLBgp07tZbdiSAd5TUqhza\/view?usp=sharing\" target=\"_blank\">\n\t\t\t\t\t\t<span class=\"elementor-button-content-wrapper\">\n\t\t\t\t\t\t\t\t\t<span class=\"elementor-button-text\">Portaria n\u00ba 1.132, de 26 de novembro de 2025<\/span>\n\t\t\t\t\t<\/span>\n\t\t\t\t\t<\/a>\n\t\t\t\t<\/div>\n\t\t\t\t\t\t\t\t<\/div>\n\t\t\t\t<\/div>\n\t\t\t\t\t<\/div>\n\t\t<\/div>\n\t\t\t\t\t<\/div>\n\t\t<\/section>\n\t\t\t\t<section class=\"elementor-section elementor-top-section elementor-element elementor-element-9a25669 elementor-section-boxed elementor-section-height-default elementor-section-height-default\" data-id=\"9a25669\" data-element_type=\"section\">\n\t\t\t\t\t\t<div class=\"elementor-container elementor-column-gap-default\">\n\t\t\t\t\t<div class=\"elementor-column elementor-col-100 elementor-top-column elementor-element elementor-element-5b2f23b\" data-id=\"5b2f23b\" data-element_type=\"column\">\n\t\t\t<div class=\"elementor-widget-wrap\">\n\t\t\t\t\t\t\t<\/div>\n\t\t<\/div>\n\t\t\t\t\t<\/div>\n\t\t<\/section>\n\t\t\t\t<\/div>\n\t\t","protected":false},"excerpt":{"rendered":"<p>Movimenta\u00e7\u00e3o Funcional 2025\/2026 Resultado da Classifica\u00e7\u00e3o dos professores de Educa\u00e7\u00e3o Infantil e Fundamental &#8211; 20 Horas Resultado da Classifica\u00e7\u00e3o dos professores de Educa\u00e7\u00e3o Infantil &#8211; 40 Horas Resultado da Classifica\u00e7\u00e3o dos professores de Arte &#8211; 20 horas Resultado da Classifica\u00e7\u00e3o dos professores de Educa\u00e7\u00e3o F\u00edsica &#8211; 20 horas Resultado da Classifica\u00e7\u00e3o dos professores interessados nas [&hellip;]<\/p>\n","protected":false},"author":7,"featured_media":0,"parent":842,"menu_order":0,"comment_status":"closed","ping_status":"closed","template":"","meta":{"ngg_post_thumbnail":0,"footnotes":""},"class_list":["post-5142","page","type-page","status-publish","hentry"],"yoast_head":"<!-- This site is optimized with the Yoast SEO plugin v24.4 - https:\/\/yoast.com\/wordpress\/plugins\/seo\/ -->\n<title>Movimenta\u00e7\u00e3o Funcional - Secretaria de Educa\u00e7\u00e3o e Cultura<\/title>\n<meta name=\"description\" content=\"Movimenta\u00e7\u00e3o Funcional\" \/>\n<meta name=\"robots\" content=\"index, follow, max-snippet:-1, max-image-preview:large, max-video-preview:-1\" \/>\n<link rel=\"canonical\" href=\"https:\/\/educacao.cambe.pr.gov.br\/index.php\/area-do-servidor\/movimentacao-funcional\/\" \/>\n<meta property=\"og:locale\" content=\"pt_BR\" \/>\n<meta property=\"og:type\" content=\"article\" \/>\n<meta property=\"og:title\" content=\"Movimenta\u00e7\u00e3o Funcional - Secretaria de Educa\u00e7\u00e3o e Cultura\" \/>\n<meta property=\"og:description\" content=\"Movimenta\u00e7\u00e3o Funcional\" \/>\n<meta property=\"og:url\" content=\"https:\/\/educacao.cambe.pr.gov.br\/index.php\/area-do-servidor\/movimentacao-funcional\/\" \/>\n<meta property=\"og:site_name\" content=\"Secretaria de Educa\u00e7\u00e3o e Cultura\" \/>\n<meta property=\"article:modified_time\" content=\"2025-12-18T13:25:48+00:00\" \/>\n<meta name=\"twitter:card\" content=\"summary_large_image\" \/>\n<meta name=\"twitter:label1\" content=\"Est. tempo de leitura\" \/>\n\t<meta name=\"twitter:data1\" content=\"1 minuto\" \/>\n<script type=\"application\/ld+json\" class=\"yoast-schema-graph\">{\"@context\":\"https:\/\/schema.org\",\"@graph\":[{\"@type\":\"WebPage\",\"@id\":\"https:\/\/educacao.cambe.pr.gov.br\/index.php\/area-do-servidor\/movimentacao-funcional\/\",\"url\":\"https:\/\/educacao.cambe.pr.gov.br\/index.php\/area-do-servidor\/movimentacao-funcional\/\",\"name\":\"Movimenta\u00e7\u00e3o Funcional - Secretaria de Educa\u00e7\u00e3o e Cultura\",\"isPartOf\":{\"@id\":\"https:\/\/educacao.cambe.pr.gov.br\/#website\"},\"datePublished\":\"2025-11-24T19:15:07+00:00\",\"dateModified\":\"2025-12-18T13:25:48+00:00\",\"description\":\"Movimenta\u00e7\u00e3o Funcional\",\"breadcrumb\":{\"@id\":\"https:\/\/educacao.cambe.pr.gov.br\/index.php\/area-do-servidor\/movimentacao-funcional\/#breadcrumb\"},\"inLanguage\":\"pt-BR\",\"potentialAction\":[{\"@type\":\"ReadAction\",\"target\":[\"https:\/\/educacao.cambe.pr.gov.br\/index.php\/area-do-servidor\/movimentacao-funcional\/\"]}]},{\"@type\":\"BreadcrumbList\",\"@id\":\"https:\/\/educacao.cambe.pr.gov.br\/index.php\/area-do-servidor\/movimentacao-funcional\/#breadcrumb\",\"itemListElement\":[{\"@type\":\"ListItem\",\"position\":1,\"name\":\"In\u00edcio\",\"item\":\"https:\/\/educacao.cambe.pr.gov.br\/\"},{\"@type\":\"ListItem\",\"position\":2,\"name\":\"\u00c1rea do Servidor\",\"item\":\"https:\/\/educacao.cambe.pr.gov.br\/index.php\/area-do-servidor\/\"},{\"@type\":\"ListItem\",\"position\":3,\"name\":\"Movimenta\u00e7\u00e3o Funcional\"}]},{\"@type\":\"WebSite\",\"@id\":\"https:\/\/educacao.cambe.pr.gov.br\/#website\",\"url\":\"https:\/\/educacao.cambe.pr.gov.br\/\",\"name\":\"Secretaria de Educa\u00e7\u00e3o e Cultura\",\"description\":\"Prefeitura de Camb\u00e9\",\"publisher\":{\"@id\":\"https:\/\/educacao.cambe.pr.gov.br\/#organization\"},\"potentialAction\":[{\"@type\":\"SearchAction\",\"target\":{\"@type\":\"EntryPoint\",\"urlTemplate\":\"https:\/\/educacao.cambe.pr.gov.br\/?s={search_term_string}\"},\"query-input\":{\"@type\":\"PropertyValueSpecification\",\"valueRequired\":true,\"valueName\":\"search_term_string\"}}],\"inLanguage\":\"pt-BR\"},{\"@type\":\"Organization\",\"@id\":\"https:\/\/educacao.cambe.pr.gov.br\/#organization\",\"name\":\"Secretaria de Educa\u00e7\u00e3o e Cultura\",\"url\":\"https:\/\/educacao.cambe.pr.gov.br\/\",\"logo\":{\"@type\":\"ImageObject\",\"inLanguage\":\"pt-BR\",\"@id\":\"https:\/\/educacao.cambe.pr.gov.br\/#\/schema\/logo\/image\/\",\"url\":\"https:\/\/educacao.cambe.pr.gov.br\/wp-content\/uploads\/2020\/08\/cambe_rural_brazao-pq.png\",\"contentUrl\":\"https:\/\/educacao.cambe.pr.gov.br\/wp-content\/uploads\/2020\/08\/cambe_rural_brazao-pq.png\",\"width\":150,\"height\":150,\"caption\":\"Secretaria de Educa\u00e7\u00e3o e Cultura\"},\"image\":{\"@id\":\"https:\/\/educacao.cambe.pr.gov.br\/#\/schema\/logo\/image\/\"}}]}<\/script>\n<!-- \/ Yoast SEO plugin. -->","yoast_head_json":{"title":"Movimenta\u00e7\u00e3o Funcional - Secretaria de Educa\u00e7\u00e3o e Cultura","description":"Movimenta\u00e7\u00e3o Funcional","robots":{"index":"index","follow":"follow","max-snippet":"max-snippet:-1","max-image-preview":"max-image-preview:large","max-video-preview":"max-video-preview:-1"},"canonical":"https:\/\/educacao.cambe.pr.gov.br\/index.php\/area-do-servidor\/movimentacao-funcional\/","og_locale":"pt_BR","og_type":"article","og_title":"Movimenta\u00e7\u00e3o Funcional - Secretaria de Educa\u00e7\u00e3o e Cultura","og_description":"Movimenta\u00e7\u00e3o Funcional","og_url":"https:\/\/educacao.cambe.pr.gov.br\/index.php\/area-do-servidor\/movimentacao-funcional\/","og_site_name":"Secretaria de Educa\u00e7\u00e3o e Cultura","article_modified_time":"2025-12-18T13:25:48+00:00","twitter_card":"summary_large_image","twitter_misc":{"Est. tempo de leitura":"1 minuto"},"schema":{"@context":"https:\/\/schema.org","@graph":[{"@type":"WebPage","@id":"https:\/\/educacao.cambe.pr.gov.br\/index.php\/area-do-servidor\/movimentacao-funcional\/","url":"https:\/\/educacao.cambe.pr.gov.br\/index.php\/area-do-servidor\/movimentacao-funcional\/","name":"Movimenta\u00e7\u00e3o Funcional - Secretaria de Educa\u00e7\u00e3o e Cultura","isPartOf":{"@id":"https:\/\/educacao.cambe.pr.gov.br\/#website"},"datePublished":"2025-11-24T19:15:07+00:00","dateModified":"2025-12-18T13:25:48+00:00","description":"Movimenta\u00e7\u00e3o Funcional","breadcrumb":{"@id":"https:\/\/educacao.cambe.pr.gov.br\/index.php\/area-do-servidor\/movimentacao-funcional\/#breadcrumb"},"inLanguage":"pt-BR","potentialAction":[{"@type":"ReadAction","target":["https:\/\/educacao.cambe.pr.gov.br\/index.php\/area-do-servidor\/movimentacao-funcional\/"]}]},{"@type":"BreadcrumbList","@id":"https:\/\/educacao.cambe.pr.gov.br\/index.php\/area-do-servidor\/movimentacao-funcional\/#breadcrumb","itemListElement":[{"@type":"ListItem","position":1,"name":"In\u00edcio","item":"https:\/\/educacao.cambe.pr.gov.br\/"},{"@type":"ListItem","position":2,"name":"\u00c1rea do Servidor","item":"https:\/\/educacao.cambe.pr.gov.br\/index.php\/area-do-servidor\/"},{"@type":"ListItem","position":3,"name":"Movimenta\u00e7\u00e3o Funcional"}]},{"@type":"WebSite","@id":"https:\/\/educacao.cambe.pr.gov.br\/#website","url":"https:\/\/educacao.cambe.pr.gov.br\/","name":"Secretaria de Educa\u00e7\u00e3o e Cultura","description":"Prefeitura de Camb\u00e9","publisher":{"@id":"https:\/\/educacao.cambe.pr.gov.br\/#organization"},"potentialAction":[{"@type":"SearchAction","target":{"@type":"EntryPoint","urlTemplate":"https:\/\/educacao.cambe.pr.gov.br\/?s={search_term_string}"},"query-input":{"@type":"PropertyValueSpecification","valueRequired":true,"valueName":"search_term_string"}}],"inLanguage":"pt-BR"},{"@type":"Organization","@id":"https:\/\/educacao.cambe.pr.gov.br\/#organization","name":"Secretaria de Educa\u00e7\u00e3o e Cultura","url":"https:\/\/educacao.cambe.pr.gov.br\/","logo":{"@type":"ImageObject","inLanguage":"pt-BR","@id":"https:\/\/educacao.cambe.pr.gov.br\/#\/schema\/logo\/image\/","url":"https:\/\/educacao.cambe.pr.gov.br\/wp-content\/uploads\/2020\/08\/cambe_rural_brazao-pq.png","contentUrl":"https:\/\/educacao.cambe.pr.gov.br\/wp-content\/uploads\/2020\/08\/cambe_rural_brazao-pq.png","width":150,"height":150,"caption":"Secretaria de Educa\u00e7\u00e3o e Cultura"},"image":{"@id":"https:\/\/educacao.cambe.pr.gov.br\/#\/schema\/logo\/image\/"}}]}},"_links":{"self":[{"href":"https:\/\/educacao.cambe.pr.gov.br\/index.php\/wp-json\/wp\/v2\/pages\/5142","targetHints":{"allow":["GET"]}}],"collection":[{"href":"https:\/\/educacao.cambe.pr.gov.br\/index.php\/wp-json\/wp\/v2\/pages"}],"about":[{"href":"https:\/\/educacao.cambe.pr.gov.br\/index.php\/wp-json\/wp\/v2\/types\/page"}],"author":[{"embeddable":true,"href":"https:\/\/educacao.cambe.pr.gov.br\/index.php\/wp-json\/wp\/v2\/users\/7"}],"replies":[{"embeddable":true,"href":"https:\/\/educacao.cambe.pr.gov.br\/index.php\/wp-json\/wp\/v2\/comments?post=5142"}],"version-history":[{"count":41,"href":"https:\/\/educacao.cambe.pr.gov.br\/index.php\/wp-json\/wp\/v2\/pages\/5142\/revisions"}],"predecessor-version":[{"id":5230,"href":"https:\/\/educacao.cambe.pr.gov.br\/index.php\/wp-json\/wp\/v2\/pages\/5142\/revisions\/5230"}],"up":[{"embeddable":true,"href":"https:\/\/educacao.cambe.pr.gov.br\/index.php\/wp-json\/wp\/v2\/pages\/842"}],"wp:attachment":[{"href":"https:\/\/educacao.cambe.pr.gov.br\/index.php\/wp-json\/wp\/v2\/media?parent=5142"}],"curies":[{"name":"wp","href":"https:\/\/api.w.org\/{rel}","templated":true}]}}