{"id":4969,"date":"2025-09-12T16:08:16","date_gmt":"2025-09-12T19:08:16","guid":{"rendered":"https:\/\/educacao.cambe.pr.gov.br\/?page_id=4969"},"modified":"2025-09-16T11:16:11","modified_gmt":"2025-09-16T14:16:11","slug":"unidades-escolares-enderecos-e-telefones-copy","status":"publish","type":"page","link":"https:\/\/educacao.cambe.pr.gov.br\/index.php\/unidades-escolares-enderecos-e-telefones-copy\/","title":{"rendered":"Unidades escolares &#8211; endere\u00e7os e telefones"},"content":{"rendered":"\t\t<div data-elementor-type=\"wp-page\" data-elementor-id=\"4969\" class=\"elementor elementor-4969\">\n\t\t\t\t\t\t<section class=\"elementor-section elementor-top-section elementor-element elementor-element-014c826 elementor-section-full_width elementor-section-height-default elementor-section-height-default\" data-id=\"014c826\" data-element_type=\"section\">\n\t\t\t\t\t\t<div class=\"elementor-container elementor-column-gap-default\">\n\t\t\t\t\t<div class=\"elementor-column elementor-col-100 elementor-top-column elementor-element elementor-element-f5c5deb\" data-id=\"f5c5deb\" data-element_type=\"column\">\n\t\t\t<div class=\"elementor-widget-wrap elementor-element-populated\">\n\t\t\t\t\t\t<div class=\"elementor-element elementor-element-0d96bf9 elementor-widget elementor-widget-eael-advanced-data-table\" data-id=\"0d96bf9\" data-element_type=\"widget\" data-widget_type=\"eael-advanced-data-table.default\">\n\t\t\t\t<div class=\"elementor-widget-container\">\n\t\t\t\t\t<div class=\"ea-advanced-data-table-wrap\" data-id=\"0d96bf9\"><div class=\"ea-advanced-data-table-search-wrap ea-advanced-data-table-search-right\"><input type=\"search\" placeholder=\"Pesquisar\" class=\"ea-advanced-data-table-search\"><\/div><div class=\"ea-advanced-data-table-wrap-inner\">\n                <table class=\"ea-advanced-data-table ea-advanced-data-table-static ea-advanced-data-table-0d96bf9 ea-advanced-data-table-sortable ea-advanced-data-table-paginated ea-advanced-data-table-searchable\" data-id=\"0d96bf9\" data-items-per-page=\"10\"><tbody><tr><td><\/td><td>UNIDADE ESCOLAR<\/td><td>ENDERE\u00c7O<\/td><td>TELEFONE NOVO<\/td><td>E-MAIL<\/td><td>DIRETOR<\/td><\/tr><tr><td>1<\/td><td>CMEI. A SEMENTINHA<\/td><td>RUA FRANCISCO XAVIER DA SILVA, 389 - JD. BAND. - CEP: 86188-040<\/td><td> 3174-9330<\/td><td>cmei.asementinha@cambe.pr.gov.br<\/td><td>SILVANA APARECIDA GARCIA LIUTI<\/td><\/tr><tr><td>2<\/td><td>CMEI. AM\u00c1BILE FERRO BOSCOLO<\/td><td>RUA 03 PODERES, 204, JD. ALVORADA, CEP: 86191-020<\/td><td> 3174-9303<\/td><td>cmei.amabileboscolo@cambe.pr.gov.br<\/td><td>CARLA DANIELA MARTINI DANTE<\/td><\/tr><tr><td>3<\/td><td>CMEI. ANT\u00d4NIO DE OLIVEIRA GERALDO<\/td><td>RUA CURITIBA, 1255, JD. TUPI - CEP: 86182-470<\/td><td> 3174-2692<\/td><td>cmei.antoniogeraldo@cambe.pr.gov.br<\/td><td>ARIANE GUGLIEMI<\/td><\/tr><tr><td>4<\/td><td>CMEI. AQUARELA<\/td><td>RUA JOS\u00c9 GOMES, 25 - PQ. RES. ANA ROSA - CEP: 86183-640<\/td><td> 3174-2888<\/td><td>cmei.aquarela@cambe.pr.gov.br<\/td><td>TALITA DE LIMA GARCIA GOMES<\/td><\/tr><tr><td>5<\/td><td>CMEI. BAL\u00c3O M\u00c1GICO<\/td><td>RUA REP\u00daBLICA, 203 - JD. ALVORADA - CEP: 86191-060<\/td><td> 3174-9304<\/td><td>cmei.balaomagico@cambe.pr.gov.br<\/td><td>SANDRA MASCARENHAS A. HOMENHUKI<\/td><\/tr><tr><td>6<\/td><td>CMEI. BEATO ANTONIO FREDERICO OZANAM<\/td><td>RUA MONTE CRISTO, 100, JD. CAMPOS VERDES \u2013 CEP:86188-760<\/td><td> 3174-9326<\/td><td>cmei.beatoozanam@cambe.pr.gov.br<\/td><td>MARILENE DE F\u00c1TIMA FERNANDES<\/td><\/tr><tr><td>7<\/td><td>CMEI. DR. DAISAKU IKEDA<\/td><td>AV. CANAD\u00c1, 417 - CENTRO - CEP: 86181-070<\/td><td> 3174-2899<\/td><td>cmei.dr.daisakuikeda@cambe.pr.gov.br<\/td><td>LITIANE GUIMAR\u00c3ES MOSCA<\/td><\/tr><tr><td>8<\/td><td>CMEI. EUFRAUZINA MINERVINA DE JESUS<\/td><td>RUA LONDRINA, 1576 - JD. GLEBA CAFEZAL \u2013 86187-470<\/td><td> 3174-9338<\/td><td>cmei.eufrauzinamdejesus@cambe.pr.gov.br<\/td><td>ADRIANA ROSE SIENI<\/td><\/tr><tr><td>9<\/td><td>CMEI. HUGO GON\u00c7ALVES<\/td><td>RUA OSVALDO FORISTIERI, 31 - CJ.H. ANTONIO E. CASAROTO - CEP: 86181-609<\/td><td> 3174-2698<\/td><td>cmei.hugogoncalves@cambe.pr.gov.br<\/td><td>TATIANA DA FONSECA BERNARDI CARDOSO<\/td><\/tr><tr><td>10<\/td><td>CMEI. HUGO SIMAS<\/td><td>AV. ESPERAN\u00c7A, 3501, ,CEP:86186-260<\/td><td> 3174-2749<\/td><td>cmei.hugosimas@cambe.pr.gov.br<\/td><td>VANIA APARECIDA DE SOUZA LIMEIRA<\/td><\/tr><tr><td>11 <\/td><td>CMEI. IGNEZ RODRIGUES BERGAMASCHI<\/td><td>RUA POMP\u00c9IA, 221, JD. S\u00c3O PAULO, CEP: 86191-710<\/td><td> 3174-9327<\/td><td>cmei.ignezrodrigues@cambe.pr.gov.br<\/td><td>CRISTIANE DE MENEZES<\/td><\/tr><tr><td>12<\/td><td>CMEI. IRM\u00c3 DULCE<\/td><td>RUA ANT\u00d4NIO RODRIGUES ARZ\u00c3O, 501, JD. RIVIERA, CEP: 86187-060<\/td><td> 3174-9333<\/td><td>cmei.irmadulce@cambe.pr.gov.br<\/td><td>CAMILA BERGER DE PAULA<\/td><\/tr><tr><td>13<\/td><td>CMEI. JAMILE AIUB HAULY<\/td><td>RUA TOMAZ ANTONIO GONZAGA, 255, PQ. RES. MANELLA, CEP: 86185-330<\/td><td> 3174-9311<\/td><td>cmei.jamilehauly@cambe.pr.gov.br<\/td><td>LUANA CAROLINE XAVIER FIGUEIREDO<\/td><\/tr><tr><td>14<\/td><td>CMEI. JOANA BENADUCCI MARTIN<\/td><td>RUA LONDRINA, 1500, JD. GLEBA CAFEZAL \u2013 86187-470<\/td><td> 3174-2750<\/td><td>cmei.joanabenaducci@cambe.pr.gov.br<\/td><td>ANGELA MARIA DE PAULA GOLONO<\/td><\/tr><tr><td>15<\/td><td>CMEI. JOS\u00c9 SEST\u00c1RIO<\/td><td>RUA APUCARANA, 146, JD. ANA ELIZA, CEP: 86187-440<\/td><td> 3174-9334<\/td><td>cmei.josesestario@cambe.pr.gov.br<\/td><td>TAIS GABRIELA PIAZENTIN<\/td><\/tr><tr><td>16<\/td><td>CMEI. MADRE TEREZA DE CALCUT\u00c1<\/td><td>RUA ZACARIAS DE GO\u00c9S E VASCONCELOS, 408, JD. SILVINO, CEP: 86188-030<\/td><td> 3174-9331<\/td><td>cmei.mtereza@cambe.pr.gov.br<\/td><td>MONICA GABRIELA DA COSTA<\/td><\/tr><tr><td>17<\/td><td>CMEI. MARIA DAS VIRGENS FALC\u00c3O<\/td><td>RUA ROMANOS, 03 - JD. PANOR\u00c2MICO - CEP: 86184-080<\/td><td> 3174-2697<\/td><td>cmei.mariadasvirgens@cambe.pr.gov.br<\/td><td>PAULA CRISTINA RODRIGUES M. DELGADO<\/td><\/tr><tr><td>18<\/td><td>CMEI. MARIA MAGDALENA CARVALHO CORREIA<\/td><td>RUA RECIFE, 200, VL. SALOM\u00c9, CEP: 86192-060<\/td><td> 3174-2799<\/td><td>cmei.mariacorrea@cambe.pr.gov.br<\/td><td>ELAINE CRISTINA OKIMOTO R. DE QUEIROZ<\/td><\/tr><tr><td>19<\/td><td>CMEI. MUNHOZ ZERBETTO<\/td><td>RUA MANOEL MARQUES CERVANTES, 466 - JD. IMPERATRIZ - CEP: 86183-345<\/td><td> 3174-9300<\/td><td>cmei.munhozzerbetto@cambe.pr.gov.br<\/td><td>PATR\u00cdCIA SALLES ROCHA BONFIM<\/td><\/tr><tr><td>20<\/td><td>CMEI. NELSON FLOR\u00caNCIO PIZAIA<\/td><td>RUA ANTONIO RAPOSO TAVARES, 1300 - JD. ANA ELIZA - CEP: 86187-090<\/td><td> 3174-9335<\/td><td>cmei.nelsonpizaia@cambe.pr.gov.br<\/td><td>REBECA DA SILVA CARRASCOZA<\/td><\/tr><tr><td>21<\/td><td>CMEI. PADRE JOS\u00c9 LUIS NIETO OCHOA DE OCARIZ<\/td><td>RUA RIO TIET\u00ca, 781 - JD. SANTO ANDR\u00c9 - CEP: 86185-150<\/td><td> 3174-2751<\/td><td>cmei.joseluisnieto@cambe.pr.gov.br<\/td><td>ELIZABETH PEREIRA RODRIGUES<\/td><\/tr><tr><td>22<\/td><td>CMEI. PASQUINA ROMAGNOLO JACOMEL<\/td><td>RUA CURITIBA, 929, VL. MESQUITA, CEP: 86182-470<\/td><td> 3174-9301<\/td><td>cmei.pasquinajacomel@cambe.pr.gov.br<\/td><td>BRUNA F. DIAS GON\u00c7. VERLINGUE HENRIQUE<\/td><\/tr><tr><td>23<\/td><td>CMEI. PREFEITO ARCHIMEDES CLIM\u00c9RIO MOZER<\/td><td>RUA GRACIOSA BURATTI, 103 - JD. JOS\u00c9 F\u00c1VARO - CEP: 86183-610<\/td><td> 3174-2695<\/td><td>cmei.archimedesclimerio@cambe.pr.gov.br<\/td><td>GEIZA RODRIGUES DE MELO SUZUKI<\/td><\/tr><tr><td>24<\/td><td>CMEI. PREFEITO EUSTACHIO SELLMANN<\/td><td>RUA ANTONIO RODRIGUES, 14 - JD. NOVO BANDEIRANTES - CEP: 86188-140<\/td><td> 3174-2752<\/td><td>cmei.eustachiosellmann@cambe.pr.gov.br<\/td><td>LOHAINE MAGALH\u00c3ES FERREIRA DE BRITO<\/td><\/tr><tr><td>25<\/td><td>CMEI. ROSA RAMINELLI DE OLIVEIRA<\/td><td>RUA NAGIB RACY, 55 - PQ. RES. ANA ROSA - CEP: 86183-700<\/td><td> 3174-2896<\/td><td>cmei.rosaraminelli@cambe.pr.gov.br<\/td><td>HELENA FERNANDES DOS S. DE OLIVEIRA<\/td><\/tr><tr><td>26<\/td><td>CMEI. WALDOMIRO MOREIRA GOMES<\/td><td>RUA FRANCISCO MARQUES MENDON\u00c7A, 38 - JD. ST\u00aa L\u00daCIA - CEP: 86180-000<\/td><td> 3174-9307<\/td><td>cmei.waldomiromoreira@cambe.pr.gov.br<\/td><td>N\u00c1DIA VANESSA DE SANTA ESTEVAM<\/td><\/tr><tr><td>27<\/td><td>CMEI. ZILDA ARNS NEUMANN<\/td><td>RUA RIO TIET\u00ca, 830 - JD. SANTO ANDR\u00c9 - CEP: 86185-150<\/td><td> 3174-9312<\/td><td>cmei.zildaarns@cambe.pr.gov.br<\/td><td>J\u00c9SSICA LORRAINA DA SILVA GAMBARO<\/td><\/tr><tr><td>28<\/td><td>E.M. ALVORADA<\/td><td>RUA DA INDEPEND\u00caNCIA, 186 - JD. ALVORADA - CEP: 86191-040<\/td><td> 3174-9305<\/td><td>escola.alvorada@cambe.pr.gov.br<\/td><td>JANAINA GRASIELE DUARTE BUGHI<\/td><\/tr><tr><td>29<\/td><td>E.M. CEC\u00cdLIA MEIRELES - CAIC<\/td><td>RUA LONDRINA, 1426 - JD. GLEBA CAFEZAL - CEP: 86187-470<\/td><td> 3174-9339<\/td><td>escola.ceciliameireles@cambe.pr.gov.br<\/td><td>ANA CARLA DA SILVA<\/td><\/tr><tr><td>30<\/td><td>E.M. IRM\u00c3 HILDA SOARES<\/td><td>RUA MATEUS LEME, 919 - JD. NOVO BANDEIRANTES \u2013 86188-020<\/td><td> 3174-9328<\/td><td>escola.hildasoares@cambe.pr.gov.br<\/td><td>MICELI DE MELO BERNARDI CAROCIA<\/td><\/tr><tr><td>31<\/td><td>E.M. JD. SANTA ISABEL<\/td><td>Rua RIO GRANDE DO NORTE, 20, - CEP: 86181-200<\/td><td> 3174-9306<\/td><td>escola.santaisabel@cambe.pr.gov.br<\/td><td>JOSIELI DINIZ DA SILVA RICHIERI<\/td><\/tr><tr><td>32<\/td><td>E.M. OLAVO SOARES BARROS<\/td><td>RUA GRACIOSA BURATTI, 407 - JD. JOS\u00c9 FAVARO - CEP: 86183-610<\/td><td> 3174-2897<\/td><td>escola.olavosoares@cambe.pr.gov.br<\/td><td>CARLA SIMONE PEQUITO<\/td><\/tr><tr><td>33<\/td><td>E.M. Pe. JOS\u00c9 DE ANCHIETA<\/td><td>RUA TABAJARAS, 146 - JD. TUPI - CEP: 86183-030<\/td><td> 3174-9302<\/td><td>escola.pe.josedeanchieta@cambe.pr.gov.br<\/td><td>MILENA ST\u00c1BILE MOURA DE ANDRADE<\/td><\/tr><tr><td>34<\/td><td>E.M. Pe. SYMPHORIANO KOPF<\/td><td>RUA RIO IGUA\u00c7U, 455 - JD. SANTO AMARO - CEP: 86185-090<\/td><td> 3174-9313<\/td><td>escola.pe.symphorianokopf@cambe.pr.gov.br<\/td><td>ERALDO PEDRO DA SILVA<\/td><\/tr><tr><td>35<\/td><td>E.M. PEDRO TKOTZ<\/td><td>RUA MARECHAL CANDIDO RONDON, 187 - PQ. MANELA - CEP: 86185-400<\/td><td> 3174-9314<\/td><td>escola.pedrotkotz@cambe.pr.gov.br<\/td><td>JULIANA CRISTINA FERREIRA<\/td><\/tr><tr><td>36<\/td><td>E.M. PROF. JAC\u00cdDIO CORREIA<\/td><td>RUA BAR\u00c3O DO RIO BRANCO, 255 - CENTRO - CEP: 86191-280<\/td><td> 3174-9308<\/td><td>escola.jacidiocorreia@cambe.pr.gov.br<\/td><td>ROSEMARY DOS SANTOS RODRIGUES<\/td><\/tr><tr><td>37<\/td><td>E.M. PROF.\u00aa CONSOLACI\u00d3N MONTES HERNANDEZ<\/td><td>RUA BORTOLO LONI, 35 - 86184-320 - JD. VIT\u00d3RIA - CEP: 86184-320<\/td><td> 3174-9309<\/td><td>escola.cmonteshernandez@cambe.pr.gov.br<\/td><td>T\u00c2NIA CRISTINA LOPES MOZER<\/td><\/tr><tr><td>38<\/td><td>E.M. PROF.\u00aa IZAURA FERREIRA NEVES<\/td><td>AV. PATROC\u00cdNIO BRAND\u00c3O MACHADO, 196 - CJ. H. PIONEIROS - CEP: 86182-610<\/td><td> 3174-9310<\/td><td>escola.profizaurafneves@cambe.pr.gov.br<\/td><td>ANDREIA MORALLI<\/td><\/tr><tr><td>39<\/td><td>E.M. PROF.\u00aa LOURDES GOBI RODRIGUES<\/td><td>RUA FRANCISCO LOPES HERNANDES, 432 - PQ. RES. ANA ROSA \u2013 86183-510<\/td><td> 3174-2898<\/td><td>escola.prof.lourdesgobi@cambe.pr.gov.br<\/td><td>RENATA MARIA SAMPAIO CIR\u00cdACO RAMOS<\/td><\/tr><tr><td>40<\/td><td>E.M. PROF.\u00aa MARIA ROSA TREVISAN GALHASCE<\/td><td>RUA SOROCABA, 372 - JD. S\u00c3O PAULO \u2013 86191-560<\/td><td> 3174-9329<\/td><td>escola.mrtrevisan@cambe.pr.gov.br<\/td><td>RAFAEL ASSAD ARANDA<\/td><\/tr><tr><td>41<\/td><td>E.M. ROBERTO CONCEI\u00c7\u00c3O<\/td><td>RUA GUA\u00cdRA, 91 - JD. ANA ELIZA III \u2013 86188-520<\/td><td> 3174-9332<\/td><td>escola.robertoconceicao@cambe.pr.gov.br<\/td><td>VANESSA JULIO ROCHA<\/td><\/tr><tr><td>42<\/td><td>E.M. SANTOS DUMONT<\/td><td>RUA SILVIO TROVA, 32 - JD. RIVIERA - CEP: 86187-330<\/td><td> 3174-9336<\/td><td>escola.santosdumont@cambe.pr.gov.br<\/td><td>ANDRESA STRASSACAPA SOARES GOMES<\/td><\/tr><tr><td>43<\/td><td>E.R.M. ANA ZICHACK MAZZEI<\/td><td>AGRICULTORES, S\/N<\/td><td> 3174-2758<\/td><td>escola.anazmazzei@cambe.pr.gov.br<\/td><td>EDUARDO ASSUEIRO TIMOTEO SILVA<\/td><\/tr><tr><td>44<\/td><td>E.R.M. DOM PEDRO II<\/td><td>ESTRADA DA PRATA, KM 09 - CEP: 86180-000<\/td><td> 3174-2606<\/td><td>escola.d.pedro2@cambe.pr.gov.br<\/td><td>CRISTIANE APARECIDA DA SILVA LE\u00c3O<\/td><\/tr><tr><td><\/td><\/tr><\/tbody><\/table>\n            <\/div><div class=\"ea-advanced-data-table-pagination ea-advanced-data-table-pagination-button clearfix\"><\/div><\/div>\t\t\t\t<\/div>\n\t\t\t\t<\/div>\n\t\t\t\t\t<\/div>\n\t\t<\/div>\n\t\t\t\t\t<\/div>\n\t\t<\/section>\n\t\t\t\t<\/div>\n\t\t","protected":false},"excerpt":{"rendered":"<p>&nbsp; UNIDADE ESCOLAR ENDERE\u00c7O TELEFONE NOVO E-MAIL DIRETOR 1 CMEI. A SEMENTINHA RUA FRANCISCO XAVIER DA SILVA, 389 &#8211; JD. BAND. &#8211; CEP: 86188-040 3174-9330 cmei.asementinha@cambe.pr.gov.br SILVANA APARECIDA GARCIA LIUTI 2 CMEI. AM\u00c1BILE FERRO BOSCOLO RUA 03 PODERES, 204, JD. ALVORADA, CEP: 86191-020 3174-9303 cmei.amabileboscolo@cambe.pr.gov.br CARLA DANIELA MARTINI DANTE 3 CMEI. ANT\u00d4NIO DE OLIVEIRA GERALDO [&hellip;]<\/p>\n","protected":false},"author":7,"featured_media":0,"parent":0,"menu_order":0,"comment_status":"closed","ping_status":"closed","template":"","meta":{"ngg_post_thumbnail":0,"footnotes":""},"class_list":["post-4969","page","type-page","status-publish","hentry"],"yoast_head":"<!-- This site is optimized with the Yoast SEO plugin v24.4 - https:\/\/yoast.com\/wordpress\/plugins\/seo\/ -->\n<title>Unidades escolares - endere\u00e7os e telefones - Secretaria de Educa\u00e7\u00e3o e Cultura<\/title>\n<meta name=\"robots\" content=\"index, follow, max-snippet:-1, max-image-preview:large, max-video-preview:-1\" \/>\n<link rel=\"canonical\" href=\"https:\/\/educacao.cambe.pr.gov.br\/index.php\/unidades-escolares-enderecos-e-telefones-copy\/\" \/>\n<meta property=\"og:locale\" content=\"pt_BR\" \/>\n<meta property=\"og:type\" content=\"article\" \/>\n<meta property=\"og:title\" content=\"Unidades escolares - endere\u00e7os e telefones - Secretaria de Educa\u00e7\u00e3o e Cultura\" \/>\n<meta property=\"og:description\" content=\"&nbsp; UNIDADE ESCOLAR ENDERE\u00c7O TELEFONE NOVO E-MAIL DIRETOR 1 CMEI. A SEMENTINHA RUA FRANCISCO XAVIER DA SILVA, 389 &#8211; JD. BAND. &#8211; CEP: 86188-040 3174-9330 cmei.asementinha@cambe.pr.gov.br SILVANA APARECIDA GARCIA LIUTI 2 CMEI. AM\u00c1BILE FERRO BOSCOLO RUA 03 PODERES, 204, JD. ALVORADA, CEP: 86191-020 3174-9303 cmei.amabileboscolo@cambe.pr.gov.br CARLA DANIELA MARTINI DANTE 3 CMEI. ANT\u00d4NIO DE OLIVEIRA GERALDO [&hellip;]\" \/>\n<meta property=\"og:url\" content=\"https:\/\/educacao.cambe.pr.gov.br\/index.php\/unidades-escolares-enderecos-e-telefones-copy\/\" \/>\n<meta property=\"og:site_name\" content=\"Secretaria de Educa\u00e7\u00e3o e Cultura\" \/>\n<meta property=\"article:modified_time\" content=\"2025-09-16T14:16:11+00:00\" \/>\n<meta name=\"twitter:card\" content=\"summary_large_image\" \/>\n<meta name=\"twitter:label1\" content=\"Est. tempo de leitura\" \/>\n\t<meta name=\"twitter:data1\" content=\"5 minutos\" \/>\n<script type=\"application\/ld+json\" class=\"yoast-schema-graph\">{\"@context\":\"https:\/\/schema.org\",\"@graph\":[{\"@type\":\"WebPage\",\"@id\":\"https:\/\/educacao.cambe.pr.gov.br\/index.php\/unidades-escolares-enderecos-e-telefones-copy\/\",\"url\":\"https:\/\/educacao.cambe.pr.gov.br\/index.php\/unidades-escolares-enderecos-e-telefones-copy\/\",\"name\":\"Unidades escolares - endere\u00e7os e telefones - Secretaria de Educa\u00e7\u00e3o e Cultura\",\"isPartOf\":{\"@id\":\"https:\/\/educacao.cambe.pr.gov.br\/#website\"},\"datePublished\":\"2025-09-12T19:08:16+00:00\",\"dateModified\":\"2025-09-16T14:16:11+00:00\",\"breadcrumb\":{\"@id\":\"https:\/\/educacao.cambe.pr.gov.br\/index.php\/unidades-escolares-enderecos-e-telefones-copy\/#breadcrumb\"},\"inLanguage\":\"pt-BR\",\"potentialAction\":[{\"@type\":\"ReadAction\",\"target\":[\"https:\/\/educacao.cambe.pr.gov.br\/index.php\/unidades-escolares-enderecos-e-telefones-copy\/\"]}]},{\"@type\":\"BreadcrumbList\",\"@id\":\"https:\/\/educacao.cambe.pr.gov.br\/index.php\/unidades-escolares-enderecos-e-telefones-copy\/#breadcrumb\",\"itemListElement\":[{\"@type\":\"ListItem\",\"position\":1,\"name\":\"In\u00edcio\",\"item\":\"https:\/\/educacao.cambe.pr.gov.br\/\"},{\"@type\":\"ListItem\",\"position\":2,\"name\":\"Unidades escolares &#8211; endere\u00e7os e telefones\"}]},{\"@type\":\"WebSite\",\"@id\":\"https:\/\/educacao.cambe.pr.gov.br\/#website\",\"url\":\"https:\/\/educacao.cambe.pr.gov.br\/\",\"name\":\"Secretaria de Educa\u00e7\u00e3o e Cultura\",\"description\":\"Prefeitura de Camb\u00e9\",\"publisher\":{\"@id\":\"https:\/\/educacao.cambe.pr.gov.br\/#organization\"},\"potentialAction\":[{\"@type\":\"SearchAction\",\"target\":{\"@type\":\"EntryPoint\",\"urlTemplate\":\"https:\/\/educacao.cambe.pr.gov.br\/?s={search_term_string}\"},\"query-input\":{\"@type\":\"PropertyValueSpecification\",\"valueRequired\":true,\"valueName\":\"search_term_string\"}}],\"inLanguage\":\"pt-BR\"},{\"@type\":\"Organization\",\"@id\":\"https:\/\/educacao.cambe.pr.gov.br\/#organization\",\"name\":\"Secretaria de Educa\u00e7\u00e3o e Cultura\",\"url\":\"https:\/\/educacao.cambe.pr.gov.br\/\",\"logo\":{\"@type\":\"ImageObject\",\"inLanguage\":\"pt-BR\",\"@id\":\"https:\/\/educacao.cambe.pr.gov.br\/#\/schema\/logo\/image\/\",\"url\":\"https:\/\/educacao.cambe.pr.gov.br\/wp-content\/uploads\/2020\/08\/cambe_rural_brazao-pq.png\",\"contentUrl\":\"https:\/\/educacao.cambe.pr.gov.br\/wp-content\/uploads\/2020\/08\/cambe_rural_brazao-pq.png\",\"width\":150,\"height\":150,\"caption\":\"Secretaria de Educa\u00e7\u00e3o e Cultura\"},\"image\":{\"@id\":\"https:\/\/educacao.cambe.pr.gov.br\/#\/schema\/logo\/image\/\"}}]}<\/script>\n<!-- \/ Yoast SEO plugin. -->","yoast_head_json":{"title":"Unidades escolares - endere\u00e7os e telefones - Secretaria de Educa\u00e7\u00e3o e Cultura","robots":{"index":"index","follow":"follow","max-snippet":"max-snippet:-1","max-image-preview":"max-image-preview:large","max-video-preview":"max-video-preview:-1"},"canonical":"https:\/\/educacao.cambe.pr.gov.br\/index.php\/unidades-escolares-enderecos-e-telefones-copy\/","og_locale":"pt_BR","og_type":"article","og_title":"Unidades escolares - endere\u00e7os e telefones - Secretaria de Educa\u00e7\u00e3o e Cultura","og_description":"&nbsp; UNIDADE ESCOLAR ENDERE\u00c7O TELEFONE NOVO E-MAIL DIRETOR 1 CMEI. A SEMENTINHA RUA FRANCISCO XAVIER DA SILVA, 389 &#8211; JD. BAND. &#8211; CEP: 86188-040 3174-9330 cmei.asementinha@cambe.pr.gov.br SILVANA APARECIDA GARCIA LIUTI 2 CMEI. AM\u00c1BILE FERRO BOSCOLO RUA 03 PODERES, 204, JD. ALVORADA, CEP: 86191-020 3174-9303 cmei.amabileboscolo@cambe.pr.gov.br CARLA DANIELA MARTINI DANTE 3 CMEI. ANT\u00d4NIO DE OLIVEIRA GERALDO [&hellip;]","og_url":"https:\/\/educacao.cambe.pr.gov.br\/index.php\/unidades-escolares-enderecos-e-telefones-copy\/","og_site_name":"Secretaria de Educa\u00e7\u00e3o e Cultura","article_modified_time":"2025-09-16T14:16:11+00:00","twitter_card":"summary_large_image","twitter_misc":{"Est. tempo de leitura":"5 minutos"},"schema":{"@context":"https:\/\/schema.org","@graph":[{"@type":"WebPage","@id":"https:\/\/educacao.cambe.pr.gov.br\/index.php\/unidades-escolares-enderecos-e-telefones-copy\/","url":"https:\/\/educacao.cambe.pr.gov.br\/index.php\/unidades-escolares-enderecos-e-telefones-copy\/","name":"Unidades escolares - endere\u00e7os e telefones - Secretaria de Educa\u00e7\u00e3o e Cultura","isPartOf":{"@id":"https:\/\/educacao.cambe.pr.gov.br\/#website"},"datePublished":"2025-09-12T19:08:16+00:00","dateModified":"2025-09-16T14:16:11+00:00","breadcrumb":{"@id":"https:\/\/educacao.cambe.pr.gov.br\/index.php\/unidades-escolares-enderecos-e-telefones-copy\/#breadcrumb"},"inLanguage":"pt-BR","potentialAction":[{"@type":"ReadAction","target":["https:\/\/educacao.cambe.pr.gov.br\/index.php\/unidades-escolares-enderecos-e-telefones-copy\/"]}]},{"@type":"BreadcrumbList","@id":"https:\/\/educacao.cambe.pr.gov.br\/index.php\/unidades-escolares-enderecos-e-telefones-copy\/#breadcrumb","itemListElement":[{"@type":"ListItem","position":1,"name":"In\u00edcio","item":"https:\/\/educacao.cambe.pr.gov.br\/"},{"@type":"ListItem","position":2,"name":"Unidades escolares &#8211; endere\u00e7os e telefones"}]},{"@type":"WebSite","@id":"https:\/\/educacao.cambe.pr.gov.br\/#website","url":"https:\/\/educacao.cambe.pr.gov.br\/","name":"Secretaria de Educa\u00e7\u00e3o e Cultura","description":"Prefeitura de Camb\u00e9","publisher":{"@id":"https:\/\/educacao.cambe.pr.gov.br\/#organization"},"potentialAction":[{"@type":"SearchAction","target":{"@type":"EntryPoint","urlTemplate":"https:\/\/educacao.cambe.pr.gov.br\/?s={search_term_string}"},"query-input":{"@type":"PropertyValueSpecification","valueRequired":true,"valueName":"search_term_string"}}],"inLanguage":"pt-BR"},{"@type":"Organization","@id":"https:\/\/educacao.cambe.pr.gov.br\/#organization","name":"Secretaria de Educa\u00e7\u00e3o e Cultura","url":"https:\/\/educacao.cambe.pr.gov.br\/","logo":{"@type":"ImageObject","inLanguage":"pt-BR","@id":"https:\/\/educacao.cambe.pr.gov.br\/#\/schema\/logo\/image\/","url":"https:\/\/educacao.cambe.pr.gov.br\/wp-content\/uploads\/2020\/08\/cambe_rural_brazao-pq.png","contentUrl":"https:\/\/educacao.cambe.pr.gov.br\/wp-content\/uploads\/2020\/08\/cambe_rural_brazao-pq.png","width":150,"height":150,"caption":"Secretaria de Educa\u00e7\u00e3o e Cultura"},"image":{"@id":"https:\/\/educacao.cambe.pr.gov.br\/#\/schema\/logo\/image\/"}}]}},"_links":{"self":[{"href":"https:\/\/educacao.cambe.pr.gov.br\/index.php\/wp-json\/wp\/v2\/pages\/4969","targetHints":{"allow":["GET"]}}],"collection":[{"href":"https:\/\/educacao.cambe.pr.gov.br\/index.php\/wp-json\/wp\/v2\/pages"}],"about":[{"href":"https:\/\/educacao.cambe.pr.gov.br\/index.php\/wp-json\/wp\/v2\/types\/page"}],"author":[{"embeddable":true,"href":"https:\/\/educacao.cambe.pr.gov.br\/index.php\/wp-json\/wp\/v2\/users\/7"}],"replies":[{"embeddable":true,"href":"https:\/\/educacao.cambe.pr.gov.br\/index.php\/wp-json\/wp\/v2\/comments?post=4969"}],"version-history":[{"count":24,"href":"https:\/\/educacao.cambe.pr.gov.br\/index.php\/wp-json\/wp\/v2\/pages\/4969\/revisions"}],"predecessor-version":[{"id":5002,"href":"https:\/\/educacao.cambe.pr.gov.br\/index.php\/wp-json\/wp\/v2\/pages\/4969\/revisions\/5002"}],"wp:attachment":[{"href":"https:\/\/educacao.cambe.pr.gov.br\/index.php\/wp-json\/wp\/v2\/media?parent=4969"}],"curies":[{"name":"wp","href":"https:\/\/api.w.org\/{rel}","templated":true}]}}