{"id":485,"date":"2020-10-05T17:51:31","date_gmt":"2020-10-05T20:51:31","guid":{"rendered":"http:\/\/educacao.cambe.pr.gov.br\/?page_id=485"},"modified":"2022-10-04T21:24:34","modified_gmt":"2022-10-05T00:24:34","slug":"485-2","status":"publish","type":"page","link":"https:\/\/educacao.cambe.pr.gov.br\/index.php\/educacao\/485-2\/","title":{"rendered":"Educa\u00e7\u00e3o Infantil: Curr\u00edculo Municipal"},"content":{"rendered":"<p style=\"text-align: justify;\">A Secretaria Municipal da Educa\u00e7\u00e3o (SEMED) realizou, em evento online, o pr\u00e9-lan\u00e7amento do Curr\u00edculo para a Rede P\u00fablica Municipal de Camb\u00e9- Educa\u00e7\u00e3o Infantil entre os meses de agosto e setembro de 2020. A proposta para este momento foi de retomar os encontros de Forma\u00e7\u00e3o Continuada, cujos conte\u00fados versam acerca dos Fundamentos te\u00f3ricos \u00e0 luz da Psicologia Hist\u00f3rico-Cultural e da Pedagogia Hist\u00f3rico-Cr\u00edtica.<br \/>\nAs forma\u00e7\u00f5es previstas para o pr\u00e9-lan\u00e7amento foram planejadas em tr\u00eas encontros, o primeiro conduzido pela Prof.\u00aa Dra. L\u00edgia M\u00e1rcia Martins que discorreu sobre o tema \u201cO Curr\u00edculo e seus fundamentos&#8221;, seguidos pela palestra com a Prof.\u00aa Dra. Giselle Mod\u00e9 Magalh\u00e3es, que discursou sobre os Marcos Referenciais do Desenvolvimento Ps\u00edquico e, no \u00faltimo encontro, a Prof.\u00aa Dra. Juliana Campregher Pasqualini encerrou o Ciclo de Lives abordando o tema: Curr\u00edculo por Campos de Experi\u00eancias no Enfoque Hist\u00f3rico &#8211; Cr\u00edtico.<\/p>\n<p style=\"text-align: justify;\">Esse evento ficou registrado no canal da <a href=\"https:\/\/www.youtube.com\/playlist?list=PLXvxC3RCgiRltBOhnq6ZMsh6hBpyQRvd0\">SEMED CAMBE<\/a> , no YouTube. E est\u00e1 dispon\u00edvel para acesso de toda a comunidade.<\/p>\n","protected":false},"excerpt":{"rendered":"<p>A Secretaria Municipal da Educa\u00e7\u00e3o (SEMED) realizou, em evento online, o pr\u00e9-lan\u00e7amento do Curr\u00edculo para a Rede P\u00fablica Municipal de Camb\u00e9- Educa\u00e7\u00e3o Infantil entre os meses de agosto e setembro de 2020. A proposta para este momento foi de retomar os encontros de Forma\u00e7\u00e3o Continuada, cujos conte\u00fados versam acerca dos Fundamentos te\u00f3ricos \u00e0 luz da [&hellip;]<\/p>\n","protected":false},"author":7,"featured_media":0,"parent":34,"menu_order":0,"comment_status":"closed","ping_status":"closed","template":"","meta":{"ngg_post_thumbnail":0,"footnotes":""},"class_list":["post-485","page","type-page","status-publish","hentry"],"yoast_head":"<!-- This site is optimized with the Yoast SEO plugin v24.4 - https:\/\/yoast.com\/wordpress\/plugins\/seo\/ -->\n<title>Educa\u00e7\u00e3o Infantil: Curr\u00edculo Municipal - Secretaria de Educa\u00e7\u00e3o e Cultura<\/title>\n<meta name=\"robots\" content=\"index, follow, max-snippet:-1, max-image-preview:large, max-video-preview:-1\" \/>\n<link rel=\"canonical\" href=\"https:\/\/educacao.cambe.pr.gov.br\/index.php\/educacao\/485-2\/\" \/>\n<meta property=\"og:locale\" content=\"pt_BR\" \/>\n<meta property=\"og:type\" content=\"article\" \/>\n<meta property=\"og:title\" content=\"Educa\u00e7\u00e3o Infantil: Curr\u00edculo Municipal - Secretaria de Educa\u00e7\u00e3o e Cultura\" \/>\n<meta property=\"og:description\" content=\"A Secretaria Municipal da Educa\u00e7\u00e3o (SEMED) realizou, em evento online, o pr\u00e9-lan\u00e7amento do Curr\u00edculo para a Rede P\u00fablica Municipal de Camb\u00e9- Educa\u00e7\u00e3o Infantil entre os meses de agosto e setembro de 2020. A proposta para este momento foi de retomar os encontros de Forma\u00e7\u00e3o Continuada, cujos conte\u00fados versam acerca dos Fundamentos te\u00f3ricos \u00e0 luz da [&hellip;]\" \/>\n<meta property=\"og:url\" content=\"https:\/\/educacao.cambe.pr.gov.br\/index.php\/educacao\/485-2\/\" \/>\n<meta property=\"og:site_name\" content=\"Secretaria de Educa\u00e7\u00e3o e Cultura\" \/>\n<meta property=\"article:modified_time\" content=\"2022-10-05T00:24:34+00:00\" \/>\n<meta name=\"twitter:card\" content=\"summary_large_image\" \/>\n<meta name=\"twitter:label1\" content=\"Est. tempo de leitura\" \/>\n\t<meta name=\"twitter:data1\" content=\"1 minuto\" \/>\n<script type=\"application\/ld+json\" class=\"yoast-schema-graph\">{\"@context\":\"https:\/\/schema.org\",\"@graph\":[{\"@type\":\"WebPage\",\"@id\":\"https:\/\/educacao.cambe.pr.gov.br\/index.php\/educacao\/485-2\/\",\"url\":\"https:\/\/educacao.cambe.pr.gov.br\/index.php\/educacao\/485-2\/\",\"name\":\"Educa\u00e7\u00e3o Infantil: Curr\u00edculo Municipal - Secretaria de Educa\u00e7\u00e3o e Cultura\",\"isPartOf\":{\"@id\":\"https:\/\/educacao.cambe.pr.gov.br\/#website\"},\"datePublished\":\"2020-10-05T20:51:31+00:00\",\"dateModified\":\"2022-10-05T00:24:34+00:00\",\"breadcrumb\":{\"@id\":\"https:\/\/educacao.cambe.pr.gov.br\/index.php\/educacao\/485-2\/#breadcrumb\"},\"inLanguage\":\"pt-BR\",\"potentialAction\":[{\"@type\":\"ReadAction\",\"target\":[\"https:\/\/educacao.cambe.pr.gov.br\/index.php\/educacao\/485-2\/\"]}]},{\"@type\":\"BreadcrumbList\",\"@id\":\"https:\/\/educacao.cambe.pr.gov.br\/index.php\/educacao\/485-2\/#breadcrumb\",\"itemListElement\":[{\"@type\":\"ListItem\",\"position\":1,\"name\":\"In\u00edcio\",\"item\":\"https:\/\/educacao.cambe.pr.gov.br\/\"},{\"@type\":\"ListItem\",\"position\":2,\"name\":\"Educa\u00e7\u00e3o\",\"item\":\"https:\/\/educacao.cambe.pr.gov.br\/index.php\/educacao\/\"},{\"@type\":\"ListItem\",\"position\":3,\"name\":\"Educa\u00e7\u00e3o Infantil: Curr\u00edculo Municipal\"}]},{\"@type\":\"WebSite\",\"@id\":\"https:\/\/educacao.cambe.pr.gov.br\/#website\",\"url\":\"https:\/\/educacao.cambe.pr.gov.br\/\",\"name\":\"Secretaria de Educa\u00e7\u00e3o e Cultura\",\"description\":\"Prefeitura de Camb\u00e9\",\"publisher\":{\"@id\":\"https:\/\/educacao.cambe.pr.gov.br\/#organization\"},\"potentialAction\":[{\"@type\":\"SearchAction\",\"target\":{\"@type\":\"EntryPoint\",\"urlTemplate\":\"https:\/\/educacao.cambe.pr.gov.br\/?s={search_term_string}\"},\"query-input\":{\"@type\":\"PropertyValueSpecification\",\"valueRequired\":true,\"valueName\":\"search_term_string\"}}],\"inLanguage\":\"pt-BR\"},{\"@type\":\"Organization\",\"@id\":\"https:\/\/educacao.cambe.pr.gov.br\/#organization\",\"name\":\"Secretaria de Educa\u00e7\u00e3o e Cultura\",\"url\":\"https:\/\/educacao.cambe.pr.gov.br\/\",\"logo\":{\"@type\":\"ImageObject\",\"inLanguage\":\"pt-BR\",\"@id\":\"https:\/\/educacao.cambe.pr.gov.br\/#\/schema\/logo\/image\/\",\"url\":\"https:\/\/educacao.cambe.pr.gov.br\/wp-content\/uploads\/2020\/08\/cambe_rural_brazao-pq.png\",\"contentUrl\":\"https:\/\/educacao.cambe.pr.gov.br\/wp-content\/uploads\/2020\/08\/cambe_rural_brazao-pq.png\",\"width\":150,\"height\":150,\"caption\":\"Secretaria de Educa\u00e7\u00e3o e Cultura\"},\"image\":{\"@id\":\"https:\/\/educacao.cambe.pr.gov.br\/#\/schema\/logo\/image\/\"}}]}<\/script>\n<!-- \/ Yoast SEO plugin. -->","yoast_head_json":{"title":"Educa\u00e7\u00e3o Infantil: Curr\u00edculo Municipal - Secretaria de Educa\u00e7\u00e3o e Cultura","robots":{"index":"index","follow":"follow","max-snippet":"max-snippet:-1","max-image-preview":"max-image-preview:large","max-video-preview":"max-video-preview:-1"},"canonical":"https:\/\/educacao.cambe.pr.gov.br\/index.php\/educacao\/485-2\/","og_locale":"pt_BR","og_type":"article","og_title":"Educa\u00e7\u00e3o Infantil: Curr\u00edculo Municipal - Secretaria de Educa\u00e7\u00e3o e Cultura","og_description":"A Secretaria Municipal da Educa\u00e7\u00e3o (SEMED) realizou, em evento online, o pr\u00e9-lan\u00e7amento do Curr\u00edculo para a Rede P\u00fablica Municipal de Camb\u00e9- Educa\u00e7\u00e3o Infantil entre os meses de agosto e setembro de 2020. A proposta para este momento foi de retomar os encontros de Forma\u00e7\u00e3o Continuada, cujos conte\u00fados versam acerca dos Fundamentos te\u00f3ricos \u00e0 luz da [&hellip;]","og_url":"https:\/\/educacao.cambe.pr.gov.br\/index.php\/educacao\/485-2\/","og_site_name":"Secretaria de Educa\u00e7\u00e3o e Cultura","article_modified_time":"2022-10-05T00:24:34+00:00","twitter_card":"summary_large_image","twitter_misc":{"Est. tempo de leitura":"1 minuto"},"schema":{"@context":"https:\/\/schema.org","@graph":[{"@type":"WebPage","@id":"https:\/\/educacao.cambe.pr.gov.br\/index.php\/educacao\/485-2\/","url":"https:\/\/educacao.cambe.pr.gov.br\/index.php\/educacao\/485-2\/","name":"Educa\u00e7\u00e3o Infantil: Curr\u00edculo Municipal - Secretaria de Educa\u00e7\u00e3o e Cultura","isPartOf":{"@id":"https:\/\/educacao.cambe.pr.gov.br\/#website"},"datePublished":"2020-10-05T20:51:31+00:00","dateModified":"2022-10-05T00:24:34+00:00","breadcrumb":{"@id":"https:\/\/educacao.cambe.pr.gov.br\/index.php\/educacao\/485-2\/#breadcrumb"},"inLanguage":"pt-BR","potentialAction":[{"@type":"ReadAction","target":["https:\/\/educacao.cambe.pr.gov.br\/index.php\/educacao\/485-2\/"]}]},{"@type":"BreadcrumbList","@id":"https:\/\/educacao.cambe.pr.gov.br\/index.php\/educacao\/485-2\/#breadcrumb","itemListElement":[{"@type":"ListItem","position":1,"name":"In\u00edcio","item":"https:\/\/educacao.cambe.pr.gov.br\/"},{"@type":"ListItem","position":2,"name":"Educa\u00e7\u00e3o","item":"https:\/\/educacao.cambe.pr.gov.br\/index.php\/educacao\/"},{"@type":"ListItem","position":3,"name":"Educa\u00e7\u00e3o Infantil: Curr\u00edculo Municipal"}]},{"@type":"WebSite","@id":"https:\/\/educacao.cambe.pr.gov.br\/#website","url":"https:\/\/educacao.cambe.pr.gov.br\/","name":"Secretaria de Educa\u00e7\u00e3o e Cultura","description":"Prefeitura de Camb\u00e9","publisher":{"@id":"https:\/\/educacao.cambe.pr.gov.br\/#organization"},"potentialAction":[{"@type":"SearchAction","target":{"@type":"EntryPoint","urlTemplate":"https:\/\/educacao.cambe.pr.gov.br\/?s={search_term_string}"},"query-input":{"@type":"PropertyValueSpecification","valueRequired":true,"valueName":"search_term_string"}}],"inLanguage":"pt-BR"},{"@type":"Organization","@id":"https:\/\/educacao.cambe.pr.gov.br\/#organization","name":"Secretaria de Educa\u00e7\u00e3o e Cultura","url":"https:\/\/educacao.cambe.pr.gov.br\/","logo":{"@type":"ImageObject","inLanguage":"pt-BR","@id":"https:\/\/educacao.cambe.pr.gov.br\/#\/schema\/logo\/image\/","url":"https:\/\/educacao.cambe.pr.gov.br\/wp-content\/uploads\/2020\/08\/cambe_rural_brazao-pq.png","contentUrl":"https:\/\/educacao.cambe.pr.gov.br\/wp-content\/uploads\/2020\/08\/cambe_rural_brazao-pq.png","width":150,"height":150,"caption":"Secretaria de Educa\u00e7\u00e3o e Cultura"},"image":{"@id":"https:\/\/educacao.cambe.pr.gov.br\/#\/schema\/logo\/image\/"}}]}},"_links":{"self":[{"href":"https:\/\/educacao.cambe.pr.gov.br\/index.php\/wp-json\/wp\/v2\/pages\/485","targetHints":{"allow":["GET"]}}],"collection":[{"href":"https:\/\/educacao.cambe.pr.gov.br\/index.php\/wp-json\/wp\/v2\/pages"}],"about":[{"href":"https:\/\/educacao.cambe.pr.gov.br\/index.php\/wp-json\/wp\/v2\/types\/page"}],"author":[{"embeddable":true,"href":"https:\/\/educacao.cambe.pr.gov.br\/index.php\/wp-json\/wp\/v2\/users\/7"}],"replies":[{"embeddable":true,"href":"https:\/\/educacao.cambe.pr.gov.br\/index.php\/wp-json\/wp\/v2\/comments?post=485"}],"version-history":[{"count":7,"href":"https:\/\/educacao.cambe.pr.gov.br\/index.php\/wp-json\/wp\/v2\/pages\/485\/revisions"}],"predecessor-version":[{"id":1575,"href":"https:\/\/educacao.cambe.pr.gov.br\/index.php\/wp-json\/wp\/v2\/pages\/485\/revisions\/1575"}],"up":[{"embeddable":true,"href":"https:\/\/educacao.cambe.pr.gov.br\/index.php\/wp-json\/wp\/v2\/pages\/34"}],"wp:attachment":[{"href":"https:\/\/educacao.cambe.pr.gov.br\/index.php\/wp-json\/wp\/v2\/media?parent=485"}],"curies":[{"name":"wp","href":"https:\/\/api.w.org\/{rel}","templated":true}]}}