{"id":3371,"date":"2023-11-30T16:13:36","date_gmt":"2023-11-30T19:13:36","guid":{"rendered":"https:\/\/educacao.cambe.pr.gov.br\/?page_id=3371"},"modified":"2023-11-30T16:13:36","modified_gmt":"2023-11-30T19:13:36","slug":"cmei-waldomiro-moreira-gomes","status":"publish","type":"page","link":"https:\/\/educacao.cambe.pr.gov.br\/index.php\/cmei-waldomiro-moreira-gomes\/","title":{"rendered":"CMEI. Waldomiro Moreira Gomes"},"content":{"rendered":"<p><span style=\"font-weight: 400;\">Endere\u00e7o: Rua Francisco Marques Mendon\u00e7a, 38 &#8211; Jd. St\u00aa L\u00facia &#8211; CEP: 86180-000<\/span><\/p>\n<p><span style=\"font-weight: 400;\">Telefone: (43) 3174-0338<\/span><\/p>\n<p><span style=\"font-weight: 400;\">E-mail escola: <\/span><span style=\"font-weight: 400;\">cmei.waldomiromoreira@cambe.pr.gov.br<\/span><\/p>\n<p><span style=\"font-weight: 400;\">Diretor(a): Jamilly Thomaz de Souza Senegalia<\/span><\/p>\n","protected":false},"excerpt":{"rendered":"<p>Endere\u00e7o: Rua Francisco Marques Mendon\u00e7a, 38 &#8211; Jd. St\u00aa L\u00facia &#8211; CEP: 86180-000 Telefone: (43) 3174-0338 E-mail escola: cmei.waldomiromoreira@cambe.pr.gov.br Diretor(a): Jamilly Thomaz de Souza Senegalia<\/p>\n","protected":false},"author":7,"featured_media":0,"parent":0,"menu_order":0,"comment_status":"closed","ping_status":"closed","template":"","meta":{"ngg_post_thumbnail":0,"footnotes":""},"class_list":["post-3371","page","type-page","status-publish","hentry"],"yoast_head":"<!-- This site is optimized with the Yoast SEO plugin v24.4 - https:\/\/yoast.com\/wordpress\/plugins\/seo\/ -->\n<title>CMEI. Waldomiro Moreira Gomes - Secretaria de Educa\u00e7\u00e3o e Cultura<\/title>\n<meta name=\"robots\" content=\"index, follow, max-snippet:-1, max-image-preview:large, max-video-preview:-1\" \/>\n<link rel=\"canonical\" href=\"https:\/\/educacao.cambe.pr.gov.br\/index.php\/cmei-waldomiro-moreira-gomes\/\" \/>\n<meta property=\"og:locale\" content=\"pt_BR\" \/>\n<meta property=\"og:type\" content=\"article\" \/>\n<meta property=\"og:title\" content=\"CMEI. Waldomiro Moreira Gomes - Secretaria de Educa\u00e7\u00e3o e Cultura\" \/>\n<meta property=\"og:description\" content=\"Endere\u00e7o: Rua Francisco Marques Mendon\u00e7a, 38 &#8211; Jd. St\u00aa L\u00facia &#8211; CEP: 86180-000 Telefone: (43) 3174-0338 E-mail escola: cmei.waldomiromoreira@cambe.pr.gov.br Diretor(a): Jamilly Thomaz de Souza Senegalia\" \/>\n<meta property=\"og:url\" content=\"https:\/\/educacao.cambe.pr.gov.br\/index.php\/cmei-waldomiro-moreira-gomes\/\" \/>\n<meta property=\"og:site_name\" content=\"Secretaria de Educa\u00e7\u00e3o e Cultura\" \/>\n<meta name=\"twitter:card\" content=\"summary_large_image\" \/>\n<script type=\"application\/ld+json\" class=\"yoast-schema-graph\">{\"@context\":\"https:\/\/schema.org\",\"@graph\":[{\"@type\":\"WebPage\",\"@id\":\"https:\/\/educacao.cambe.pr.gov.br\/index.php\/cmei-waldomiro-moreira-gomes\/\",\"url\":\"https:\/\/educacao.cambe.pr.gov.br\/index.php\/cmei-waldomiro-moreira-gomes\/\",\"name\":\"CMEI. Waldomiro Moreira Gomes - Secretaria de Educa\u00e7\u00e3o e Cultura\",\"isPartOf\":{\"@id\":\"https:\/\/educacao.cambe.pr.gov.br\/#website\"},\"datePublished\":\"2023-11-30T19:13:36+00:00\",\"breadcrumb\":{\"@id\":\"https:\/\/educacao.cambe.pr.gov.br\/index.php\/cmei-waldomiro-moreira-gomes\/#breadcrumb\"},\"inLanguage\":\"pt-BR\",\"potentialAction\":[{\"@type\":\"ReadAction\",\"target\":[\"https:\/\/educacao.cambe.pr.gov.br\/index.php\/cmei-waldomiro-moreira-gomes\/\"]}]},{\"@type\":\"BreadcrumbList\",\"@id\":\"https:\/\/educacao.cambe.pr.gov.br\/index.php\/cmei-waldomiro-moreira-gomes\/#breadcrumb\",\"itemListElement\":[{\"@type\":\"ListItem\",\"position\":1,\"name\":\"In\u00edcio\",\"item\":\"https:\/\/educacao.cambe.pr.gov.br\/\"},{\"@type\":\"ListItem\",\"position\":2,\"name\":\"CMEI. Waldomiro Moreira Gomes\"}]},{\"@type\":\"WebSite\",\"@id\":\"https:\/\/educacao.cambe.pr.gov.br\/#website\",\"url\":\"https:\/\/educacao.cambe.pr.gov.br\/\",\"name\":\"Secretaria de Educa\u00e7\u00e3o e Cultura\",\"description\":\"Prefeitura de Camb\u00e9\",\"publisher\":{\"@id\":\"https:\/\/educacao.cambe.pr.gov.br\/#organization\"},\"potentialAction\":[{\"@type\":\"SearchAction\",\"target\":{\"@type\":\"EntryPoint\",\"urlTemplate\":\"https:\/\/educacao.cambe.pr.gov.br\/?s={search_term_string}\"},\"query-input\":{\"@type\":\"PropertyValueSpecification\",\"valueRequired\":true,\"valueName\":\"search_term_string\"}}],\"inLanguage\":\"pt-BR\"},{\"@type\":\"Organization\",\"@id\":\"https:\/\/educacao.cambe.pr.gov.br\/#organization\",\"name\":\"Secretaria de Educa\u00e7\u00e3o e Cultura\",\"url\":\"https:\/\/educacao.cambe.pr.gov.br\/\",\"logo\":{\"@type\":\"ImageObject\",\"inLanguage\":\"pt-BR\",\"@id\":\"https:\/\/educacao.cambe.pr.gov.br\/#\/schema\/logo\/image\/\",\"url\":\"https:\/\/educacao.cambe.pr.gov.br\/wp-content\/uploads\/2020\/08\/cambe_rural_brazao-pq.png\",\"contentUrl\":\"https:\/\/educacao.cambe.pr.gov.br\/wp-content\/uploads\/2020\/08\/cambe_rural_brazao-pq.png\",\"width\":150,\"height\":150,\"caption\":\"Secretaria de Educa\u00e7\u00e3o e Cultura\"},\"image\":{\"@id\":\"https:\/\/educacao.cambe.pr.gov.br\/#\/schema\/logo\/image\/\"}}]}<\/script>\n<!-- \/ Yoast SEO plugin. -->","yoast_head_json":{"title":"CMEI. Waldomiro Moreira Gomes - Secretaria de Educa\u00e7\u00e3o e Cultura","robots":{"index":"index","follow":"follow","max-snippet":"max-snippet:-1","max-image-preview":"max-image-preview:large","max-video-preview":"max-video-preview:-1"},"canonical":"https:\/\/educacao.cambe.pr.gov.br\/index.php\/cmei-waldomiro-moreira-gomes\/","og_locale":"pt_BR","og_type":"article","og_title":"CMEI. Waldomiro Moreira Gomes - Secretaria de Educa\u00e7\u00e3o e Cultura","og_description":"Endere\u00e7o: Rua Francisco Marques Mendon\u00e7a, 38 &#8211; Jd. St\u00aa L\u00facia &#8211; CEP: 86180-000 Telefone: (43) 3174-0338 E-mail escola: cmei.waldomiromoreira@cambe.pr.gov.br Diretor(a): Jamilly Thomaz de Souza Senegalia","og_url":"https:\/\/educacao.cambe.pr.gov.br\/index.php\/cmei-waldomiro-moreira-gomes\/","og_site_name":"Secretaria de Educa\u00e7\u00e3o e Cultura","twitter_card":"summary_large_image","schema":{"@context":"https:\/\/schema.org","@graph":[{"@type":"WebPage","@id":"https:\/\/educacao.cambe.pr.gov.br\/index.php\/cmei-waldomiro-moreira-gomes\/","url":"https:\/\/educacao.cambe.pr.gov.br\/index.php\/cmei-waldomiro-moreira-gomes\/","name":"CMEI. Waldomiro Moreira Gomes - Secretaria de Educa\u00e7\u00e3o e Cultura","isPartOf":{"@id":"https:\/\/educacao.cambe.pr.gov.br\/#website"},"datePublished":"2023-11-30T19:13:36+00:00","breadcrumb":{"@id":"https:\/\/educacao.cambe.pr.gov.br\/index.php\/cmei-waldomiro-moreira-gomes\/#breadcrumb"},"inLanguage":"pt-BR","potentialAction":[{"@type":"ReadAction","target":["https:\/\/educacao.cambe.pr.gov.br\/index.php\/cmei-waldomiro-moreira-gomes\/"]}]},{"@type":"BreadcrumbList","@id":"https:\/\/educacao.cambe.pr.gov.br\/index.php\/cmei-waldomiro-moreira-gomes\/#breadcrumb","itemListElement":[{"@type":"ListItem","position":1,"name":"In\u00edcio","item":"https:\/\/educacao.cambe.pr.gov.br\/"},{"@type":"ListItem","position":2,"name":"CMEI. Waldomiro Moreira Gomes"}]},{"@type":"WebSite","@id":"https:\/\/educacao.cambe.pr.gov.br\/#website","url":"https:\/\/educacao.cambe.pr.gov.br\/","name":"Secretaria de Educa\u00e7\u00e3o e Cultura","description":"Prefeitura de Camb\u00e9","publisher":{"@id":"https:\/\/educacao.cambe.pr.gov.br\/#organization"},"potentialAction":[{"@type":"SearchAction","target":{"@type":"EntryPoint","urlTemplate":"https:\/\/educacao.cambe.pr.gov.br\/?s={search_term_string}"},"query-input":{"@type":"PropertyValueSpecification","valueRequired":true,"valueName":"search_term_string"}}],"inLanguage":"pt-BR"},{"@type":"Organization","@id":"https:\/\/educacao.cambe.pr.gov.br\/#organization","name":"Secretaria de Educa\u00e7\u00e3o e Cultura","url":"https:\/\/educacao.cambe.pr.gov.br\/","logo":{"@type":"ImageObject","inLanguage":"pt-BR","@id":"https:\/\/educacao.cambe.pr.gov.br\/#\/schema\/logo\/image\/","url":"https:\/\/educacao.cambe.pr.gov.br\/wp-content\/uploads\/2020\/08\/cambe_rural_brazao-pq.png","contentUrl":"https:\/\/educacao.cambe.pr.gov.br\/wp-content\/uploads\/2020\/08\/cambe_rural_brazao-pq.png","width":150,"height":150,"caption":"Secretaria de Educa\u00e7\u00e3o e Cultura"},"image":{"@id":"https:\/\/educacao.cambe.pr.gov.br\/#\/schema\/logo\/image\/"}}]}},"_links":{"self":[{"href":"https:\/\/educacao.cambe.pr.gov.br\/index.php\/wp-json\/wp\/v2\/pages\/3371","targetHints":{"allow":["GET"]}}],"collection":[{"href":"https:\/\/educacao.cambe.pr.gov.br\/index.php\/wp-json\/wp\/v2\/pages"}],"about":[{"href":"https:\/\/educacao.cambe.pr.gov.br\/index.php\/wp-json\/wp\/v2\/types\/page"}],"author":[{"embeddable":true,"href":"https:\/\/educacao.cambe.pr.gov.br\/index.php\/wp-json\/wp\/v2\/users\/7"}],"replies":[{"embeddable":true,"href":"https:\/\/educacao.cambe.pr.gov.br\/index.php\/wp-json\/wp\/v2\/comments?post=3371"}],"version-history":[{"count":1,"href":"https:\/\/educacao.cambe.pr.gov.br\/index.php\/wp-json\/wp\/v2\/pages\/3371\/revisions"}],"predecessor-version":[{"id":3372,"href":"https:\/\/educacao.cambe.pr.gov.br\/index.php\/wp-json\/wp\/v2\/pages\/3371\/revisions\/3372"}],"wp:attachment":[{"href":"https:\/\/educacao.cambe.pr.gov.br\/index.php\/wp-json\/wp\/v2\/media?parent=3371"}],"curies":[{"name":"wp","href":"https:\/\/api.w.org\/{rel}","templated":true}]}}