{"id":3306,"date":"2023-11-30T15:19:00","date_gmt":"2023-11-30T18:19:00","guid":{"rendered":"https:\/\/educacao.cambe.pr.gov.br\/?page_id=3306"},"modified":"2023-11-30T15:19:00","modified_gmt":"2023-11-30T18:19:00","slug":"e-m-pedro-tkotz","status":"publish","type":"page","link":"https:\/\/educacao.cambe.pr.gov.br\/index.php\/e-m-pedro-tkotz\/","title":{"rendered":"E.M. Pedro Tkotz"},"content":{"rendered":"<p style=\"text-align: justify;\">Pedro Tkotz, filho de Franz e Martha Tkotz, nasceu em 29 de junho de 1887, na cidade de Koenigshuette \u2013 Alta Sil\u00e9sia \u2013 Alemanha e faleceu em 13 de fevereiro de 1970, em Camb\u00e9-Paran\u00e1-Brasil. Era casado com Martha Dubiel Tkotz, nascida em 25 de maio de 1895, tamb\u00e9m em Koenigshuette \u2013 Alemanha, falecida em 04 de julho de 1980, em Camb\u00e9 \u2013 Paran\u00e1 \u2013 Brasil.<\/p>\n<p style=\"text-align: justify;\">\u00a0\u00a0\u00a0\u00a0 Em primeiras n\u00fapcias Pedro Tkotz foi casado com Hedwig Dubiel, (irm\u00e3 de Martha), que faleceu ap\u00f3s dar vida a quatro filhos, como segue:<br \/>\n\u2022 Eleonore Maria, nascida em 24 de mar\u00e7o de 1909 em Koenigshuette e falecida em Londrina \u2013 Paran\u00e1;<br \/>\n\u2022 Alice Theodora, nascida em 11 de novembro de 1910 em Laurahuette e falecida em 08 de abril de 1994, em Londrina \u2013 Paran\u00e1;<br \/>\n\u2022 Rita Angelika, nascida em 06 de junho de 1912 em Koenigshuette e falecida em Petr\u00f3polis \u2013 Rio de Janeiro;<br \/>\n\u2022 Werner Rudolph, nascido em 17 de abril de 1914, falecido tamb\u00e9m em Petr\u00f3polis.<\/p>\n<p style=\"text-align: justify;\">\u00a0\u00a0\u00a0\u00a0 Ap\u00f3s o falecimento de sua primeira esposa, Pedro casou-se com Martha, em 1917. Desta uni\u00e3o nasceram Ronald Tkotz, em 24 de maio de 1918 e Brigitte, em 24 de abril de 1920, ambos na cidade de Danzig.<\/p>\n<p style=\"text-align: justify;\">\u00a0\u00a0\u00a0\u00a0 O jovem Pedro Tkotz, em 1908 conseguiu a representa\u00e7\u00e3o de uma ind\u00fastria francesa de artefatos de borracha, que teve sua sede na cidade de Danzig. Esta cidade na \u00e9poca j\u00e1 era considerada um grande centro europeu de renome e progresso, possuindo famosa universidade de tecnologia. Vieram as mudan\u00e7as pol\u00edticas e Pedro Tkotz foi obrigado a participar da 1\u00aa guerra mundial, de 1914-1918, lutando na R\u00fassia e na It\u00e1lia. Ap\u00f3s voltar para casa iniciou suas atividades com uma loja de bicicletas, armas de ca\u00e7a, vitrolas, etc. Em 10 de mar\u00e7o de 1926 conseguiu seu diploma de \u201cMestre em Mec\u00e2nica de Bicicletas\u201d, o que o autorizou a abrir uma pequena f\u00e1brica de pe\u00e7as para bicicletas, como eixos de rodas, guid\u00f5es, etc. No entanto, o caos pol\u00edtico e econ\u00f4mico reinante levou sua ind\u00fastria \u00e0 beira da fal\u00eancia e sua loja enfrentava problemas que tornaram a situa\u00e7\u00e3o insuport\u00e1vel. Foi a\u00ed que surgiu a ideia de liquidar tudo e emigrar para o Brasil, baseado em an\u00fancio de jornal local sugerindo uma nova vida em \u201c Nova Danzig\u201d.<br \/>\nForam comprados 10 alqueires de terra na Gleba S\u00e3o Domingos. A grande mudan\u00e7a continha, al\u00e9m de tudo o que uma fam\u00edlia pode precisar para sobreviver no meio da mata, um verdadeiro arsenal de armas de ca\u00e7a com a respectiva muni\u00e7\u00e3o, diversas bicicletas, vitrolas, m\u00e1quinas de costura manuais, ferramentas e at\u00e9 motocicletas. Pedro Tkotz saiu com sua fam\u00edlia de uma cidade altamente desenvolvida, onde j\u00e1 havia telefone DDD, escadas rolantes, g\u00e1s encanado e um dos mais cobi\u00e7ados centros de compras da Europa.<br \/>\nDepois de algum tempo rodeado pela mata virgem, Pedro Tkotz chegou \u00e0 conclus\u00e3o de que a fam\u00edlia n\u00e3o tinha os pr\u00e9-requisitos para permanecer na lavoura. Decidiu, ent\u00e3o, mudar para a vila onde, com seu filho Ronald, montou uma oficina mec\u00e2nica. Consertava panelas, enxadas, armas, vitrolas de corda, ferramentas e at\u00e9 os primeiros ve\u00edculos de transporte. Como o terreno era grande tamb\u00e9m foi constru\u00edda uma resid\u00eancia de madeira, muito bem elaborada que muitos anos mais tarde foi transferida para o \u201cParque Hist\u00f3rico Nova Danzig\u201d, como s\u00edmbolo de uma \u00e9poca.<br \/>\nPor volta de 1945, Pedro Tkotz construiu uma loja de alvenaria no centro da cidade de Nova Danzig que durante a 2\u00aa guerra mundial havia sido rebatizada com o nome de Camb\u00e9. Esta loja de acess\u00f3rios para carros e caminh\u00f5es permaneceu durante, aproximadamente, 20 anos com sua atividade comercial.<\/p>\n<p style=\"text-align: justify;\">\u00a0\u00a0\u00a0\u00a0 Pedro Tkotz nunca mais voltou \u00e0 sua terra natal e sempre se referiu com enorme gratid\u00e3o ao pa\u00eds, \u00e0 mata e \u00e0 cidade que o recebeu de bra\u00e7os abertos.<\/p>\n","protected":false},"excerpt":{"rendered":"<p>Pedro Tkotz, filho de Franz e Martha Tkotz, nasceu em 29 de junho de 1887, na cidade de Koenigshuette \u2013 Alta Sil\u00e9sia \u2013 Alemanha e faleceu em 13 de fevereiro de 1970, em Camb\u00e9-Paran\u00e1-Brasil. Era casado com Martha Dubiel Tkotz, nascida em 25 de maio de 1895, tamb\u00e9m em Koenigshuette \u2013 Alemanha, falecida em 04 [&hellip;]<\/p>\n","protected":false},"author":7,"featured_media":0,"parent":0,"menu_order":0,"comment_status":"closed","ping_status":"closed","template":"","meta":{"ngg_post_thumbnail":0,"footnotes":""},"class_list":["post-3306","page","type-page","status-publish","hentry"],"yoast_head":"<!-- This site is optimized with the Yoast SEO plugin v24.4 - https:\/\/yoast.com\/wordpress\/plugins\/seo\/ -->\n<title>E.M. Pedro Tkotz - Secretaria de Educa\u00e7\u00e3o e Cultura<\/title>\n<meta name=\"robots\" content=\"index, follow, max-snippet:-1, max-image-preview:large, max-video-preview:-1\" \/>\n<link rel=\"canonical\" href=\"https:\/\/educacao.cambe.pr.gov.br\/index.php\/e-m-pedro-tkotz\/\" \/>\n<meta property=\"og:locale\" content=\"pt_BR\" \/>\n<meta property=\"og:type\" content=\"article\" \/>\n<meta property=\"og:title\" content=\"E.M. Pedro Tkotz - Secretaria de Educa\u00e7\u00e3o e Cultura\" \/>\n<meta property=\"og:description\" content=\"Pedro Tkotz, filho de Franz e Martha Tkotz, nasceu em 29 de junho de 1887, na cidade de Koenigshuette \u2013 Alta Sil\u00e9sia \u2013 Alemanha e faleceu em 13 de fevereiro de 1970, em Camb\u00e9-Paran\u00e1-Brasil. Era casado com Martha Dubiel Tkotz, nascida em 25 de maio de 1895, tamb\u00e9m em Koenigshuette \u2013 Alemanha, falecida em 04 [&hellip;]\" \/>\n<meta property=\"og:url\" content=\"https:\/\/educacao.cambe.pr.gov.br\/index.php\/e-m-pedro-tkotz\/\" \/>\n<meta property=\"og:site_name\" content=\"Secretaria de Educa\u00e7\u00e3o e Cultura\" \/>\n<meta name=\"twitter:card\" content=\"summary_large_image\" \/>\n<meta name=\"twitter:label1\" content=\"Est. tempo de leitura\" \/>\n\t<meta name=\"twitter:data1\" content=\"3 minutos\" \/>\n<script type=\"application\/ld+json\" class=\"yoast-schema-graph\">{\"@context\":\"https:\/\/schema.org\",\"@graph\":[{\"@type\":\"WebPage\",\"@id\":\"https:\/\/educacao.cambe.pr.gov.br\/index.php\/e-m-pedro-tkotz\/\",\"url\":\"https:\/\/educacao.cambe.pr.gov.br\/index.php\/e-m-pedro-tkotz\/\",\"name\":\"E.M. Pedro Tkotz - Secretaria de Educa\u00e7\u00e3o e Cultura\",\"isPartOf\":{\"@id\":\"https:\/\/educacao.cambe.pr.gov.br\/#website\"},\"datePublished\":\"2023-11-30T18:19:00+00:00\",\"breadcrumb\":{\"@id\":\"https:\/\/educacao.cambe.pr.gov.br\/index.php\/e-m-pedro-tkotz\/#breadcrumb\"},\"inLanguage\":\"pt-BR\",\"potentialAction\":[{\"@type\":\"ReadAction\",\"target\":[\"https:\/\/educacao.cambe.pr.gov.br\/index.php\/e-m-pedro-tkotz\/\"]}]},{\"@type\":\"BreadcrumbList\",\"@id\":\"https:\/\/educacao.cambe.pr.gov.br\/index.php\/e-m-pedro-tkotz\/#breadcrumb\",\"itemListElement\":[{\"@type\":\"ListItem\",\"position\":1,\"name\":\"In\u00edcio\",\"item\":\"https:\/\/educacao.cambe.pr.gov.br\/\"},{\"@type\":\"ListItem\",\"position\":2,\"name\":\"E.M. Pedro Tkotz\"}]},{\"@type\":\"WebSite\",\"@id\":\"https:\/\/educacao.cambe.pr.gov.br\/#website\",\"url\":\"https:\/\/educacao.cambe.pr.gov.br\/\",\"name\":\"Secretaria de Educa\u00e7\u00e3o e Cultura\",\"description\":\"Prefeitura de Camb\u00e9\",\"publisher\":{\"@id\":\"https:\/\/educacao.cambe.pr.gov.br\/#organization\"},\"potentialAction\":[{\"@type\":\"SearchAction\",\"target\":{\"@type\":\"EntryPoint\",\"urlTemplate\":\"https:\/\/educacao.cambe.pr.gov.br\/?s={search_term_string}\"},\"query-input\":{\"@type\":\"PropertyValueSpecification\",\"valueRequired\":true,\"valueName\":\"search_term_string\"}}],\"inLanguage\":\"pt-BR\"},{\"@type\":\"Organization\",\"@id\":\"https:\/\/educacao.cambe.pr.gov.br\/#organization\",\"name\":\"Secretaria de Educa\u00e7\u00e3o e Cultura\",\"url\":\"https:\/\/educacao.cambe.pr.gov.br\/\",\"logo\":{\"@type\":\"ImageObject\",\"inLanguage\":\"pt-BR\",\"@id\":\"https:\/\/educacao.cambe.pr.gov.br\/#\/schema\/logo\/image\/\",\"url\":\"https:\/\/educacao.cambe.pr.gov.br\/wp-content\/uploads\/2020\/08\/cambe_rural_brazao-pq.png\",\"contentUrl\":\"https:\/\/educacao.cambe.pr.gov.br\/wp-content\/uploads\/2020\/08\/cambe_rural_brazao-pq.png\",\"width\":150,\"height\":150,\"caption\":\"Secretaria de Educa\u00e7\u00e3o e Cultura\"},\"image\":{\"@id\":\"https:\/\/educacao.cambe.pr.gov.br\/#\/schema\/logo\/image\/\"}}]}<\/script>\n<!-- \/ Yoast SEO plugin. -->","yoast_head_json":{"title":"E.M. Pedro Tkotz - Secretaria de Educa\u00e7\u00e3o e Cultura","robots":{"index":"index","follow":"follow","max-snippet":"max-snippet:-1","max-image-preview":"max-image-preview:large","max-video-preview":"max-video-preview:-1"},"canonical":"https:\/\/educacao.cambe.pr.gov.br\/index.php\/e-m-pedro-tkotz\/","og_locale":"pt_BR","og_type":"article","og_title":"E.M. Pedro Tkotz - Secretaria de Educa\u00e7\u00e3o e Cultura","og_description":"Pedro Tkotz, filho de Franz e Martha Tkotz, nasceu em 29 de junho de 1887, na cidade de Koenigshuette \u2013 Alta Sil\u00e9sia \u2013 Alemanha e faleceu em 13 de fevereiro de 1970, em Camb\u00e9-Paran\u00e1-Brasil. Era casado com Martha Dubiel Tkotz, nascida em 25 de maio de 1895, tamb\u00e9m em Koenigshuette \u2013 Alemanha, falecida em 04 [&hellip;]","og_url":"https:\/\/educacao.cambe.pr.gov.br\/index.php\/e-m-pedro-tkotz\/","og_site_name":"Secretaria de Educa\u00e7\u00e3o e Cultura","twitter_card":"summary_large_image","twitter_misc":{"Est. tempo de leitura":"3 minutos"},"schema":{"@context":"https:\/\/schema.org","@graph":[{"@type":"WebPage","@id":"https:\/\/educacao.cambe.pr.gov.br\/index.php\/e-m-pedro-tkotz\/","url":"https:\/\/educacao.cambe.pr.gov.br\/index.php\/e-m-pedro-tkotz\/","name":"E.M. Pedro Tkotz - Secretaria de Educa\u00e7\u00e3o e Cultura","isPartOf":{"@id":"https:\/\/educacao.cambe.pr.gov.br\/#website"},"datePublished":"2023-11-30T18:19:00+00:00","breadcrumb":{"@id":"https:\/\/educacao.cambe.pr.gov.br\/index.php\/e-m-pedro-tkotz\/#breadcrumb"},"inLanguage":"pt-BR","potentialAction":[{"@type":"ReadAction","target":["https:\/\/educacao.cambe.pr.gov.br\/index.php\/e-m-pedro-tkotz\/"]}]},{"@type":"BreadcrumbList","@id":"https:\/\/educacao.cambe.pr.gov.br\/index.php\/e-m-pedro-tkotz\/#breadcrumb","itemListElement":[{"@type":"ListItem","position":1,"name":"In\u00edcio","item":"https:\/\/educacao.cambe.pr.gov.br\/"},{"@type":"ListItem","position":2,"name":"E.M. Pedro Tkotz"}]},{"@type":"WebSite","@id":"https:\/\/educacao.cambe.pr.gov.br\/#website","url":"https:\/\/educacao.cambe.pr.gov.br\/","name":"Secretaria de Educa\u00e7\u00e3o e Cultura","description":"Prefeitura de Camb\u00e9","publisher":{"@id":"https:\/\/educacao.cambe.pr.gov.br\/#organization"},"potentialAction":[{"@type":"SearchAction","target":{"@type":"EntryPoint","urlTemplate":"https:\/\/educacao.cambe.pr.gov.br\/?s={search_term_string}"},"query-input":{"@type":"PropertyValueSpecification","valueRequired":true,"valueName":"search_term_string"}}],"inLanguage":"pt-BR"},{"@type":"Organization","@id":"https:\/\/educacao.cambe.pr.gov.br\/#organization","name":"Secretaria de Educa\u00e7\u00e3o e Cultura","url":"https:\/\/educacao.cambe.pr.gov.br\/","logo":{"@type":"ImageObject","inLanguage":"pt-BR","@id":"https:\/\/educacao.cambe.pr.gov.br\/#\/schema\/logo\/image\/","url":"https:\/\/educacao.cambe.pr.gov.br\/wp-content\/uploads\/2020\/08\/cambe_rural_brazao-pq.png","contentUrl":"https:\/\/educacao.cambe.pr.gov.br\/wp-content\/uploads\/2020\/08\/cambe_rural_brazao-pq.png","width":150,"height":150,"caption":"Secretaria de Educa\u00e7\u00e3o e Cultura"},"image":{"@id":"https:\/\/educacao.cambe.pr.gov.br\/#\/schema\/logo\/image\/"}}]}},"_links":{"self":[{"href":"https:\/\/educacao.cambe.pr.gov.br\/index.php\/wp-json\/wp\/v2\/pages\/3306","targetHints":{"allow":["GET"]}}],"collection":[{"href":"https:\/\/educacao.cambe.pr.gov.br\/index.php\/wp-json\/wp\/v2\/pages"}],"about":[{"href":"https:\/\/educacao.cambe.pr.gov.br\/index.php\/wp-json\/wp\/v2\/types\/page"}],"author":[{"embeddable":true,"href":"https:\/\/educacao.cambe.pr.gov.br\/index.php\/wp-json\/wp\/v2\/users\/7"}],"replies":[{"embeddable":true,"href":"https:\/\/educacao.cambe.pr.gov.br\/index.php\/wp-json\/wp\/v2\/comments?post=3306"}],"version-history":[{"count":1,"href":"https:\/\/educacao.cambe.pr.gov.br\/index.php\/wp-json\/wp\/v2\/pages\/3306\/revisions"}],"predecessor-version":[{"id":3310,"href":"https:\/\/educacao.cambe.pr.gov.br\/index.php\/wp-json\/wp\/v2\/pages\/3306\/revisions\/3310"}],"wp:attachment":[{"href":"https:\/\/educacao.cambe.pr.gov.br\/index.php\/wp-json\/wp\/v2\/media?parent=3306"}],"curies":[{"name":"wp","href":"https:\/\/api.w.org\/{rel}","templated":true}]}}