{"id":3246,"date":"2023-11-30T14:46:40","date_gmt":"2023-11-30T17:46:40","guid":{"rendered":"https:\/\/educacao.cambe.pr.gov.br\/?page_id=3246"},"modified":"2023-11-30T14:46:40","modified_gmt":"2023-11-30T17:46:40","slug":"cmei-dr-daisaku-ikeda","status":"publish","type":"page","link":"https:\/\/educacao.cambe.pr.gov.br\/index.php\/cmei-dr-daisaku-ikeda\/","title":{"rendered":"CMEI. Dr. Daisaku Ikeda"},"content":{"rendered":"<table class=\"blog\" cellspacing=\"0\" cellpadding=\"0\">\n<tbody>\n<tr>\n<td valign=\"top\">\n<div>\n<div class=\"contentpaneopen\">\n<div class=\"article-content\">\n<p>O Centro Municipal de Educa\u00e7\u00e3o Infantil Dr. Daisaku Ikeda recebeu esta denomina\u00e7\u00e3o em homenagem a uma celebridade internacional que desenvolve atividades voltadas para a paz, educa\u00e7\u00e3o, cultura e meio ambiente e tem efetuado intensivas atividades de aux\u00edlio a refugiados junto a ONU.<br \/>\nO Dr. Daisaku Ikeda fundou Universidades, Escolas de Ensino Fundamental e M\u00e9dio; recebeu o t\u00edtulo de Honoris Causa, em mais de 130 Universidades do mundo; pacifista, fil\u00f3sofo, poeta laureado e escritor com obras em mais de 20 idiomas. \u00c9 s\u00f3cio correspondente da Academia Brasileira de Letras desde 1992, ocupa a cadeira n\u00ba14.<br \/>\nO governo do Estado do Paran\u00e1 em 14\/10\/2005 prestou homenagem ao Sr. Daisaku Ikeda, instituindo um Dia Especial no Estado, a ser comemorado anualmente no dia 24 de agosto, conforme a Lei n\u00ba 14.852.<br \/>\nConsiderando bel\u00edssimo trabalho que desenvolve a n\u00edvel nacional e internacional, a homenagem prestado ao Dr. Daisaku Ikeda em Camb\u00e9, foi amplamente divulgada pela BSGI Internacional, sendo inclusive notificada em jornal japon\u00eas que circula por 190 pa\u00edses.<br \/>\nAtrav\u00e9s da exposi\u00e7\u00e3o de motivos para mudan\u00e7a da denomina\u00e7\u00e3o, a Pr\u00e9 \u2013 Escola Municipal \u201cO Cogumelo\u201d, Camb\u00e9 \u2013 Paran\u00e1, teve seu nome alterado por for\u00e7a da Lei Municipal n\u00ba 1761\/23004, recebendo a denomina\u00e7\u00e3o de Pr\u00e9 Escola Municipal \u201cDr. Daisaku Ikeda\u201d.<br \/>\nEm Publica\u00e7\u00e3o no Di\u00e1rio Oficial n\u00ba 7316 de 22 de setembro de 2006, a Pr\u00e9 Escola Municipal \u201cO Cogumelo\u201d passa a ser denominada como Centro Municipal de Educa\u00e7\u00e3o Infantil \u201cDr. Daisaku Ikeda\u201d a partir da referida data.<\/p>\n<\/div>\n<\/div>\n<\/div>\n<\/td>\n<\/tr>\n<tr>\n<td align=\"center\" valign=\"top\"><\/td>\n<\/tr>\n<\/tbody>\n<\/table>\n","protected":false},"excerpt":{"rendered":"<p>O Centro Municipal de Educa\u00e7\u00e3o Infantil Dr. Daisaku Ikeda recebeu esta denomina\u00e7\u00e3o em homenagem a uma celebridade internacional que desenvolve atividades voltadas para a paz, educa\u00e7\u00e3o, cultura e meio ambiente e tem efetuado intensivas atividades de aux\u00edlio a refugiados junto a ONU. O Dr. Daisaku Ikeda fundou Universidades, Escolas de Ensino Fundamental e M\u00e9dio; recebeu [&hellip;]<\/p>\n","protected":false},"author":7,"featured_media":0,"parent":0,"menu_order":0,"comment_status":"closed","ping_status":"closed","template":"","meta":{"ngg_post_thumbnail":0,"footnotes":""},"class_list":["post-3246","page","type-page","status-publish","hentry"],"yoast_head":"<!-- This site is optimized with the Yoast SEO plugin v24.4 - https:\/\/yoast.com\/wordpress\/plugins\/seo\/ -->\n<title>CMEI. Dr. Daisaku Ikeda - Secretaria de Educa\u00e7\u00e3o e Cultura<\/title>\n<meta name=\"robots\" content=\"index, follow, max-snippet:-1, max-image-preview:large, max-video-preview:-1\" \/>\n<link rel=\"canonical\" href=\"https:\/\/educacao.cambe.pr.gov.br\/index.php\/cmei-dr-daisaku-ikeda\/\" \/>\n<meta property=\"og:locale\" content=\"pt_BR\" \/>\n<meta property=\"og:type\" content=\"article\" \/>\n<meta property=\"og:title\" content=\"CMEI. Dr. Daisaku Ikeda - Secretaria de Educa\u00e7\u00e3o e Cultura\" \/>\n<meta property=\"og:description\" content=\"O Centro Municipal de Educa\u00e7\u00e3o Infantil Dr. Daisaku Ikeda recebeu esta denomina\u00e7\u00e3o em homenagem a uma celebridade internacional que desenvolve atividades voltadas para a paz, educa\u00e7\u00e3o, cultura e meio ambiente e tem efetuado intensivas atividades de aux\u00edlio a refugiados junto a ONU. O Dr. Daisaku Ikeda fundou Universidades, Escolas de Ensino Fundamental e M\u00e9dio; recebeu [&hellip;]\" \/>\n<meta property=\"og:url\" content=\"https:\/\/educacao.cambe.pr.gov.br\/index.php\/cmei-dr-daisaku-ikeda\/\" \/>\n<meta property=\"og:site_name\" content=\"Secretaria de Educa\u00e7\u00e3o e Cultura\" \/>\n<meta name=\"twitter:card\" content=\"summary_large_image\" \/>\n<meta name=\"twitter:label1\" content=\"Est. tempo de leitura\" \/>\n\t<meta name=\"twitter:data1\" content=\"1 minuto\" \/>\n<script type=\"application\/ld+json\" class=\"yoast-schema-graph\">{\"@context\":\"https:\/\/schema.org\",\"@graph\":[{\"@type\":\"WebPage\",\"@id\":\"https:\/\/educacao.cambe.pr.gov.br\/index.php\/cmei-dr-daisaku-ikeda\/\",\"url\":\"https:\/\/educacao.cambe.pr.gov.br\/index.php\/cmei-dr-daisaku-ikeda\/\",\"name\":\"CMEI. Dr. Daisaku Ikeda - Secretaria de Educa\u00e7\u00e3o e Cultura\",\"isPartOf\":{\"@id\":\"https:\/\/educacao.cambe.pr.gov.br\/#website\"},\"datePublished\":\"2023-11-30T17:46:40+00:00\",\"breadcrumb\":{\"@id\":\"https:\/\/educacao.cambe.pr.gov.br\/index.php\/cmei-dr-daisaku-ikeda\/#breadcrumb\"},\"inLanguage\":\"pt-BR\",\"potentialAction\":[{\"@type\":\"ReadAction\",\"target\":[\"https:\/\/educacao.cambe.pr.gov.br\/index.php\/cmei-dr-daisaku-ikeda\/\"]}]},{\"@type\":\"BreadcrumbList\",\"@id\":\"https:\/\/educacao.cambe.pr.gov.br\/index.php\/cmei-dr-daisaku-ikeda\/#breadcrumb\",\"itemListElement\":[{\"@type\":\"ListItem\",\"position\":1,\"name\":\"In\u00edcio\",\"item\":\"https:\/\/educacao.cambe.pr.gov.br\/\"},{\"@type\":\"ListItem\",\"position\":2,\"name\":\"CMEI. Dr. Daisaku Ikeda\"}]},{\"@type\":\"WebSite\",\"@id\":\"https:\/\/educacao.cambe.pr.gov.br\/#website\",\"url\":\"https:\/\/educacao.cambe.pr.gov.br\/\",\"name\":\"Secretaria de Educa\u00e7\u00e3o e Cultura\",\"description\":\"Prefeitura de Camb\u00e9\",\"publisher\":{\"@id\":\"https:\/\/educacao.cambe.pr.gov.br\/#organization\"},\"potentialAction\":[{\"@type\":\"SearchAction\",\"target\":{\"@type\":\"EntryPoint\",\"urlTemplate\":\"https:\/\/educacao.cambe.pr.gov.br\/?s={search_term_string}\"},\"query-input\":{\"@type\":\"PropertyValueSpecification\",\"valueRequired\":true,\"valueName\":\"search_term_string\"}}],\"inLanguage\":\"pt-BR\"},{\"@type\":\"Organization\",\"@id\":\"https:\/\/educacao.cambe.pr.gov.br\/#organization\",\"name\":\"Secretaria de Educa\u00e7\u00e3o e Cultura\",\"url\":\"https:\/\/educacao.cambe.pr.gov.br\/\",\"logo\":{\"@type\":\"ImageObject\",\"inLanguage\":\"pt-BR\",\"@id\":\"https:\/\/educacao.cambe.pr.gov.br\/#\/schema\/logo\/image\/\",\"url\":\"https:\/\/educacao.cambe.pr.gov.br\/wp-content\/uploads\/2020\/08\/cambe_rural_brazao-pq.png\",\"contentUrl\":\"https:\/\/educacao.cambe.pr.gov.br\/wp-content\/uploads\/2020\/08\/cambe_rural_brazao-pq.png\",\"width\":150,\"height\":150,\"caption\":\"Secretaria de Educa\u00e7\u00e3o e Cultura\"},\"image\":{\"@id\":\"https:\/\/educacao.cambe.pr.gov.br\/#\/schema\/logo\/image\/\"}}]}<\/script>\n<!-- \/ Yoast SEO plugin. -->","yoast_head_json":{"title":"CMEI. Dr. Daisaku Ikeda - Secretaria de Educa\u00e7\u00e3o e Cultura","robots":{"index":"index","follow":"follow","max-snippet":"max-snippet:-1","max-image-preview":"max-image-preview:large","max-video-preview":"max-video-preview:-1"},"canonical":"https:\/\/educacao.cambe.pr.gov.br\/index.php\/cmei-dr-daisaku-ikeda\/","og_locale":"pt_BR","og_type":"article","og_title":"CMEI. Dr. Daisaku Ikeda - Secretaria de Educa\u00e7\u00e3o e Cultura","og_description":"O Centro Municipal de Educa\u00e7\u00e3o Infantil Dr. Daisaku Ikeda recebeu esta denomina\u00e7\u00e3o em homenagem a uma celebridade internacional que desenvolve atividades voltadas para a paz, educa\u00e7\u00e3o, cultura e meio ambiente e tem efetuado intensivas atividades de aux\u00edlio a refugiados junto a ONU. O Dr. Daisaku Ikeda fundou Universidades, Escolas de Ensino Fundamental e M\u00e9dio; recebeu [&hellip;]","og_url":"https:\/\/educacao.cambe.pr.gov.br\/index.php\/cmei-dr-daisaku-ikeda\/","og_site_name":"Secretaria de Educa\u00e7\u00e3o e Cultura","twitter_card":"summary_large_image","twitter_misc":{"Est. tempo de leitura":"1 minuto"},"schema":{"@context":"https:\/\/schema.org","@graph":[{"@type":"WebPage","@id":"https:\/\/educacao.cambe.pr.gov.br\/index.php\/cmei-dr-daisaku-ikeda\/","url":"https:\/\/educacao.cambe.pr.gov.br\/index.php\/cmei-dr-daisaku-ikeda\/","name":"CMEI. Dr. Daisaku Ikeda - Secretaria de Educa\u00e7\u00e3o e Cultura","isPartOf":{"@id":"https:\/\/educacao.cambe.pr.gov.br\/#website"},"datePublished":"2023-11-30T17:46:40+00:00","breadcrumb":{"@id":"https:\/\/educacao.cambe.pr.gov.br\/index.php\/cmei-dr-daisaku-ikeda\/#breadcrumb"},"inLanguage":"pt-BR","potentialAction":[{"@type":"ReadAction","target":["https:\/\/educacao.cambe.pr.gov.br\/index.php\/cmei-dr-daisaku-ikeda\/"]}]},{"@type":"BreadcrumbList","@id":"https:\/\/educacao.cambe.pr.gov.br\/index.php\/cmei-dr-daisaku-ikeda\/#breadcrumb","itemListElement":[{"@type":"ListItem","position":1,"name":"In\u00edcio","item":"https:\/\/educacao.cambe.pr.gov.br\/"},{"@type":"ListItem","position":2,"name":"CMEI. Dr. Daisaku Ikeda"}]},{"@type":"WebSite","@id":"https:\/\/educacao.cambe.pr.gov.br\/#website","url":"https:\/\/educacao.cambe.pr.gov.br\/","name":"Secretaria de Educa\u00e7\u00e3o e Cultura","description":"Prefeitura de Camb\u00e9","publisher":{"@id":"https:\/\/educacao.cambe.pr.gov.br\/#organization"},"potentialAction":[{"@type":"SearchAction","target":{"@type":"EntryPoint","urlTemplate":"https:\/\/educacao.cambe.pr.gov.br\/?s={search_term_string}"},"query-input":{"@type":"PropertyValueSpecification","valueRequired":true,"valueName":"search_term_string"}}],"inLanguage":"pt-BR"},{"@type":"Organization","@id":"https:\/\/educacao.cambe.pr.gov.br\/#organization","name":"Secretaria de Educa\u00e7\u00e3o e Cultura","url":"https:\/\/educacao.cambe.pr.gov.br\/","logo":{"@type":"ImageObject","inLanguage":"pt-BR","@id":"https:\/\/educacao.cambe.pr.gov.br\/#\/schema\/logo\/image\/","url":"https:\/\/educacao.cambe.pr.gov.br\/wp-content\/uploads\/2020\/08\/cambe_rural_brazao-pq.png","contentUrl":"https:\/\/educacao.cambe.pr.gov.br\/wp-content\/uploads\/2020\/08\/cambe_rural_brazao-pq.png","width":150,"height":150,"caption":"Secretaria de Educa\u00e7\u00e3o e Cultura"},"image":{"@id":"https:\/\/educacao.cambe.pr.gov.br\/#\/schema\/logo\/image\/"}}]}},"_links":{"self":[{"href":"https:\/\/educacao.cambe.pr.gov.br\/index.php\/wp-json\/wp\/v2\/pages\/3246","targetHints":{"allow":["GET"]}}],"collection":[{"href":"https:\/\/educacao.cambe.pr.gov.br\/index.php\/wp-json\/wp\/v2\/pages"}],"about":[{"href":"https:\/\/educacao.cambe.pr.gov.br\/index.php\/wp-json\/wp\/v2\/types\/page"}],"author":[{"embeddable":true,"href":"https:\/\/educacao.cambe.pr.gov.br\/index.php\/wp-json\/wp\/v2\/users\/7"}],"replies":[{"embeddable":true,"href":"https:\/\/educacao.cambe.pr.gov.br\/index.php\/wp-json\/wp\/v2\/comments?post=3246"}],"version-history":[{"count":1,"href":"https:\/\/educacao.cambe.pr.gov.br\/index.php\/wp-json\/wp\/v2\/pages\/3246\/revisions"}],"predecessor-version":[{"id":3247,"href":"https:\/\/educacao.cambe.pr.gov.br\/index.php\/wp-json\/wp\/v2\/pages\/3246\/revisions\/3247"}],"wp:attachment":[{"href":"https:\/\/educacao.cambe.pr.gov.br\/index.php\/wp-json\/wp\/v2\/media?parent=3246"}],"curies":[{"name":"wp","href":"https:\/\/api.w.org\/{rel}","templated":true}]}}