{"id":292,"date":"2020-08-24T19:07:41","date_gmt":"2020-08-24T22:07:41","guid":{"rendered":"http:\/\/educacao.cambe.pr.gov.br\/?page_id=292"},"modified":"2020-10-05T10:25:49","modified_gmt":"2020-10-05T13:25:49","slug":"sobre-a-viagem-historica","status":"publish","type":"page","link":"https:\/\/educacao.cambe.pr.gov.br\/index.php\/sobre-a-viagem-historica\/","title":{"rendered":"Sobre a Viagem Hist\u00f3rica"},"content":{"rendered":"<p style=\"text-align: justify;\">Para valorizar e preservar a cidade onde moramos \u00e9 preciso antes conhec\u00ea-la. Com esse intuito, a Secretaria Municipal de Educa\u00e7\u00e3o desenvolve desde 2009 o projeto \u201cViagem Hist\u00f3rica Pelos Caminhos de Camb\u00e9\u201d, que envolve estudos te\u00f3ricos e pr\u00e1ticos com alunos de terceiro ano do Ensino Fundamental das escolas municipais da cidade, procurando formar agentes multiplicadores para a valoriza\u00e7\u00e3o e prote\u00e7\u00e3o do patrim\u00f4nio hist\u00f3rico, cultural e natural do munic\u00edpio. O projeto \u00e9 composto por quatro etapas que se estendem durante todo o ano letivo. S\u00e3o elas: Forma\u00e7\u00e3o para os professores que atuam com as disciplinas de Hist\u00f3ria e Geografia nos terceiros anos atrav\u00e9s de palestras sobre a hist\u00f3ria da coloniza\u00e7\u00e3o da cidade; Aula de Campo intitulada \u201cViagem Hist\u00f3rica Inaugural\u201d com os referidos professores; \u201cViagem Hist\u00f3rica\u201d com os alunos estudantes do terceiro ano do ensino fundamental e Exposi\u00e7\u00e3o \u201cViagem Hist\u00f3rica pelos Caminhos de Camb\u00e9, que propicia o momento de finaliza\u00e7\u00e3o das atividades, onde os alunos exp\u00f5em trabalhos realizados ap\u00f3s estes estudos\u201d.&nbsp;<\/p>\n<p style=\"text-align: justify;\">Estes projeto proporciona que os alunos fa\u00e7am uma retrospectiva hist\u00f3rica, conhecendo fatos, lugares&nbsp; e&nbsp; pessoas que foram fundamentais para a forma\u00e7\u00e3o e desenvolvimento da cidade, atrav\u00e9s do contato com&nbsp; diversas fontes hist\u00f3ricas como pinturas, desenhos, constru\u00e7\u00f5es, fotos e objetos&nbsp; que mostram a hist\u00f3ria da popula\u00e7\u00e3o de Camb\u00e9 .<\/p>\n<p style=\"text-align: justify;\">A cada ano, a exposi\u00e7\u00e3o procura destacar elementos hist\u00f3ricos da cidade. No ano passado, os alunos trabalharam com as fontes escritas, em especial os relatos dos pioneiros. Em an\u00e1lise a estes documentos, os professores trabalharam o contexto hist\u00f3rico relatado e por meio dos conte\u00fados curriculares, os alunos realizaram trabalhos que posteriormente foram mostrados na exposi\u00e7\u00e3o.<\/p>\n","protected":false},"excerpt":{"rendered":"<p>Para valorizar e preservar a cidade onde moramos \u00e9 preciso antes conhec\u00ea-la. Com esse intuito, a Secretaria Municipal de Educa\u00e7\u00e3o desenvolve desde 2009 o projeto \u201cViagem Hist\u00f3rica Pelos Caminhos de Camb\u00e9\u201d, que envolve estudos te\u00f3ricos e pr\u00e1ticos com alunos de terceiro ano do Ensino Fundamental das escolas municipais da cidade, procurando formar agentes multiplicadores para [&hellip;]<\/p>\n","protected":false},"author":7,"featured_media":0,"parent":0,"menu_order":0,"comment_status":"closed","ping_status":"closed","template":"","meta":{"ngg_post_thumbnail":0,"footnotes":""},"class_list":["post-292","page","type-page","status-publish","hentry"],"yoast_head":"<!-- This site is optimized with the Yoast SEO plugin v24.4 - https:\/\/yoast.com\/wordpress\/plugins\/seo\/ -->\n<title>Sobre a Viagem Hist\u00f3rica - Secretaria de Educa\u00e7\u00e3o e Cultura<\/title>\n<meta name=\"robots\" content=\"index, follow, max-snippet:-1, max-image-preview:large, max-video-preview:-1\" \/>\n<link rel=\"canonical\" href=\"https:\/\/educacao.cambe.pr.gov.br\/index.php\/sobre-a-viagem-historica\/\" \/>\n<meta property=\"og:locale\" content=\"pt_BR\" \/>\n<meta property=\"og:type\" content=\"article\" \/>\n<meta property=\"og:title\" content=\"Sobre a Viagem Hist\u00f3rica - Secretaria de Educa\u00e7\u00e3o e Cultura\" \/>\n<meta property=\"og:description\" content=\"Para valorizar e preservar a cidade onde moramos \u00e9 preciso antes conhec\u00ea-la. Com esse intuito, a Secretaria Municipal de Educa\u00e7\u00e3o desenvolve desde 2009 o projeto \u201cViagem Hist\u00f3rica Pelos Caminhos de Camb\u00e9\u201d, que envolve estudos te\u00f3ricos e pr\u00e1ticos com alunos de terceiro ano do Ensino Fundamental das escolas municipais da cidade, procurando formar agentes multiplicadores para [&hellip;]\" \/>\n<meta property=\"og:url\" content=\"https:\/\/educacao.cambe.pr.gov.br\/index.php\/sobre-a-viagem-historica\/\" \/>\n<meta property=\"og:site_name\" content=\"Secretaria de Educa\u00e7\u00e3o e Cultura\" \/>\n<meta property=\"article:modified_time\" content=\"2020-10-05T13:25:49+00:00\" \/>\n<meta name=\"twitter:card\" content=\"summary_large_image\" \/>\n<meta name=\"twitter:label1\" content=\"Est. tempo de leitura\" \/>\n\t<meta name=\"twitter:data1\" content=\"1 minuto\" \/>\n<script type=\"application\/ld+json\" class=\"yoast-schema-graph\">{\"@context\":\"https:\/\/schema.org\",\"@graph\":[{\"@type\":\"WebPage\",\"@id\":\"https:\/\/educacao.cambe.pr.gov.br\/index.php\/sobre-a-viagem-historica\/\",\"url\":\"https:\/\/educacao.cambe.pr.gov.br\/index.php\/sobre-a-viagem-historica\/\",\"name\":\"Sobre a Viagem Hist\u00f3rica - Secretaria de Educa\u00e7\u00e3o e Cultura\",\"isPartOf\":{\"@id\":\"https:\/\/educacao.cambe.pr.gov.br\/#website\"},\"datePublished\":\"2020-08-24T22:07:41+00:00\",\"dateModified\":\"2020-10-05T13:25:49+00:00\",\"breadcrumb\":{\"@id\":\"https:\/\/educacao.cambe.pr.gov.br\/index.php\/sobre-a-viagem-historica\/#breadcrumb\"},\"inLanguage\":\"pt-BR\",\"potentialAction\":[{\"@type\":\"ReadAction\",\"target\":[\"https:\/\/educacao.cambe.pr.gov.br\/index.php\/sobre-a-viagem-historica\/\"]}]},{\"@type\":\"BreadcrumbList\",\"@id\":\"https:\/\/educacao.cambe.pr.gov.br\/index.php\/sobre-a-viagem-historica\/#breadcrumb\",\"itemListElement\":[{\"@type\":\"ListItem\",\"position\":1,\"name\":\"In\u00edcio\",\"item\":\"https:\/\/educacao.cambe.pr.gov.br\/\"},{\"@type\":\"ListItem\",\"position\":2,\"name\":\"Sobre a Viagem Hist\u00f3rica\"}]},{\"@type\":\"WebSite\",\"@id\":\"https:\/\/educacao.cambe.pr.gov.br\/#website\",\"url\":\"https:\/\/educacao.cambe.pr.gov.br\/\",\"name\":\"Secretaria de Educa\u00e7\u00e3o e Cultura\",\"description\":\"Prefeitura de Camb\u00e9\",\"publisher\":{\"@id\":\"https:\/\/educacao.cambe.pr.gov.br\/#organization\"},\"potentialAction\":[{\"@type\":\"SearchAction\",\"target\":{\"@type\":\"EntryPoint\",\"urlTemplate\":\"https:\/\/educacao.cambe.pr.gov.br\/?s={search_term_string}\"},\"query-input\":{\"@type\":\"PropertyValueSpecification\",\"valueRequired\":true,\"valueName\":\"search_term_string\"}}],\"inLanguage\":\"pt-BR\"},{\"@type\":\"Organization\",\"@id\":\"https:\/\/educacao.cambe.pr.gov.br\/#organization\",\"name\":\"Secretaria de Educa\u00e7\u00e3o e Cultura\",\"url\":\"https:\/\/educacao.cambe.pr.gov.br\/\",\"logo\":{\"@type\":\"ImageObject\",\"inLanguage\":\"pt-BR\",\"@id\":\"https:\/\/educacao.cambe.pr.gov.br\/#\/schema\/logo\/image\/\",\"url\":\"https:\/\/educacao.cambe.pr.gov.br\/wp-content\/uploads\/2020\/08\/cambe_rural_brazao-pq.png\",\"contentUrl\":\"https:\/\/educacao.cambe.pr.gov.br\/wp-content\/uploads\/2020\/08\/cambe_rural_brazao-pq.png\",\"width\":150,\"height\":150,\"caption\":\"Secretaria de Educa\u00e7\u00e3o e Cultura\"},\"image\":{\"@id\":\"https:\/\/educacao.cambe.pr.gov.br\/#\/schema\/logo\/image\/\"}}]}<\/script>\n<!-- \/ Yoast SEO plugin. -->","yoast_head_json":{"title":"Sobre a Viagem Hist\u00f3rica - Secretaria de Educa\u00e7\u00e3o e Cultura","robots":{"index":"index","follow":"follow","max-snippet":"max-snippet:-1","max-image-preview":"max-image-preview:large","max-video-preview":"max-video-preview:-1"},"canonical":"https:\/\/educacao.cambe.pr.gov.br\/index.php\/sobre-a-viagem-historica\/","og_locale":"pt_BR","og_type":"article","og_title":"Sobre a Viagem Hist\u00f3rica - Secretaria de Educa\u00e7\u00e3o e Cultura","og_description":"Para valorizar e preservar a cidade onde moramos \u00e9 preciso antes conhec\u00ea-la. Com esse intuito, a Secretaria Municipal de Educa\u00e7\u00e3o desenvolve desde 2009 o projeto \u201cViagem Hist\u00f3rica Pelos Caminhos de Camb\u00e9\u201d, que envolve estudos te\u00f3ricos e pr\u00e1ticos com alunos de terceiro ano do Ensino Fundamental das escolas municipais da cidade, procurando formar agentes multiplicadores para [&hellip;]","og_url":"https:\/\/educacao.cambe.pr.gov.br\/index.php\/sobre-a-viagem-historica\/","og_site_name":"Secretaria de Educa\u00e7\u00e3o e Cultura","article_modified_time":"2020-10-05T13:25:49+00:00","twitter_card":"summary_large_image","twitter_misc":{"Est. tempo de leitura":"1 minuto"},"schema":{"@context":"https:\/\/schema.org","@graph":[{"@type":"WebPage","@id":"https:\/\/educacao.cambe.pr.gov.br\/index.php\/sobre-a-viagem-historica\/","url":"https:\/\/educacao.cambe.pr.gov.br\/index.php\/sobre-a-viagem-historica\/","name":"Sobre a Viagem Hist\u00f3rica - Secretaria de Educa\u00e7\u00e3o e Cultura","isPartOf":{"@id":"https:\/\/educacao.cambe.pr.gov.br\/#website"},"datePublished":"2020-08-24T22:07:41+00:00","dateModified":"2020-10-05T13:25:49+00:00","breadcrumb":{"@id":"https:\/\/educacao.cambe.pr.gov.br\/index.php\/sobre-a-viagem-historica\/#breadcrumb"},"inLanguage":"pt-BR","potentialAction":[{"@type":"ReadAction","target":["https:\/\/educacao.cambe.pr.gov.br\/index.php\/sobre-a-viagem-historica\/"]}]},{"@type":"BreadcrumbList","@id":"https:\/\/educacao.cambe.pr.gov.br\/index.php\/sobre-a-viagem-historica\/#breadcrumb","itemListElement":[{"@type":"ListItem","position":1,"name":"In\u00edcio","item":"https:\/\/educacao.cambe.pr.gov.br\/"},{"@type":"ListItem","position":2,"name":"Sobre a Viagem Hist\u00f3rica"}]},{"@type":"WebSite","@id":"https:\/\/educacao.cambe.pr.gov.br\/#website","url":"https:\/\/educacao.cambe.pr.gov.br\/","name":"Secretaria de Educa\u00e7\u00e3o e Cultura","description":"Prefeitura de Camb\u00e9","publisher":{"@id":"https:\/\/educacao.cambe.pr.gov.br\/#organization"},"potentialAction":[{"@type":"SearchAction","target":{"@type":"EntryPoint","urlTemplate":"https:\/\/educacao.cambe.pr.gov.br\/?s={search_term_string}"},"query-input":{"@type":"PropertyValueSpecification","valueRequired":true,"valueName":"search_term_string"}}],"inLanguage":"pt-BR"},{"@type":"Organization","@id":"https:\/\/educacao.cambe.pr.gov.br\/#organization","name":"Secretaria de Educa\u00e7\u00e3o e Cultura","url":"https:\/\/educacao.cambe.pr.gov.br\/","logo":{"@type":"ImageObject","inLanguage":"pt-BR","@id":"https:\/\/educacao.cambe.pr.gov.br\/#\/schema\/logo\/image\/","url":"https:\/\/educacao.cambe.pr.gov.br\/wp-content\/uploads\/2020\/08\/cambe_rural_brazao-pq.png","contentUrl":"https:\/\/educacao.cambe.pr.gov.br\/wp-content\/uploads\/2020\/08\/cambe_rural_brazao-pq.png","width":150,"height":150,"caption":"Secretaria de Educa\u00e7\u00e3o e Cultura"},"image":{"@id":"https:\/\/educacao.cambe.pr.gov.br\/#\/schema\/logo\/image\/"}}]}},"_links":{"self":[{"href":"https:\/\/educacao.cambe.pr.gov.br\/index.php\/wp-json\/wp\/v2\/pages\/292","targetHints":{"allow":["GET"]}}],"collection":[{"href":"https:\/\/educacao.cambe.pr.gov.br\/index.php\/wp-json\/wp\/v2\/pages"}],"about":[{"href":"https:\/\/educacao.cambe.pr.gov.br\/index.php\/wp-json\/wp\/v2\/types\/page"}],"author":[{"embeddable":true,"href":"https:\/\/educacao.cambe.pr.gov.br\/index.php\/wp-json\/wp\/v2\/users\/7"}],"replies":[{"embeddable":true,"href":"https:\/\/educacao.cambe.pr.gov.br\/index.php\/wp-json\/wp\/v2\/comments?post=292"}],"version-history":[{"count":1,"href":"https:\/\/educacao.cambe.pr.gov.br\/index.php\/wp-json\/wp\/v2\/pages\/292\/revisions"}],"predecessor-version":[{"id":293,"href":"https:\/\/educacao.cambe.pr.gov.br\/index.php\/wp-json\/wp\/v2\/pages\/292\/revisions\/293"}],"wp:attachment":[{"href":"https:\/\/educacao.cambe.pr.gov.br\/index.php\/wp-json\/wp\/v2\/media?parent=292"}],"curies":[{"name":"wp","href":"https:\/\/api.w.org\/{rel}","templated":true}]}}