{"id":287,"date":"2020-08-24T18:59:14","date_gmt":"2020-08-24T21:59:14","guid":{"rendered":"http:\/\/educacao.cambe.pr.gov.br\/?page_id=287"},"modified":"2023-10-18T14:20:42","modified_gmt":"2023-10-18T17:20:42","slug":"semana-do-tdah","status":"publish","type":"page","link":"https:\/\/educacao.cambe.pr.gov.br\/index.php\/semana-do-tdah\/","title":{"rendered":"Semana de Informa\u00e7\u00e3o e Conscientiza\u00e7\u00e3o sobre o TDAH"},"content":{"rendered":"\t\t<div data-elementor-type=\"wp-page\" data-elementor-id=\"287\" class=\"elementor elementor-287\">\n\t\t\t\t\t\t<section class=\"elementor-section elementor-top-section elementor-element elementor-element-127f574 elementor-section-boxed elementor-section-height-default elementor-section-height-default\" data-id=\"127f574\" data-element_type=\"section\">\n\t\t\t\t\t\t<div class=\"elementor-container elementor-column-gap-default\">\n\t\t\t\t\t<div class=\"elementor-column elementor-col-100 elementor-top-column elementor-element elementor-element-cb08c7f\" data-id=\"cb08c7f\" data-element_type=\"column\">\n\t\t\t<div class=\"elementor-widget-wrap elementor-element-populated\">\n\t\t\t\t\t\t<div class=\"elementor-element elementor-element-59ab52e elementor-widget elementor-widget-text-editor\" data-id=\"59ab52e\" data-element_type=\"widget\" data-widget_type=\"text-editor.default\">\n\t\t\t\t<div class=\"elementor-widget-container\">\n\t\t\t\t\t\t\t\t\t<p class=\"cvGsUA direction-ltr align-justify para-style-body\"><span class=\"OYPEnA text-decoration-none text-strikethrough-none\">A Lei institui a Semana Municipal de Informa\u00e7\u00e3o e Conscientiza\u00e7\u00e3o sobre o Transtorno de D\u00e9ficit<\/span> <span class=\"OYPEnA text-decoration-none text-strikethrough-none\">de Aten\u00e7\u00e3o com Hiperatividade &#8211; TDAH. Trata-se de um evento anual, realizado sempre na primeira semana de agosto.<\/span><\/p><p class=\"cvGsUA direction-ltr align-justify para-style-body\"><span class=\"OYPEnA text-decoration-none text-strikethrough-none\">Prop\u00f3sitos: proporcionar discuss\u00f5es e reflex\u00f5es sobre o TDAH, al\u00e9m de outras tem\u00e1ticas relativas \u00e0 Educa\u00e7\u00e3o Especial.<\/span><\/p><p class=\"cvGsUA direction-ltr align-justify para-style-body\"><span class=\"OYPEnA text-decoration-none text-strikethrough-none\">A\u00e7\u00f5es desenvolvidas: Palestras, mesas-redondas, cursos, mostras de artes, socializa\u00e7\u00e3o de pr\u00e1ticas educacionais, momentos de estudos e reflex\u00f5es, proposi\u00e7\u00f5es,<\/span> <span class=\"OYPEnA text-decoration-none text-strikethrough-none\">encaminhamentos.<\/span><\/p><p class=\"cvGsUA direction-ltr align-justify para-style-body\"><span class=\"OYPEnA text-decoration-none text-strikethrough-none\">P\u00fablico-alvo:<\/span> <span class=\"OYPEnA text-decoration-none text-strikethrough-none\">As atividades s\u00e3o direcionadas aos\/\u00e0s Professores(as) e demais profissionais da Rede Municipal de Educa\u00e7\u00e3o, alunos da Rede, fam\u00edlias e comunidade em geral.<\/span><\/p>\t\t\t\t\t\t\t\t<\/div>\n\t\t\t\t<\/div>\n\t\t\t\t<div class=\"elementor-element elementor-element-aa914c2 elementor-widget elementor-widget-spacer\" data-id=\"aa914c2\" data-element_type=\"widget\" data-widget_type=\"spacer.default\">\n\t\t\t\t<div class=\"elementor-widget-container\">\n\t\t\t\t\t\t\t<div class=\"elementor-spacer\">\n\t\t\t<div class=\"elementor-spacer-inner\"><\/div>\n\t\t<\/div>\n\t\t\t\t\t\t<\/div>\n\t\t\t\t<\/div>\n\t\t\t\t<div class=\"elementor-element elementor-element-94ae4e0 elementor-widget elementor-widget-heading\" data-id=\"94ae4e0\" data-element_type=\"widget\" data-widget_type=\"heading.default\">\n\t\t\t\t<div class=\"elementor-widget-container\">\n\t\t\t\t\t<h2 class=\"elementor-heading-title elementor-size-default\">Saiba mais sobre cada edi\u00e7\u00e3o<\/h2>\t\t\t\t<\/div>\n\t\t\t\t<\/div>\n\t\t\t\t<div class=\"elementor-element elementor-element-a295e63 elementor-widget elementor-widget-text-editor\" data-id=\"a295e63\" data-element_type=\"widget\" data-widget_type=\"text-editor.default\">\n\t\t\t\t<div class=\"elementor-widget-container\">\n\t\t\t\t\t\t\t\t\t<p><strong style=\"font-size: 24px;\">2014<\/strong><br><\/p>\n<p>A primeira edi\u00e7\u00e3o contemplou o tema: &#8220;<span style=\"color: var( --e-global-color-text ); font-family: var( --e-global-typography-text-font-family ), Sans-serif; font-weight: var( --e-global-typography-text-font-weight ); font-size: 1rem;\">Aspectos Cl\u00ednicos do transtorno&#8221; contou com a p<\/span><span style=\"color: var( --e-global-color-text ); font-family: var( --e-global-typography-text-font-family ), Sans-serif; font-weight: var( --e-global-typography-text-font-weight ); font-size: 1rem;\">alestra Dra. Kamylle Mota de Pompeu &#8211; Psiquiatra CAPSi sobre a p<\/span><span style=\"color: var( --e-global-color-text ); font-family: var( --e-global-typography-text-font-family ), Sans-serif; font-weight: var( --e-global-typography-text-font-weight ); font-size: 1rem;\">esquisa: Panorama da medicaliza\u00e7\u00e3o da educa\u00e7\u00e3o no munic\u00edpio de Camb\u00e9.<\/span><\/p>\n<p><span style=\"font-size: 18pt;\"><strong><span style=\"color: var( --e-global-color-text ); font-family: var( --e-global-typography-text-font-family ), Sans-serif;\">2015<\/span><\/strong><\/span><\/p>\n<p>Na segunda edi\u00e7\u00e3o a Semana teve como objetivo aprofundar a compreens\u00e3o do transtorno a partir da Teoria Hist\u00f3rico-cultural e suas contribui\u00e7\u00f5es para o enfrentamento das dificuldades de desaten\u00e7\u00e3o e hiperatividade no ambiente escolar. Como palestrante, a secretaria de educa\u00e7\u00e3o recebeu a Professora&nbsp;<span style=\"color: var( --e-global-color-text ); font-family: var( --e-global-typography-text-font-family ), Sans-serif; font-weight: var( --e-global-typography-text-font-weight ); font-size: 1rem;\">&nbsp;Silvana Tuleski para fala sobre o tema: &#8220;<\/span><span style=\"color: var( --e-global-color-text ); font-family: var( --e-global-typography-text-font-family ), Sans-serif; font-weight: var( --e-global-typography-text-font-weight ); font-size: 1rem;\">TDAH e medicaliza\u00e7\u00e3o da inf\u00e2ncia: o que a Psicologia Hist\u00f3rico Cultural tem a dizer?&#8221;<\/span><\/p>\n<p><strong><span style=\"font-size: 18pt;\">2016<\/span><\/strong><\/p>\n<p>Para realizar a terceira semana a Equipe da Educa\u00e7\u00e3o Especial prop\u00f4s um Estudo de Caso partindo do seguinte tema: &#8220;Estrat\u00e9gias de ensino junto ao alunado com TDAH&#8221;.<\/p>\n<p><strong><span style=\"font-size: 18pt;\">2017&nbsp;<\/span><\/strong><\/p>\n<p>A quarta edi\u00e7\u00e3o contou com a proposta de uma Mesa redonda para discuss\u00e3o do tema &#8220;Medicaliza\u00e7\u00e3o da inf\u00e2ncia e suas controv\u00e9rsias&#8221; e com a participa\u00e7\u00e3o das Professoras convidadas:&nbsp;&nbsp;Silvana Tuleski, D\u00e9bora Santana e Marta Sforni que falaram sobre projeto: Pesquisa Medicaliza\u00e7\u00e3o da inf\u00e2ncia.<\/p>\n<p><strong><span style=\"font-size: 18pt;\">2018<\/span><\/strong><\/p>\n<p>A&nbsp; quinta edi\u00e7\u00e3o da Semana de&nbsp; Informa\u00e7\u00e3o e Conscientiza\u00e7\u00e3o sobre o Transtorno de D\u00e9ficit de Aten\u00e7\u00e3o com Hiperatividade revelou a import\u00e2ncia do evento para a Rede Municipal de Ensino e foi organizada para oferta de mais forma\u00e7\u00f5es. Para tanto, foi planejado o Ciclo de Palestras para a Semana do TDAH com a seguinte programa\u00e7\u00e3o:<\/p>\n<p>1-&nbsp;Palestra: Alfabetiza\u00e7\u00e3o na Teoria Hist\u00f3rico-Cultural e Pedagogia Hist\u00f3rico Cr\u00edtica: Procedimentos te\u00f3ricos e metodol\u00f3gicos.&nbsp;<span style=\"color: var( --e-global-color-text ); font-family: var( --e-global-typography-text-font-family ), Sans-serif; font-weight: var( --e-global-typography-text-font-weight ); font-size: 1rem;\">Ministrante: Tatiane Baptilani\/J\u00e9ssica Eduardo Alves.<\/span><\/p>\n<p>2- Palestra: Desenvolvendo fun\u00e7\u00f5es ps\u00edquicas com enfoque na aten\u00e7\u00e3o.&nbsp;<span style=\"color: var( --e-global-color-text ); font-family: var( --e-global-typography-text-font-family ), Sans-serif; font-weight: var( --e-global-typography-text-font-weight ); font-size: 1rem;\">Ministrante: Elaine Fonseca\/Carmen Inocente.<\/span><\/p>\n<p>3 &#8211;&nbsp;Palestra: Treinamento auditivo: uma abordagem fisiol\u00f3gica para o TDAH.&nbsp;<span style=\"color: var( --e-global-color-text ); font-family: var( --e-global-typography-text-font-family ), Sans-serif; font-weight: var( --e-global-typography-text-font-weight ); font-size: 1rem;\">Ministrante: Franciella Massi\/Adele Castro.<\/span><\/p>\n<p>4- Palestra: Experi\u00eancias de trabalhos docentes e as fun\u00e7\u00f5es ps\u00edquicas superiores.&nbsp;<span style=\"color: var( --e-global-color-text ); font-family: var( --e-global-typography-text-font-family ), Sans-serif; font-weight: var( --e-global-typography-text-font-weight ); font-size: 1rem;\">Ministrante: Marcelo Missaka\/Luciano Cardoso.<\/span><\/p>\n<p><strong><span style=\"font-size: 18pt;\">2019<\/span><\/strong><\/p>\n<p>Em 2019, na sua sexta edi\u00e7\u00e3o, a Semana de Informa\u00e7\u00e3o e Conscientiza\u00e7\u00e3o sobre o TDAH foi planejada para acontecer sob um olhar bem pr\u00e1tico e contou com propostas de Atividades desenvolvidas com a turma do 1\u00ba ano Escola Santa Isabel. Para realiza\u00e7\u00e3o deste momento a equipe da Secretaria de Educa\u00e7\u00e3o e os professores vinculados ao Setor de Educa\u00e7\u00e3o Especial se concentraram em realizar analises, reflex\u00f5es e a\u00e7\u00f5es sobre o seguinte tema:&nbsp;&#8220;Habilidades com enfoque na aten\u00e7\u00e3o&#8221;.<\/p>\n<p><span style=\"font-size: 18pt;\"><strong>2020 <\/strong><\/span><\/p>\n<p style=\"text-align: start;\">No ano em que o mundo conheceu a Pandemia da Covid-19, a realiza\u00e7\u00e3o da s\u00e9tima Semana de Informa\u00e7\u00e3o e Conscientiza\u00e7\u00e3o sobre o TDAH aconteceu adaptada aos encontros remotos\/online. E para trazer ainda mais sentido, o tema proposto para a&nbsp;<a href=\"https:\/\/youtu.be\/ZLQ2SMSl53A?si=dbV4LguN5DvYzFrD\">Live Atividade f\u00edsica, sa\u00fade mental e isolamento social [clique aqui] <\/a>foi discutido pelos&nbsp;Professores de Educa\u00e7\u00e3o F\u00edsica da Rede Municipal de Ensino Gabriel Gon\u00e7alves Freire, Osvaldino Junior e Luciano Moraes Cardoso juntos com a convidada especial Professora Dra. Josiane Medina Papst (UEL).<\/p>\n<p style=\"text-align: start;\">Em sua s\u00e9tima edi\u00e7\u00e3o ainda foram disponibilizados <a href=\"https:\/\/youtu.be\/t_9mJYU0yZo?si=KAxyBaXM_s0ud48T\">materiais informativos [clique aqui]<\/a> sobre o Transtorno de D\u00e9ficit de Aten\u00e7\u00e3o com Hiperatividade, produzidos pela Equipe do N\u00facleo de Educa\u00e7\u00e3o Especial e Estudos do Desenvolvimento Humano &#8211; NEEEDH (citanda anteriormente como Setor\/Equipe da Educa\u00e7\u00e3o Especial).&nbsp;<\/p>\n<p><span style=\"font-size: 18pt;\"><strong>2021<\/strong><\/span><\/p>\n<p>Ainda enfrentando os desafios da Pandemia da Covid-19, a oitava Semana do TDAH foi planejada para realiza\u00e7\u00e3o mista: com encontro online e presencial e contou com as seguintes produ\u00e7\u00f5es:<\/p>\n<p><a href=\"https:\/\/www.youtube.com\/live\/kijbcVzmnT0?si=zA8sHJyq_VNR7bKN\">Live: A beleza de ensinar e aprender sendo ativo na atividade de ensino. <\/a>Ministrada pelo Prof. Dr. Fernando Wolff.<\/p>\n<p>Palestra: O trabalho do Centro de Aten\u00e7\u00e3o Psicossocial para Crian\u00e7as e Adolescentes e o Impacto da Pandemia na Inf\u00e2ncia. Ministrante: Lylian Zanutto e Janaina Rizia Bordini &#8211; CAPSi<\/p>\n<p>Palestra: O Haiti est\u00e1 aqui: o olhar da gest\u00e3o escolar para as fam\u00edlias imigrantes e a diversidade. Ministrante: Marc Donald Jean Baptiste<\/p>\n<p>Exposi\u00e7\u00e3o de fotos realizada na Prefeitura e na C\u00e2mara Municipal de Camb\u00e9.<\/p>\n<p>Produ\u00e7\u00e3o dos Relatos de&nbsp; experi\u00eancias: \u201cQuando o caos se torna belo\u201d &#8211; hist\u00f3rias reais, veiculadas no <a href=\"https:\/\/youtu.be\/pxHaM1w908E?si=Af3DBvOtZWGzuayh\">Youtube [clique aqui]<\/a> e no <a href=\"https:\/\/instagram.com\/educacaocambe?igshid=NzZlODBkYWE4Ng==\">Instagram [clique aqui]<\/a> da Secretaria de Educa\u00e7\u00e3o.<\/p>\n<p><strong><span style=\"font-size: 18pt;\">2022<\/span> <\/strong><\/p>\n<p>Em nona Semana ainda exigiu muitos cuidados em rela\u00e7\u00e3o a execu\u00e7\u00e3o do evento e o cont\u00e1gio da Covid-19, mas com a dissemina\u00e7\u00e3o do v\u00edrus controlada e o avan\u00e7o da vacina\u00e7\u00e3o foi poss\u00edvel retomar os encontros e grandes eventos de modo presencial. Desta forma, as palestras e forma\u00e7\u00f5es de 2022 aconteceram a partir do tema: &#8220;A transversalidade na Educa\u00e7\u00e3o Especial: desafios e potencialidades&#8221; com o seguinte cronograma:<\/p>\n<p>Palestra: Professores e alunos \u201cespeciais\u201d quando a teoria se materializa na pr\u00e1tica educativa. Ministrante: Sonia Shima<\/p>\n<p>Palestra: Determinantes pedag\u00f3gicos para o desenvolvimento da aten\u00e7\u00e3o volunt\u00e1ria em contexto escolar. Ministrante: Marcelo Ubiali<\/p>\n<p><strong><span style=\"font-size: 18pt;\">2023<\/span><\/strong><\/p>\t\t\t\t\t\t\t\t<\/div>\n\t\t\t\t<\/div>\n\t\t\t\t\t<\/div>\n\t\t<\/div>\n\t\t\t\t\t<\/div>\n\t\t<\/section>\n\t\t\t\t<section class=\"elementor-section elementor-top-section elementor-element elementor-element-dfd6121 elementor-section-boxed elementor-section-height-default elementor-section-height-default\" data-id=\"dfd6121\" data-element_type=\"section\">\n\t\t\t\t\t\t<div class=\"elementor-container elementor-column-gap-default\">\n\t\t\t\t\t<div class=\"elementor-column elementor-col-50 elementor-top-column elementor-element elementor-element-eafcc3f\" data-id=\"eafcc3f\" data-element_type=\"column\">\n\t\t\t<div class=\"elementor-widget-wrap elementor-element-populated\">\n\t\t\t\t\t\t<div class=\"elementor-element elementor-element-63291aa elementor-widget elementor-widget-button\" data-id=\"63291aa\" data-element_type=\"widget\" data-widget_type=\"button.default\">\n\t\t\t\t<div class=\"elementor-widget-container\">\n\t\t\t\t\t\t\t\t\t<div class=\"elementor-button-wrapper\">\n\t\t\t\t\t<a class=\"elementor-button elementor-button-link elementor-size-sm\" href=\"\">\n\t\t\t\t\t\t<span class=\"elementor-button-content-wrapper\">\n\t\t\t\t\t\t\t\t\t<span class=\"elementor-button-text\">Apresenta\u00e7\u00e3o Ato P\u00fablico_retrospectiva 10 anos de lei - Clique aqui<\/span>\n\t\t\t\t\t<\/span>\n\t\t\t\t\t<\/a>\n\t\t\t\t<\/div>\n\t\t\t\t\t\t\t\t<\/div>\n\t\t\t\t<\/div>\n\t\t\t\t\t<\/div>\n\t\t<\/div>\n\t\t\t\t<div class=\"elementor-column elementor-col-50 elementor-top-column elementor-element elementor-element-d64290d\" data-id=\"d64290d\" data-element_type=\"column\">\n\t\t\t<div class=\"elementor-widget-wrap\">\n\t\t\t\t\t\t\t<\/div>\n\t\t<\/div>\n\t\t\t\t\t<\/div>\n\t\t<\/section>\n\t\t\t\t<\/div>\n\t\t","protected":false},"excerpt":{"rendered":"<p>A Lei institui a Semana Municipal de Informa\u00e7\u00e3o e Conscientiza\u00e7\u00e3o sobre o Transtorno de D\u00e9ficit de Aten\u00e7\u00e3o com Hiperatividade &#8211; TDAH. Trata-se de um evento anual, realizado sempre na primeira semana de agosto. Prop\u00f3sitos: proporcionar discuss\u00f5es e reflex\u00f5es sobre o TDAH, al\u00e9m de outras tem\u00e1ticas relativas \u00e0 Educa\u00e7\u00e3o Especial. A\u00e7\u00f5es desenvolvidas: Palestras, mesas-redondas, cursos, mostras [&hellip;]<\/p>\n","protected":false},"author":7,"featured_media":0,"parent":0,"menu_order":0,"comment_status":"closed","ping_status":"closed","template":"","meta":{"ngg_post_thumbnail":0,"footnotes":""},"class_list":["post-287","page","type-page","status-publish","hentry"],"yoast_head":"<!-- This site is optimized with the Yoast SEO plugin v24.4 - https:\/\/yoast.com\/wordpress\/plugins\/seo\/ -->\n<title>Semana de Informa\u00e7\u00e3o e Conscientiza\u00e7\u00e3o sobre o TDAH - Secretaria de Educa\u00e7\u00e3o e Cultura<\/title>\n<meta name=\"robots\" content=\"index, follow, max-snippet:-1, max-image-preview:large, max-video-preview:-1\" \/>\n<link rel=\"canonical\" href=\"https:\/\/educacao.cambe.pr.gov.br\/index.php\/semana-do-tdah\/\" \/>\n<meta property=\"og:locale\" content=\"pt_BR\" \/>\n<meta property=\"og:type\" content=\"article\" \/>\n<meta property=\"og:title\" content=\"Semana de Informa\u00e7\u00e3o e Conscientiza\u00e7\u00e3o sobre o TDAH - Secretaria de Educa\u00e7\u00e3o e Cultura\" \/>\n<meta property=\"og:description\" content=\"A Lei institui a Semana Municipal de Informa\u00e7\u00e3o e Conscientiza\u00e7\u00e3o sobre o Transtorno de D\u00e9ficit de Aten\u00e7\u00e3o com Hiperatividade &#8211; TDAH. Trata-se de um evento anual, realizado sempre na primeira semana de agosto. Prop\u00f3sitos: proporcionar discuss\u00f5es e reflex\u00f5es sobre o TDAH, al\u00e9m de outras tem\u00e1ticas relativas \u00e0 Educa\u00e7\u00e3o Especial. A\u00e7\u00f5es desenvolvidas: Palestras, mesas-redondas, cursos, mostras [&hellip;]\" \/>\n<meta property=\"og:url\" content=\"https:\/\/educacao.cambe.pr.gov.br\/index.php\/semana-do-tdah\/\" \/>\n<meta property=\"og:site_name\" content=\"Secretaria de Educa\u00e7\u00e3o e Cultura\" \/>\n<meta property=\"article:modified_time\" content=\"2023-10-18T17:20:42+00:00\" \/>\n<meta name=\"twitter:card\" content=\"summary_large_image\" \/>\n<meta name=\"twitter:label1\" content=\"Est. tempo de leitura\" \/>\n\t<meta name=\"twitter:data1\" content=\"5 minutos\" \/>\n<script type=\"application\/ld+json\" class=\"yoast-schema-graph\">{\"@context\":\"https:\/\/schema.org\",\"@graph\":[{\"@type\":\"WebPage\",\"@id\":\"https:\/\/educacao.cambe.pr.gov.br\/index.php\/semana-do-tdah\/\",\"url\":\"https:\/\/educacao.cambe.pr.gov.br\/index.php\/semana-do-tdah\/\",\"name\":\"Semana de Informa\u00e7\u00e3o e Conscientiza\u00e7\u00e3o sobre o TDAH - Secretaria de Educa\u00e7\u00e3o e Cultura\",\"isPartOf\":{\"@id\":\"https:\/\/educacao.cambe.pr.gov.br\/#website\"},\"datePublished\":\"2020-08-24T21:59:14+00:00\",\"dateModified\":\"2023-10-18T17:20:42+00:00\",\"breadcrumb\":{\"@id\":\"https:\/\/educacao.cambe.pr.gov.br\/index.php\/semana-do-tdah\/#breadcrumb\"},\"inLanguage\":\"pt-BR\",\"potentialAction\":[{\"@type\":\"ReadAction\",\"target\":[\"https:\/\/educacao.cambe.pr.gov.br\/index.php\/semana-do-tdah\/\"]}]},{\"@type\":\"BreadcrumbList\",\"@id\":\"https:\/\/educacao.cambe.pr.gov.br\/index.php\/semana-do-tdah\/#breadcrumb\",\"itemListElement\":[{\"@type\":\"ListItem\",\"position\":1,\"name\":\"In\u00edcio\",\"item\":\"https:\/\/educacao.cambe.pr.gov.br\/\"},{\"@type\":\"ListItem\",\"position\":2,\"name\":\"Semana de Informa\u00e7\u00e3o e Conscientiza\u00e7\u00e3o sobre o TDAH\"}]},{\"@type\":\"WebSite\",\"@id\":\"https:\/\/educacao.cambe.pr.gov.br\/#website\",\"url\":\"https:\/\/educacao.cambe.pr.gov.br\/\",\"name\":\"Secretaria de Educa\u00e7\u00e3o e Cultura\",\"description\":\"Prefeitura de Camb\u00e9\",\"publisher\":{\"@id\":\"https:\/\/educacao.cambe.pr.gov.br\/#organization\"},\"potentialAction\":[{\"@type\":\"SearchAction\",\"target\":{\"@type\":\"EntryPoint\",\"urlTemplate\":\"https:\/\/educacao.cambe.pr.gov.br\/?s={search_term_string}\"},\"query-input\":{\"@type\":\"PropertyValueSpecification\",\"valueRequired\":true,\"valueName\":\"search_term_string\"}}],\"inLanguage\":\"pt-BR\"},{\"@type\":\"Organization\",\"@id\":\"https:\/\/educacao.cambe.pr.gov.br\/#organization\",\"name\":\"Secretaria de Educa\u00e7\u00e3o e Cultura\",\"url\":\"https:\/\/educacao.cambe.pr.gov.br\/\",\"logo\":{\"@type\":\"ImageObject\",\"inLanguage\":\"pt-BR\",\"@id\":\"https:\/\/educacao.cambe.pr.gov.br\/#\/schema\/logo\/image\/\",\"url\":\"https:\/\/educacao.cambe.pr.gov.br\/wp-content\/uploads\/2020\/08\/cambe_rural_brazao-pq.png\",\"contentUrl\":\"https:\/\/educacao.cambe.pr.gov.br\/wp-content\/uploads\/2020\/08\/cambe_rural_brazao-pq.png\",\"width\":150,\"height\":150,\"caption\":\"Secretaria de Educa\u00e7\u00e3o e Cultura\"},\"image\":{\"@id\":\"https:\/\/educacao.cambe.pr.gov.br\/#\/schema\/logo\/image\/\"}}]}<\/script>\n<!-- \/ Yoast SEO plugin. -->","yoast_head_json":{"title":"Semana de Informa\u00e7\u00e3o e Conscientiza\u00e7\u00e3o sobre o TDAH - Secretaria de Educa\u00e7\u00e3o e Cultura","robots":{"index":"index","follow":"follow","max-snippet":"max-snippet:-1","max-image-preview":"max-image-preview:large","max-video-preview":"max-video-preview:-1"},"canonical":"https:\/\/educacao.cambe.pr.gov.br\/index.php\/semana-do-tdah\/","og_locale":"pt_BR","og_type":"article","og_title":"Semana de Informa\u00e7\u00e3o e Conscientiza\u00e7\u00e3o sobre o TDAH - Secretaria de Educa\u00e7\u00e3o e Cultura","og_description":"A Lei institui a Semana Municipal de Informa\u00e7\u00e3o e Conscientiza\u00e7\u00e3o sobre o Transtorno de D\u00e9ficit de Aten\u00e7\u00e3o com Hiperatividade &#8211; TDAH. Trata-se de um evento anual, realizado sempre na primeira semana de agosto. Prop\u00f3sitos: proporcionar discuss\u00f5es e reflex\u00f5es sobre o TDAH, al\u00e9m de outras tem\u00e1ticas relativas \u00e0 Educa\u00e7\u00e3o Especial. A\u00e7\u00f5es desenvolvidas: Palestras, mesas-redondas, cursos, mostras [&hellip;]","og_url":"https:\/\/educacao.cambe.pr.gov.br\/index.php\/semana-do-tdah\/","og_site_name":"Secretaria de Educa\u00e7\u00e3o e Cultura","article_modified_time":"2023-10-18T17:20:42+00:00","twitter_card":"summary_large_image","twitter_misc":{"Est. tempo de leitura":"5 minutos"},"schema":{"@context":"https:\/\/schema.org","@graph":[{"@type":"WebPage","@id":"https:\/\/educacao.cambe.pr.gov.br\/index.php\/semana-do-tdah\/","url":"https:\/\/educacao.cambe.pr.gov.br\/index.php\/semana-do-tdah\/","name":"Semana de Informa\u00e7\u00e3o e Conscientiza\u00e7\u00e3o sobre o TDAH - Secretaria de Educa\u00e7\u00e3o e Cultura","isPartOf":{"@id":"https:\/\/educacao.cambe.pr.gov.br\/#website"},"datePublished":"2020-08-24T21:59:14+00:00","dateModified":"2023-10-18T17:20:42+00:00","breadcrumb":{"@id":"https:\/\/educacao.cambe.pr.gov.br\/index.php\/semana-do-tdah\/#breadcrumb"},"inLanguage":"pt-BR","potentialAction":[{"@type":"ReadAction","target":["https:\/\/educacao.cambe.pr.gov.br\/index.php\/semana-do-tdah\/"]}]},{"@type":"BreadcrumbList","@id":"https:\/\/educacao.cambe.pr.gov.br\/index.php\/semana-do-tdah\/#breadcrumb","itemListElement":[{"@type":"ListItem","position":1,"name":"In\u00edcio","item":"https:\/\/educacao.cambe.pr.gov.br\/"},{"@type":"ListItem","position":2,"name":"Semana de Informa\u00e7\u00e3o e Conscientiza\u00e7\u00e3o sobre o TDAH"}]},{"@type":"WebSite","@id":"https:\/\/educacao.cambe.pr.gov.br\/#website","url":"https:\/\/educacao.cambe.pr.gov.br\/","name":"Secretaria de Educa\u00e7\u00e3o e Cultura","description":"Prefeitura de Camb\u00e9","publisher":{"@id":"https:\/\/educacao.cambe.pr.gov.br\/#organization"},"potentialAction":[{"@type":"SearchAction","target":{"@type":"EntryPoint","urlTemplate":"https:\/\/educacao.cambe.pr.gov.br\/?s={search_term_string}"},"query-input":{"@type":"PropertyValueSpecification","valueRequired":true,"valueName":"search_term_string"}}],"inLanguage":"pt-BR"},{"@type":"Organization","@id":"https:\/\/educacao.cambe.pr.gov.br\/#organization","name":"Secretaria de Educa\u00e7\u00e3o e Cultura","url":"https:\/\/educacao.cambe.pr.gov.br\/","logo":{"@type":"ImageObject","inLanguage":"pt-BR","@id":"https:\/\/educacao.cambe.pr.gov.br\/#\/schema\/logo\/image\/","url":"https:\/\/educacao.cambe.pr.gov.br\/wp-content\/uploads\/2020\/08\/cambe_rural_brazao-pq.png","contentUrl":"https:\/\/educacao.cambe.pr.gov.br\/wp-content\/uploads\/2020\/08\/cambe_rural_brazao-pq.png","width":150,"height":150,"caption":"Secretaria de Educa\u00e7\u00e3o e Cultura"},"image":{"@id":"https:\/\/educacao.cambe.pr.gov.br\/#\/schema\/logo\/image\/"}}]}},"_links":{"self":[{"href":"https:\/\/educacao.cambe.pr.gov.br\/index.php\/wp-json\/wp\/v2\/pages\/287","targetHints":{"allow":["GET"]}}],"collection":[{"href":"https:\/\/educacao.cambe.pr.gov.br\/index.php\/wp-json\/wp\/v2\/pages"}],"about":[{"href":"https:\/\/educacao.cambe.pr.gov.br\/index.php\/wp-json\/wp\/v2\/types\/page"}],"author":[{"embeddable":true,"href":"https:\/\/educacao.cambe.pr.gov.br\/index.php\/wp-json\/wp\/v2\/users\/7"}],"replies":[{"embeddable":true,"href":"https:\/\/educacao.cambe.pr.gov.br\/index.php\/wp-json\/wp\/v2\/comments?post=287"}],"version-history":[{"count":27,"href":"https:\/\/educacao.cambe.pr.gov.br\/index.php\/wp-json\/wp\/v2\/pages\/287\/revisions"}],"predecessor-version":[{"id":2960,"href":"https:\/\/educacao.cambe.pr.gov.br\/index.php\/wp-json\/wp\/v2\/pages\/287\/revisions\/2960"}],"wp:attachment":[{"href":"https:\/\/educacao.cambe.pr.gov.br\/index.php\/wp-json\/wp\/v2\/media?parent=287"}],"curies":[{"name":"wp","href":"https:\/\/api.w.org\/{rel}","templated":true}]}}