{"id":2360,"date":"2023-06-27T15:44:57","date_gmt":"2023-06-27T18:44:57","guid":{"rendered":"http:\/\/educacao.cambe.pr.gov.br\/?page_id=2360"},"modified":"2025-09-26T09:17:08","modified_gmt":"2025-09-26T12:17:08","slug":"central-unica-de-vagas","status":"publish","type":"page","link":"https:\/\/educacao.cambe.pr.gov.br\/index.php\/central-unica-de-vagas\/","title":{"rendered":"Central \u00fanica de vagas"},"content":{"rendered":"\t\t<div data-elementor-type=\"wp-page\" data-elementor-id=\"2360\" class=\"elementor elementor-2360\">\n\t\t\t\t\t\t<section class=\"elementor-section elementor-top-section elementor-element elementor-element-788ab86 elementor-section-boxed elementor-section-height-default elementor-section-height-default\" data-id=\"788ab86\" data-element_type=\"section\">\n\t\t\t\t\t\t<div class=\"elementor-container elementor-column-gap-default\">\n\t\t\t\t\t<div class=\"elementor-column elementor-col-100 elementor-top-column elementor-element elementor-element-fc25c85\" data-id=\"fc25c85\" data-element_type=\"column\">\n\t\t\t<div class=\"elementor-widget-wrap elementor-element-populated\">\n\t\t\t\t\t\t<div class=\"elementor-element elementor-element-9eba5ad elementor-widget elementor-widget-heading\" data-id=\"9eba5ad\" data-element_type=\"widget\" data-widget_type=\"heading.default\">\n\t\t\t\t<div class=\"elementor-widget-container\">\n\t\t\t\t\t<h2 class=\"elementor-heading-title elementor-size-default\">Vagas para crian\u00e7as de 0 a 3 anos<\/h2>\t\t\t\t<\/div>\n\t\t\t\t<\/div>\n\t\t\t\t\t<\/div>\n\t\t<\/div>\n\t\t\t\t\t<\/div>\n\t\t<\/section>\n\t\t\t\t<section class=\"elementor-section elementor-top-section elementor-element elementor-element-d77f157 elementor-section-boxed elementor-section-height-default elementor-section-height-default\" data-id=\"d77f157\" data-element_type=\"section\">\n\t\t\t\t\t\t<div class=\"elementor-container elementor-column-gap-default\">\n\t\t\t\t\t<div class=\"elementor-column elementor-col-100 elementor-top-column elementor-element elementor-element-5d2a1c5\" data-id=\"5d2a1c5\" data-element_type=\"column\">\n\t\t\t<div class=\"elementor-widget-wrap elementor-element-populated\">\n\t\t\t\t\t\t<div class=\"elementor-element elementor-element-55bb133 elementor-widget elementor-widget-text-editor\" data-id=\"55bb133\" data-element_type=\"widget\" data-widget_type=\"text-editor.default\">\n\t\t\t\t<div class=\"elementor-widget-container\">\n\t\t\t\t\t\t\t\t\t<p class=\"MsoNormal\"><span style=\"mso-spacerun: 'yes'; font-family: Calibri; mso-fareast-font-family: SimSun; mso-bidi-font-family: 'Times New Roman';\">O cadastro\/entrevista de inten\u00e7\u00e3o de vagas para crian\u00e7as, de 0 a 3 anos, \u00e9\u00a0 realizado pelo respons\u00e1vel legal, diretamente na Central \u00danica de Vagas:<\/span><\/p><p class=\"MsoNormal\"><span style=\"mso-spacerun: 'yes'; font-family: Calibri; mso-fareast-font-family: SimSun; mso-bidi-font-family: 'Times New Roman';\"><b>Centro Cultural &#8211; Rua Par\u00e1, 161 &#8211; Centro, Camb\u00e9\u00a0 \u00a0<\/b><\/span><\/p><p class=\"MsoNormal\"><span style=\"mso-spacerun: 'yes'; font-family: Calibri; mso-fareast-font-family: SimSun; mso-bidi-font-family: 'Times New Roman';\"><b>Hor\u00e1rio: das 08h30 \u00e0s 11h30 e das 13h \u00e0s 17h<\/b><\/span><\/p><p class=\"MsoNormal\"><span style=\"mso-spacerun: 'yes'; font-family: Calibri; mso-fareast-font-family: SimSun; mso-bidi-font-family: 'Times New Roman';\"><b>Telefone: 43 3174-9405<\/b><\/span><\/p>\t\t\t\t\t\t\t\t<\/div>\n\t\t\t\t<\/div>\n\t\t\t\t\t<\/div>\n\t\t<\/div>\n\t\t\t\t\t<\/div>\n\t\t<\/section>\n\t\t\t\t<section class=\"elementor-section elementor-top-section elementor-element elementor-element-1fda3b2 elementor-section-boxed elementor-section-height-default elementor-section-height-default\" data-id=\"1fda3b2\" data-element_type=\"section\">\n\t\t\t\t\t\t<div class=\"elementor-container elementor-column-gap-default\">\n\t\t\t\t\t<div class=\"elementor-column elementor-col-100 elementor-top-column elementor-element elementor-element-b30c7a6\" data-id=\"b30c7a6\" data-element_type=\"column\">\n\t\t\t<div class=\"elementor-widget-wrap elementor-element-populated\">\n\t\t\t\t\t\t<div class=\"elementor-element elementor-element-b670d2b elementor-widget elementor-widget-heading\" data-id=\"b670d2b\" data-element_type=\"widget\" data-widget_type=\"heading.default\">\n\t\t\t\t<div class=\"elementor-widget-container\">\n\t\t\t\t\t<h2 class=\"elementor-heading-title elementor-size-default\">Documentos necess\u00e1rios<\/h2>\t\t\t\t<\/div>\n\t\t\t\t<\/div>\n\t\t\t\t<div class=\"elementor-element elementor-element-6d7f41e elementor-widget elementor-widget-text-editor\" data-id=\"6d7f41e\" data-element_type=\"widget\" data-widget_type=\"text-editor.default\">\n\t\t\t\t<div class=\"elementor-widget-container\">\n\t\t\t\t\t\t\t\t\t<p><span style=\"mso-spacerun: 'yes'; font-family: Calibri; mso-fareast-font-family: SimSun; mso-bidi-font-family: 'Times New Roman';\">Conforme<\/span><span style=\"mso-spacerun: 'yes'; font-family: Calibri; mso-fareast-font-family: SimSun; mso-bidi-font-family: 'Times New Roman';\">\u00a0Art.3\u00ba, do Decreto n.\u00b0 570\/2022, o cadastro e a entrevista ser\u00e3o realizados pelos pais ou respons\u00e1vel legal pela crian\u00e7a, conforme estabelecido no Art.1\u00ba, I, mediante a apresenta\u00e7\u00e3o de c\u00f3pias dos seguintes documentos acompanhados dos originais para autentica\u00e7\u00e3o do servidor.<\/span><\/p><p><span style=\"mso-spacerun: 'yes'; font-family: Calibri; mso-fareast-font-family: SimSun; mso-bidi-font-family: 'Times New Roman';\">\u00a0<\/span><span style=\"font-family: Calibri; color: var( --e-global-color-text ); font-weight: var( --e-global-typography-text-font-weight ); font-size: 1rem;\">I &#8211; CRIAN\u00c7A(S):\u00a0<\/span><\/p><p><span style=\"mso-spacerun: 'yes'; font-family: Calibri; mso-fareast-font-family: SimSun; mso-bidi-font-family: 'Times New Roman';\">a) CERTID\u00c3O DE NASCIMENTO ou RNM (Registro Nacional Migrat\u00f3rio) para crian\u00e7as nascidas no exterior &#8211; documento expedido pela Pol\u00edcia Federal;<\/span><\/p><p><span style=\"mso-spacerun: 'yes'; font-family: Calibri; mso-fareast-font-family: SimSun; mso-bidi-font-family: 'Times New Roman';\">b) TERMO DE GUARDA\/TUTELA DE GUARDA (definitivo ou provis\u00f3rio) \u2013 em casos especiais\/acolhimento;\u00a0<\/span><\/p><p><span style=\"mso-spacerun: 'yes'; font-family: Calibri; mso-fareast-font-family: SimSun; mso-bidi-font-family: 'Times New Roman';\">c) LAUDO M\u00c9DICO em caso da crian\u00e7a ou outro membro da fam\u00edlia moradora na mesma resid\u00eancia ser diagnosticadas com necessidades especiais, apresentar a c\u00f3pia do laudo m\u00e9dico constando assinatura do m\u00e9dico \/ n\u00ba CID e CRM do profissional, com data m\u00e1xima de 6 meses, (sem ferir a Lei 13.431 de 06\/07\/15).<\/span><\/p><p><span style=\"mso-spacerun: 'yes'; font-family: Calibri; mso-fareast-font-family: SimSun; mso-bidi-font-family: 'Times New Roman';\">\u00a0<\/span><span style=\"font-family: Calibri; color: var( --e-global-color-text ); font-weight: var( --e-global-typography-text-font-weight ); font-size: 1rem;\">\u00a0<\/span><span style=\"font-family: Calibri; color: var( --e-global-color-text ); font-size: 1rem;\"><b>II &#8211; RESPONS\u00c1VEIS:<\/b><\/span><\/p><p><span style=\"mso-spacerun: 'yes'; font-family: Calibri; mso-fareast-font-family: SimSun; mso-bidi-font-family: 'Times New Roman';\">a) RG e CPF ou CNH (carteira de motorista) dos adultos que moram com a crian\u00e7a;<\/span><\/p><p><span style=\"mso-spacerun: 'yes'; font-family: Calibri; mso-fareast-font-family: SimSun; mso-bidi-font-family: 'Times New Roman';\">b) PAIS MENORES DE IDADE (18 ANOS) dever\u00e3o estar acompanhados pelo respons\u00e1vel (adultos) na efetua\u00e7\u00e3o do cadastro\/entrevista;<\/span><\/p><p><span style=\"mso-spacerun: 'yes'; font-family: Calibri; mso-fareast-font-family: SimSun; mso-bidi-font-family: 'Times New Roman';\">c) COMPROVANTE DE TRABALHO- Registro em carteira ou 2 \u00faltimos holerites para comprova\u00e7\u00e3o do v\u00ednculo empregat\u00edcio;<\/span><\/p><p><span style=\"mso-spacerun: 'yes'; font-family: Calibri; mso-fareast-font-family: SimSun; mso-bidi-font-family: 'Times New Roman';\">d) DECLARA\u00c7\u00c3O DE TRABALHADOR (A) AUT\u00d4NOMO, conforme Anexo II;<\/span><\/p><p><span style=\"mso-spacerun: 'yes'; font-family: Calibri; mso-fareast-font-family: SimSun; mso-bidi-font-family: 'Times New Roman';\">e) MEI (Microempreendedor Individual);<\/span><\/p><p><span style=\"mso-spacerun: 'yes'; font-family: Calibri; mso-fareast-font-family: SimSun; mso-bidi-font-family: 'Times New Roman';\">f) CONTRATO DE PRESTA\u00c7\u00c3O DE SERVI\u00c7O OU DECLARA\u00c7\u00c3O: declara\u00e7\u00e3o da pessoa a quem presta servi\u00e7os, assinada e datada, com dados da empresa (papel timbrado; carimbo; CNPJ), constando dias, hor\u00e1rios de trabalho e valor pago mensal;\u00a0<\/span><\/p><p><span style=\"mso-spacerun: 'yes'; font-family: Calibri; mso-fareast-font-family: SimSun; mso-bidi-font-family: 'Times New Roman';\">g) TRABALHADOR(A) DOM\u00c9STICO(A): CTPS ou declara\u00e7\u00e3o da pessoa a quem presta servi\u00e7os, assinada, datada, constando dias e hor\u00e1rios de trabalho;\u00a0<\/span><\/p><p><span style=\"mso-spacerun: 'yes'; font-family: Calibri; mso-fareast-font-family: SimSun; mso-bidi-font-family: 'Times New Roman';\">h) DESEMPREGADO(A): Apresentar Carteira de Trabalho;<\/span><\/p><p><span style=\"mso-spacerun: 'yes'; font-family: Calibri; mso-fareast-font-family: SimSun; mso-bidi-font-family: 'Times New Roman';\">i) APOSENTADOS, PENSIONISTAS OU TRABALHADORES COM AUX\u00cdLIO POR INCAPACIDADE TEMPOR\u00c1RIA: 2 \u00faltimos extratos banc\u00e1rios.<\/span><\/p><p><span style=\"mso-spacerun: 'yes'; font-family: Calibri; mso-fareast-font-family: SimSun; mso-bidi-font-family: 'Times New Roman';\">\u00a0<\/span><span style=\"font-family: Calibri; color: var( --e-global-color-text ); font-weight: var( --e-global-typography-text-font-weight ); font-size: 1rem;\">I<\/span><span style=\"font-family: Calibri; color: var( --e-global-color-text ); font-size: 1rem;\"><b>II \u2013 MORADIA:<\/b><\/span><\/p><p><span style=\"mso-spacerun: 'yes'; font-family: Calibri; mso-fareast-font-family: SimSun; mso-bidi-font-family: 'Times New Roman';\">a) COMPROVANTE DE ENDERE\u00c7O: Tal\u00e3o, preferencialmente da COPEL, da SANEPAR (no nome dos respons\u00e1veis) ou CONTRATO DE LOCA\u00c7\u00c3O (p\u00e1gina com o nome do locat\u00e1rio(a), valor do aluguel e endere\u00e7o).<\/span><\/p><p><span style=\"mso-spacerun: 'yes'; font-family: Calibri; mso-fareast-font-family: SimSun; mso-bidi-font-family: 'Times New Roman';\">Obs: Caso N\u00c3O esteja em nome do respons\u00e1vel, o tal\u00e3o da COPEL ou SANEPAR, ser\u00e1 obrigat\u00f3ria tamb\u00e9m a apresenta\u00e7\u00e3o de alguma correspond\u00eancia em nome do mesmo, recebido via correio (contas: de telefone, banco, internet, SERASA, INSS, FGTS e outros).<\/span><\/p><p><span style=\"mso-spacerun: 'yes'; font-family: Calibri; mso-fareast-font-family: SimSun; mso-bidi-font-family: 'Times New Roman';\">Obs: A fam\u00edlia moradora em ASSENTAMENTO\/ INVAS\u00c3O dever\u00e1 informar no ato do cadastro\/entrevista.<\/span><\/p>\t\t\t\t\t\t\t\t<\/div>\n\t\t\t\t<\/div>\n\t\t\t\t<div class=\"elementor-element elementor-element-5312454 elementor-widget-divider--view-line elementor-widget elementor-widget-divider\" data-id=\"5312454\" data-element_type=\"widget\" data-widget_type=\"divider.default\">\n\t\t\t\t<div class=\"elementor-widget-container\">\n\t\t\t\t\t\t\t<div class=\"elementor-divider\">\n\t\t\t<span class=\"elementor-divider-separator\">\n\t\t\t\t\t\t<\/span>\n\t\t<\/div>\n\t\t\t\t\t\t<\/div>\n\t\t\t\t<\/div>\n\t\t\t\t<div class=\"elementor-element elementor-element-6e21ef4 elementor-widget__width-initial elementor-widget elementor-widget-image\" data-id=\"6e21ef4\" data-element_type=\"widget\" data-widget_type=\"image.default\">\n\t\t\t\t<div class=\"elementor-widget-container\">\n\t\t\t\t\t\t\t\t\t\t\t\t\t\t\t<img fetchpriority=\"high\" decoding=\"async\" width=\"346\" height=\"300\" src=\"https:\/\/educacao.cambe.pr.gov.br\/wp-content\/uploads\/2024\/12\/listaesperaeducacaoinfantil.jpg\" class=\"attachment-large size-large wp-image-4426\" alt=\"\" srcset=\"https:\/\/educacao.cambe.pr.gov.br\/wp-content\/uploads\/2024\/12\/listaesperaeducacaoinfantil.jpg 346w, https:\/\/educacao.cambe.pr.gov.br\/wp-content\/uploads\/2024\/12\/listaesperaeducacaoinfantil-300x260.jpg 300w\" sizes=\"(max-width: 346px) 100vw, 346px\" \/>\t\t\t\t\t\t\t\t\t\t\t\t\t\t\t<\/div>\n\t\t\t\t<\/div>\n\t\t\t\t<div class=\"elementor-element elementor-element-37766ea elementor-button-success elementor-align-center elementor-widget__width-initial elementor-widget elementor-widget-button\" data-id=\"37766ea\" data-element_type=\"widget\" data-widget_type=\"button.default\">\n\t\t\t\t<div class=\"elementor-widget-container\">\n\t\t\t\t\t\t\t\t\t<div class=\"elementor-button-wrapper\">\n\t\t\t\t\t<a class=\"elementor-button elementor-button-link elementor-size-sm\" href=\"http:\/\/sistemasweb.cambe.pr.gov.br:8080\/cadastro_unico\/consultapublica\/\" target=\"_blank\">\n\t\t\t\t\t\t<span class=\"elementor-button-content-wrapper\">\n\t\t\t\t\t\t\t\t\t<span class=\"elementor-button-text\">Clique aqui<\/span>\n\t\t\t\t\t<\/span>\n\t\t\t\t\t<\/a>\n\t\t\t\t<\/div>\n\t\t\t\t\t\t\t\t<\/div>\n\t\t\t\t<\/div>\n\t\t\t\t\t<\/div>\n\t\t<\/div>\n\t\t\t\t\t<\/div>\n\t\t<\/section>\n\t\t\t\t<\/div>\n\t\t","protected":false},"excerpt":{"rendered":"<p>Vagas para crian\u00e7as de 0 a 3 anos O cadastro\/entrevista de inten\u00e7\u00e3o de vagas para crian\u00e7as, de 0 a 3 anos, \u00e9\u00a0 realizado pelo respons\u00e1vel legal, diretamente na Central \u00danica de Vagas: Centro Cultural &#8211; Rua Par\u00e1, 161 &#8211; Centro, Camb\u00e9\u00a0 \u00a0 Hor\u00e1rio: das 08h30 \u00e0s 11h30 e das 13h \u00e0s 17h Telefone: 43 3174-9405 [&hellip;]<\/p>\n","protected":false},"author":7,"featured_media":0,"parent":0,"menu_order":0,"comment_status":"closed","ping_status":"closed","template":"","meta":{"ngg_post_thumbnail":0,"footnotes":""},"class_list":["post-2360","page","type-page","status-publish","hentry"],"yoast_head":"<!-- This site is optimized with the Yoast SEO plugin v24.4 - https:\/\/yoast.com\/wordpress\/plugins\/seo\/ -->\n<title>Central \u00fanica de vagas - Secretaria de Educa\u00e7\u00e3o e Cultura<\/title>\n<meta name=\"robots\" content=\"index, follow, max-snippet:-1, max-image-preview:large, max-video-preview:-1\" \/>\n<link rel=\"canonical\" href=\"https:\/\/educacao.cambe.pr.gov.br\/index.php\/central-unica-de-vagas\/\" \/>\n<meta property=\"og:locale\" content=\"pt_BR\" \/>\n<meta property=\"og:type\" content=\"article\" \/>\n<meta property=\"og:title\" content=\"Central \u00fanica de vagas - Secretaria de Educa\u00e7\u00e3o e Cultura\" \/>\n<meta property=\"og:description\" content=\"Vagas para crian\u00e7as de 0 a 3 anos O cadastro\/entrevista de inten\u00e7\u00e3o de vagas para crian\u00e7as, de 0 a 3 anos, \u00e9\u00a0 realizado pelo respons\u00e1vel legal, diretamente na Central \u00danica de Vagas: Centro Cultural &#8211; Rua Par\u00e1, 161 &#8211; Centro, Camb\u00e9\u00a0 \u00a0 Hor\u00e1rio: das 08h30 \u00e0s 11h30 e das 13h \u00e0s 17h Telefone: 43 3174-9405 [&hellip;]\" \/>\n<meta property=\"og:url\" content=\"https:\/\/educacao.cambe.pr.gov.br\/index.php\/central-unica-de-vagas\/\" \/>\n<meta property=\"og:site_name\" content=\"Secretaria de Educa\u00e7\u00e3o e Cultura\" \/>\n<meta property=\"article:modified_time\" content=\"2025-09-26T12:17:08+00:00\" \/>\n<meta property=\"og:image\" content=\"https:\/\/educacao.cambe.pr.gov.br\/wp-content\/uploads\/2024\/12\/listaesperaeducacaoinfantil.jpg\" \/>\n\t<meta property=\"og:image:width\" content=\"346\" \/>\n\t<meta property=\"og:image:height\" content=\"300\" \/>\n\t<meta property=\"og:image:type\" content=\"image\/jpeg\" \/>\n<meta name=\"twitter:card\" content=\"summary_large_image\" \/>\n<meta name=\"twitter:label1\" content=\"Est. tempo de leitura\" \/>\n\t<meta name=\"twitter:data1\" content=\"3 minutos\" \/>\n<script type=\"application\/ld+json\" class=\"yoast-schema-graph\">{\"@context\":\"https:\/\/schema.org\",\"@graph\":[{\"@type\":\"WebPage\",\"@id\":\"https:\/\/educacao.cambe.pr.gov.br\/index.php\/central-unica-de-vagas\/\",\"url\":\"https:\/\/educacao.cambe.pr.gov.br\/index.php\/central-unica-de-vagas\/\",\"name\":\"Central \u00fanica de vagas - Secretaria de Educa\u00e7\u00e3o e Cultura\",\"isPartOf\":{\"@id\":\"https:\/\/educacao.cambe.pr.gov.br\/#website\"},\"primaryImageOfPage\":{\"@id\":\"https:\/\/educacao.cambe.pr.gov.br\/index.php\/central-unica-de-vagas\/#primaryimage\"},\"image\":{\"@id\":\"https:\/\/educacao.cambe.pr.gov.br\/index.php\/central-unica-de-vagas\/#primaryimage\"},\"thumbnailUrl\":\"https:\/\/educacao.cambe.pr.gov.br\/wp-content\/uploads\/2024\/12\/listaesperaeducacaoinfantil.jpg\",\"datePublished\":\"2023-06-27T18:44:57+00:00\",\"dateModified\":\"2025-09-26T12:17:08+00:00\",\"breadcrumb\":{\"@id\":\"https:\/\/educacao.cambe.pr.gov.br\/index.php\/central-unica-de-vagas\/#breadcrumb\"},\"inLanguage\":\"pt-BR\",\"potentialAction\":[{\"@type\":\"ReadAction\",\"target\":[\"https:\/\/educacao.cambe.pr.gov.br\/index.php\/central-unica-de-vagas\/\"]}]},{\"@type\":\"ImageObject\",\"inLanguage\":\"pt-BR\",\"@id\":\"https:\/\/educacao.cambe.pr.gov.br\/index.php\/central-unica-de-vagas\/#primaryimage\",\"url\":\"https:\/\/educacao.cambe.pr.gov.br\/wp-content\/uploads\/2024\/12\/listaesperaeducacaoinfantil.jpg\",\"contentUrl\":\"https:\/\/educacao.cambe.pr.gov.br\/wp-content\/uploads\/2024\/12\/listaesperaeducacaoinfantil.jpg\",\"width\":346,\"height\":300},{\"@type\":\"BreadcrumbList\",\"@id\":\"https:\/\/educacao.cambe.pr.gov.br\/index.php\/central-unica-de-vagas\/#breadcrumb\",\"itemListElement\":[{\"@type\":\"ListItem\",\"position\":1,\"name\":\"In\u00edcio\",\"item\":\"https:\/\/educacao.cambe.pr.gov.br\/\"},{\"@type\":\"ListItem\",\"position\":2,\"name\":\"Central \u00fanica de vagas\"}]},{\"@type\":\"WebSite\",\"@id\":\"https:\/\/educacao.cambe.pr.gov.br\/#website\",\"url\":\"https:\/\/educacao.cambe.pr.gov.br\/\",\"name\":\"Secretaria de Educa\u00e7\u00e3o e Cultura\",\"description\":\"Prefeitura de Camb\u00e9\",\"publisher\":{\"@id\":\"https:\/\/educacao.cambe.pr.gov.br\/#organization\"},\"potentialAction\":[{\"@type\":\"SearchAction\",\"target\":{\"@type\":\"EntryPoint\",\"urlTemplate\":\"https:\/\/educacao.cambe.pr.gov.br\/?s={search_term_string}\"},\"query-input\":{\"@type\":\"PropertyValueSpecification\",\"valueRequired\":true,\"valueName\":\"search_term_string\"}}],\"inLanguage\":\"pt-BR\"},{\"@type\":\"Organization\",\"@id\":\"https:\/\/educacao.cambe.pr.gov.br\/#organization\",\"name\":\"Secretaria de Educa\u00e7\u00e3o e Cultura\",\"url\":\"https:\/\/educacao.cambe.pr.gov.br\/\",\"logo\":{\"@type\":\"ImageObject\",\"inLanguage\":\"pt-BR\",\"@id\":\"https:\/\/educacao.cambe.pr.gov.br\/#\/schema\/logo\/image\/\",\"url\":\"https:\/\/educacao.cambe.pr.gov.br\/wp-content\/uploads\/2020\/08\/cambe_rural_brazao-pq.png\",\"contentUrl\":\"https:\/\/educacao.cambe.pr.gov.br\/wp-content\/uploads\/2020\/08\/cambe_rural_brazao-pq.png\",\"width\":150,\"height\":150,\"caption\":\"Secretaria de Educa\u00e7\u00e3o e Cultura\"},\"image\":{\"@id\":\"https:\/\/educacao.cambe.pr.gov.br\/#\/schema\/logo\/image\/\"}}]}<\/script>\n<!-- \/ Yoast SEO plugin. -->","yoast_head_json":{"title":"Central \u00fanica de vagas - Secretaria de Educa\u00e7\u00e3o e Cultura","robots":{"index":"index","follow":"follow","max-snippet":"max-snippet:-1","max-image-preview":"max-image-preview:large","max-video-preview":"max-video-preview:-1"},"canonical":"https:\/\/educacao.cambe.pr.gov.br\/index.php\/central-unica-de-vagas\/","og_locale":"pt_BR","og_type":"article","og_title":"Central \u00fanica de vagas - Secretaria de Educa\u00e7\u00e3o e Cultura","og_description":"Vagas para crian\u00e7as de 0 a 3 anos O cadastro\/entrevista de inten\u00e7\u00e3o de vagas para crian\u00e7as, de 0 a 3 anos, \u00e9\u00a0 realizado pelo respons\u00e1vel legal, diretamente na Central \u00danica de Vagas: Centro Cultural &#8211; Rua Par\u00e1, 161 &#8211; Centro, Camb\u00e9\u00a0 \u00a0 Hor\u00e1rio: das 08h30 \u00e0s 11h30 e das 13h \u00e0s 17h Telefone: 43 3174-9405 [&hellip;]","og_url":"https:\/\/educacao.cambe.pr.gov.br\/index.php\/central-unica-de-vagas\/","og_site_name":"Secretaria de Educa\u00e7\u00e3o e Cultura","article_modified_time":"2025-09-26T12:17:08+00:00","og_image":[{"width":346,"height":300,"url":"https:\/\/educacao.cambe.pr.gov.br\/wp-content\/uploads\/2024\/12\/listaesperaeducacaoinfantil.jpg","type":"image\/jpeg"}],"twitter_card":"summary_large_image","twitter_misc":{"Est. tempo de leitura":"3 minutos"},"schema":{"@context":"https:\/\/schema.org","@graph":[{"@type":"WebPage","@id":"https:\/\/educacao.cambe.pr.gov.br\/index.php\/central-unica-de-vagas\/","url":"https:\/\/educacao.cambe.pr.gov.br\/index.php\/central-unica-de-vagas\/","name":"Central \u00fanica de vagas - Secretaria de Educa\u00e7\u00e3o e Cultura","isPartOf":{"@id":"https:\/\/educacao.cambe.pr.gov.br\/#website"},"primaryImageOfPage":{"@id":"https:\/\/educacao.cambe.pr.gov.br\/index.php\/central-unica-de-vagas\/#primaryimage"},"image":{"@id":"https:\/\/educacao.cambe.pr.gov.br\/index.php\/central-unica-de-vagas\/#primaryimage"},"thumbnailUrl":"https:\/\/educacao.cambe.pr.gov.br\/wp-content\/uploads\/2024\/12\/listaesperaeducacaoinfantil.jpg","datePublished":"2023-06-27T18:44:57+00:00","dateModified":"2025-09-26T12:17:08+00:00","breadcrumb":{"@id":"https:\/\/educacao.cambe.pr.gov.br\/index.php\/central-unica-de-vagas\/#breadcrumb"},"inLanguage":"pt-BR","potentialAction":[{"@type":"ReadAction","target":["https:\/\/educacao.cambe.pr.gov.br\/index.php\/central-unica-de-vagas\/"]}]},{"@type":"ImageObject","inLanguage":"pt-BR","@id":"https:\/\/educacao.cambe.pr.gov.br\/index.php\/central-unica-de-vagas\/#primaryimage","url":"https:\/\/educacao.cambe.pr.gov.br\/wp-content\/uploads\/2024\/12\/listaesperaeducacaoinfantil.jpg","contentUrl":"https:\/\/educacao.cambe.pr.gov.br\/wp-content\/uploads\/2024\/12\/listaesperaeducacaoinfantil.jpg","width":346,"height":300},{"@type":"BreadcrumbList","@id":"https:\/\/educacao.cambe.pr.gov.br\/index.php\/central-unica-de-vagas\/#breadcrumb","itemListElement":[{"@type":"ListItem","position":1,"name":"In\u00edcio","item":"https:\/\/educacao.cambe.pr.gov.br\/"},{"@type":"ListItem","position":2,"name":"Central \u00fanica de vagas"}]},{"@type":"WebSite","@id":"https:\/\/educacao.cambe.pr.gov.br\/#website","url":"https:\/\/educacao.cambe.pr.gov.br\/","name":"Secretaria de Educa\u00e7\u00e3o e Cultura","description":"Prefeitura de Camb\u00e9","publisher":{"@id":"https:\/\/educacao.cambe.pr.gov.br\/#organization"},"potentialAction":[{"@type":"SearchAction","target":{"@type":"EntryPoint","urlTemplate":"https:\/\/educacao.cambe.pr.gov.br\/?s={search_term_string}"},"query-input":{"@type":"PropertyValueSpecification","valueRequired":true,"valueName":"search_term_string"}}],"inLanguage":"pt-BR"},{"@type":"Organization","@id":"https:\/\/educacao.cambe.pr.gov.br\/#organization","name":"Secretaria de Educa\u00e7\u00e3o e Cultura","url":"https:\/\/educacao.cambe.pr.gov.br\/","logo":{"@type":"ImageObject","inLanguage":"pt-BR","@id":"https:\/\/educacao.cambe.pr.gov.br\/#\/schema\/logo\/image\/","url":"https:\/\/educacao.cambe.pr.gov.br\/wp-content\/uploads\/2020\/08\/cambe_rural_brazao-pq.png","contentUrl":"https:\/\/educacao.cambe.pr.gov.br\/wp-content\/uploads\/2020\/08\/cambe_rural_brazao-pq.png","width":150,"height":150,"caption":"Secretaria de Educa\u00e7\u00e3o e Cultura"},"image":{"@id":"https:\/\/educacao.cambe.pr.gov.br\/#\/schema\/logo\/image\/"}}]}},"_links":{"self":[{"href":"https:\/\/educacao.cambe.pr.gov.br\/index.php\/wp-json\/wp\/v2\/pages\/2360","targetHints":{"allow":["GET"]}}],"collection":[{"href":"https:\/\/educacao.cambe.pr.gov.br\/index.php\/wp-json\/wp\/v2\/pages"}],"about":[{"href":"https:\/\/educacao.cambe.pr.gov.br\/index.php\/wp-json\/wp\/v2\/types\/page"}],"author":[{"embeddable":true,"href":"https:\/\/educacao.cambe.pr.gov.br\/index.php\/wp-json\/wp\/v2\/users\/7"}],"replies":[{"embeddable":true,"href":"https:\/\/educacao.cambe.pr.gov.br\/index.php\/wp-json\/wp\/v2\/comments?post=2360"}],"version-history":[{"count":72,"href":"https:\/\/educacao.cambe.pr.gov.br\/index.php\/wp-json\/wp\/v2\/pages\/2360\/revisions"}],"predecessor-version":[{"id":5042,"href":"https:\/\/educacao.cambe.pr.gov.br\/index.php\/wp-json\/wp\/v2\/pages\/2360\/revisions\/5042"}],"wp:attachment":[{"href":"https:\/\/educacao.cambe.pr.gov.br\/index.php\/wp-json\/wp\/v2\/media?parent=2360"}],"curies":[{"name":"wp","href":"https:\/\/api.w.org\/{rel}","templated":true}]}}