{"id":172,"date":"2020-08-12T13:40:01","date_gmt":"2020-08-12T16:40:01","guid":{"rendered":"http:\/\/educacao.cambe.pr.gov.br\/?page_id=172"},"modified":"2025-09-16T13:37:14","modified_gmt":"2025-09-16T16:37:14","slug":"contatos","status":"publish","type":"page","link":"https:\/\/educacao.cambe.pr.gov.br\/index.php\/educacao\/contatos\/","title":{"rendered":"Contatos da Secretaria &#8211; Departamentos"},"content":{"rendered":"\t\t<div data-elementor-type=\"wp-page\" data-elementor-id=\"172\" class=\"elementor elementor-172\">\n\t\t\t\t\t\t<section class=\"elementor-section elementor-top-section elementor-element elementor-element-fc63564 elementor-section-boxed elementor-section-height-default elementor-section-height-default\" data-id=\"fc63564\" data-element_type=\"section\">\n\t\t\t\t\t\t<div class=\"elementor-container elementor-column-gap-default\">\n\t\t\t\t\t<div class=\"elementor-column elementor-col-100 elementor-top-column elementor-element elementor-element-eb2271b\" data-id=\"eb2271b\" data-element_type=\"column\">\n\t\t\t<div class=\"elementor-widget-wrap elementor-element-populated\">\n\t\t\t\t\t\t<div class=\"elementor-element elementor-element-56086d3 elementor-align-left elementor-widget__width-initial elementor-widget elementor-widget-button\" data-id=\"56086d3\" data-element_type=\"widget\" data-widget_type=\"button.default\">\n\t\t\t\t<div class=\"elementor-widget-container\">\n\t\t\t\t\t\t\t\t\t<div class=\"elementor-button-wrapper\">\n\t\t\t\t\t<a class=\"elementor-button elementor-button-link elementor-size-sm\" href=\"https:\/\/educacao.cambe.pr.gov.br\/?page_id=4969&#038;preview=true&#038;aiEnableCheckShortcode=true\" target=\"_blank\">\n\t\t\t\t\t\t<span class=\"elementor-button-content-wrapper\">\n\t\t\t\t\t\t\t\t\t<span class=\"elementor-button-text\">Telefones  das unidades escolares <\/span>\n\t\t\t\t\t<\/span>\n\t\t\t\t\t<\/a>\n\t\t\t\t<\/div>\n\t\t\t\t\t\t\t\t<\/div>\n\t\t\t\t<\/div>\n\t\t\t\t\t<\/div>\n\t\t<\/div>\n\t\t\t\t\t<\/div>\n\t\t<\/section>\n\t\t\t\t<section class=\"elementor-section elementor-top-section elementor-element elementor-element-24d13c7 elementor-section-boxed elementor-section-height-default elementor-section-height-default\" data-id=\"24d13c7\" data-element_type=\"section\">\n\t\t\t\t\t\t<div class=\"elementor-container elementor-column-gap-default\">\n\t\t\t\t\t<div class=\"elementor-column elementor-col-100 elementor-top-column elementor-element elementor-element-ef984f3\" data-id=\"ef984f3\" data-element_type=\"column\">\n\t\t\t<div class=\"elementor-widget-wrap elementor-element-populated\">\n\t\t\t\t\t\t<div class=\"elementor-element elementor-element-9632062 elementor-align-left elementor-widget__width-initial elementor-widget elementor-widget-button\" data-id=\"9632062\" data-element_type=\"widget\" data-widget_type=\"button.default\">\n\t\t\t\t<div class=\"elementor-widget-container\">\n\t\t\t\t\t\t\t\t\t<div class=\"elementor-button-wrapper\">\n\t\t\t\t\t<a class=\"elementor-button elementor-button-link elementor-size-sm\" href=\"https:\/\/educacao.cambe.pr.gov.br\/index.php\/unidades-escolares-2021-enderecos-e-telefones\/\" target=\"_blank\">\n\t\t\t\t\t\t<span class=\"elementor-button-content-wrapper\">\n\t\t\t\t\t\t\t\t\t<span class=\"elementor-button-text\">Mapa da localiza\u00e7\u00e3o das unidades escolares<\/span>\n\t\t\t\t\t<\/span>\n\t\t\t\t\t<\/a>\n\t\t\t\t<\/div>\n\t\t\t\t\t\t\t\t<\/div>\n\t\t\t\t<\/div>\n\t\t\t\t\t<\/div>\n\t\t<\/div>\n\t\t\t\t\t<\/div>\n\t\t<\/section>\n\t\t\t\t<section class=\"elementor-section elementor-top-section elementor-element elementor-element-846bd0f elementor-section-boxed elementor-section-height-default elementor-section-height-default\" data-id=\"846bd0f\" data-element_type=\"section\">\n\t\t\t\t\t\t<div class=\"elementor-container elementor-column-gap-default\">\n\t\t\t\t\t<div class=\"elementor-column elementor-col-100 elementor-top-column elementor-element elementor-element-a1d777e\" data-id=\"a1d777e\" data-element_type=\"column\">\n\t\t\t<div class=\"elementor-widget-wrap elementor-element-populated\">\n\t\t\t\t\t\t<div class=\"elementor-element elementor-element-e5f45b8 elementor-widget elementor-widget-eael-advanced-data-table\" data-id=\"e5f45b8\" data-element_type=\"widget\" data-widget_type=\"eael-advanced-data-table.default\">\n\t\t\t\t<div class=\"elementor-widget-container\">\n\t\t\t\t\t<div class=\"ea-advanced-data-table-wrap\" data-id=\"e5f45b8\"><div class=\"ea-advanced-data-table-wrap-inner\">\n                <table class=\"ea-advanced-data-table ea-advanced-data-table-static ea-advanced-data-table-e5f45b8 ea-advanced-data-table-sortable\" data-id=\"e5f45b8\"><thead><tr><th>Estrutura<\/th><th style=\"width: 159px\">Telefones<\/th><th>E-mail<\/th><th> Contato<\/th><\/tr><\/thead><tbody><tr><td><p>Departamento Administrativo<\/p><\/td><td><p>3174-9382<\/p><p>3174-9389<\/p><\/td><td>admsemed@cambe.pr.gov.br<\/td><td><p>   <strong>Lilian Maria Basso Lopes<\/strong><\/p><\/td><\/tr><tr><td><p>Departamento de Apoio Educacional<\/p><\/td><td><p>3174-2601<\/p><p>3174-2602<\/p><p>3174-2607<\/p><\/td><td>assedu@cambe.pr.gov.br<\/td><td><p>   <strong>Marta de F\u00e1tima Gon\u00e7alves<\/strong><\/p><\/td><\/tr><tr><td><p>N\u00facleo de Educa\u00e7\u00e3o Especial e Estudos do Desenvolvimento Humano - NEEEDH<\/p><\/td><td><p>3174-9386<\/p><\/td><td>educacaoinclusiva@cambe.pr.gov.br<\/td><td><p>   <strong>Cintia Daquana Costa Lino<\/strong> <\/p><\/td><\/tr><tr><td><p>Setor de Documenta\u00e7\u00e3o Escolar<\/p><\/td><td><p>3174-9381<\/p><\/td><td>docescolar@cambe.pr.gov.br<\/td><td><p>   <strong>Ticiane do Carmo Mercadante Innvinnchl<\/strong><\/p><\/td><\/tr><tr><td><p>Departamento Pedag\u00f3gico<\/p><\/td><td><p>3174-9384<\/p><p>3174-9385<\/p><\/td><td>educacao@cambe.pr.gov.br<\/td><td><p>   <strong>Tatiana Aparecida Baptilani Zirondi<\/strong><\/p><\/td><\/tr><tr><td><p>Gabinete da Secret\u00e1ria<\/p><\/td><td><p>3174-9383<\/p><\/td><td>semed@cambe.pr.gov.br<\/td><td><p>   <strong>Marilsa Alves de Pontes Rodrigues<\/strong><\/p><\/td><\/tr><tr><td><p>Divis\u00e3o de Recursos Humanos<\/p><\/td><td><p>3174-9387<\/p><\/td><td>rhsemed@cambe.pr.gov.br<\/td><td><p>   <strong>Eli\u00e9zer Fernando Vertuan<\/strong><\/p><\/td><\/tr><tr><td><p>Setor de Tecnologias Digitais da Informa\u00e7\u00e3o e Comunica\u00e7\u00e3o (TDICS)<\/p><\/td><td><p>3174-9390<\/p><\/td><td>tecnologiasemed@cambe.pr.gov.br<\/td><td><p>--<\/p><\/td><\/tr><tr><td><p>Protocolo - Telefone Geral<\/p><\/td><td><p>3174-9380<\/p><\/td><td> --<\/td><td><p>--\t\t<\/p><\/td><\/tr><\/tbody><\/table>\n            <\/div><\/div>\t\t\t\t<\/div>\n\t\t\t\t<\/div>\n\t\t\t\t\t<\/div>\n\t\t<\/div>\n\t\t\t\t\t<\/div>\n\t\t<\/section>\n\t\t\t\t<section class=\"elementor-section elementor-top-section elementor-element elementor-element-1d64c9f elementor-section-boxed elementor-section-height-default elementor-section-height-default\" data-id=\"1d64c9f\" data-element_type=\"section\">\n\t\t\t\t\t\t<div class=\"elementor-container elementor-column-gap-default\">\n\t\t\t\t\t<div class=\"elementor-column elementor-col-100 elementor-top-column elementor-element elementor-element-3453e57\" data-id=\"3453e57\" data-element_type=\"column\">\n\t\t\t<div class=\"elementor-widget-wrap elementor-element-populated\">\n\t\t\t\t\t\t<div class=\"elementor-element elementor-element-0b1249b elementor-widget elementor-widget-button\" data-id=\"0b1249b\" data-element_type=\"widget\" data-widget_type=\"button.default\">\n\t\t\t\t<div class=\"elementor-widget-container\">\n\t\t\t\t\t\t\t\t\t<div class=\"elementor-button-wrapper\">\n\t\t\t\t\t<a class=\"elementor-button elementor-button-link elementor-size-sm\" href=\"https:\/\/transparencia.cambe.pr.gov.br:8443\/portal\/administrativa\/pessoal\/organograma_detalhado.xhtml\" target=\"_blank\">\n\t\t\t\t\t\t<span class=\"elementor-button-content-wrapper\">\n\t\t\t\t\t\t\t\t\t<span class=\"elementor-button-text\">Todas as Secretarias, Departamentos e Setores da Prefeitura<\/span>\n\t\t\t\t\t<\/span>\n\t\t\t\t\t<\/a>\n\t\t\t\t<\/div>\n\t\t\t\t\t\t\t\t<\/div>\n\t\t\t\t<\/div>\n\t\t\t\t\t<\/div>\n\t\t<\/div>\n\t\t\t\t\t<\/div>\n\t\t<\/section>\n\t\t\t\t<\/div>\n\t\t","protected":false},"excerpt":{"rendered":"<p>Telefones das unidades escolares Mapa da localiza\u00e7\u00e3o das unidades escolares Estrutura Telefones E-mail Contato Departamento Administrativo 3174-9382 3174-9389 admsemed@cambe.pr.gov.br Lilian Maria Basso Lopes Departamento de Apoio Educacional 3174-2601 3174-2602 3174-2607 assedu@cambe.pr.gov.br Marta de F\u00e1tima Gon\u00e7alves N\u00facleo de Educa\u00e7\u00e3o Especial e Estudos do Desenvolvimento Humano &#8211; NEEEDH 3174-9386 educacaoinclusiva@cambe.pr.gov.br Cintia Daquana Costa Lino Setor de Documenta\u00e7\u00e3o [&hellip;]<\/p>\n","protected":false},"author":1,"featured_media":0,"parent":34,"menu_order":0,"comment_status":"closed","ping_status":"closed","template":"","meta":{"ngg_post_thumbnail":0,"footnotes":""},"class_list":["post-172","page","type-page","status-publish","hentry"],"yoast_head":"<!-- This site is optimized with the Yoast SEO plugin v24.4 - https:\/\/yoast.com\/wordpress\/plugins\/seo\/ -->\n<title>Contatos da Secretaria - Departamentos - Secretaria de Educa\u00e7\u00e3o e Cultura<\/title>\n<meta name=\"robots\" content=\"index, follow, max-snippet:-1, max-image-preview:large, max-video-preview:-1\" \/>\n<link rel=\"canonical\" href=\"https:\/\/educacao.cambe.pr.gov.br\/index.php\/educacao\/contatos\/\" \/>\n<meta property=\"og:locale\" content=\"pt_BR\" \/>\n<meta property=\"og:type\" content=\"article\" \/>\n<meta property=\"og:title\" content=\"Contatos da Secretaria - Departamentos - Secretaria de Educa\u00e7\u00e3o e Cultura\" \/>\n<meta property=\"og:description\" content=\"Telefones das unidades escolares Mapa da localiza\u00e7\u00e3o das unidades escolares Estrutura Telefones E-mail Contato Departamento Administrativo 3174-9382 3174-9389 admsemed@cambe.pr.gov.br Lilian Maria Basso Lopes Departamento de Apoio Educacional 3174-2601 3174-2602 3174-2607 assedu@cambe.pr.gov.br Marta de F\u00e1tima Gon\u00e7alves N\u00facleo de Educa\u00e7\u00e3o Especial e Estudos do Desenvolvimento Humano &#8211; NEEEDH 3174-9386 educacaoinclusiva@cambe.pr.gov.br Cintia Daquana Costa Lino Setor de Documenta\u00e7\u00e3o [&hellip;]\" \/>\n<meta property=\"og:url\" content=\"https:\/\/educacao.cambe.pr.gov.br\/index.php\/educacao\/contatos\/\" \/>\n<meta property=\"og:site_name\" content=\"Secretaria de Educa\u00e7\u00e3o e Cultura\" \/>\n<meta property=\"article:modified_time\" content=\"2025-09-16T16:37:14+00:00\" \/>\n<meta name=\"twitter:card\" content=\"summary_large_image\" \/>\n<meta name=\"twitter:label1\" content=\"Est. tempo de leitura\" \/>\n\t<meta name=\"twitter:data1\" content=\"1 minuto\" \/>\n<script type=\"application\/ld+json\" class=\"yoast-schema-graph\">{\"@context\":\"https:\/\/schema.org\",\"@graph\":[{\"@type\":\"WebPage\",\"@id\":\"https:\/\/educacao.cambe.pr.gov.br\/index.php\/educacao\/contatos\/\",\"url\":\"https:\/\/educacao.cambe.pr.gov.br\/index.php\/educacao\/contatos\/\",\"name\":\"Contatos da Secretaria - Departamentos - Secretaria de Educa\u00e7\u00e3o e Cultura\",\"isPartOf\":{\"@id\":\"https:\/\/educacao.cambe.pr.gov.br\/#website\"},\"datePublished\":\"2020-08-12T16:40:01+00:00\",\"dateModified\":\"2025-09-16T16:37:14+00:00\",\"breadcrumb\":{\"@id\":\"https:\/\/educacao.cambe.pr.gov.br\/index.php\/educacao\/contatos\/#breadcrumb\"},\"inLanguage\":\"pt-BR\",\"potentialAction\":[{\"@type\":\"ReadAction\",\"target\":[\"https:\/\/educacao.cambe.pr.gov.br\/index.php\/educacao\/contatos\/\"]}]},{\"@type\":\"BreadcrumbList\",\"@id\":\"https:\/\/educacao.cambe.pr.gov.br\/index.php\/educacao\/contatos\/#breadcrumb\",\"itemListElement\":[{\"@type\":\"ListItem\",\"position\":1,\"name\":\"In\u00edcio\",\"item\":\"https:\/\/educacao.cambe.pr.gov.br\/\"},{\"@type\":\"ListItem\",\"position\":2,\"name\":\"Educa\u00e7\u00e3o\",\"item\":\"https:\/\/educacao.cambe.pr.gov.br\/index.php\/educacao\/\"},{\"@type\":\"ListItem\",\"position\":3,\"name\":\"Contatos da Secretaria &#8211; Departamentos\"}]},{\"@type\":\"WebSite\",\"@id\":\"https:\/\/educacao.cambe.pr.gov.br\/#website\",\"url\":\"https:\/\/educacao.cambe.pr.gov.br\/\",\"name\":\"Secretaria de Educa\u00e7\u00e3o e Cultura\",\"description\":\"Prefeitura de Camb\u00e9\",\"publisher\":{\"@id\":\"https:\/\/educacao.cambe.pr.gov.br\/#organization\"},\"potentialAction\":[{\"@type\":\"SearchAction\",\"target\":{\"@type\":\"EntryPoint\",\"urlTemplate\":\"https:\/\/educacao.cambe.pr.gov.br\/?s={search_term_string}\"},\"query-input\":{\"@type\":\"PropertyValueSpecification\",\"valueRequired\":true,\"valueName\":\"search_term_string\"}}],\"inLanguage\":\"pt-BR\"},{\"@type\":\"Organization\",\"@id\":\"https:\/\/educacao.cambe.pr.gov.br\/#organization\",\"name\":\"Secretaria de Educa\u00e7\u00e3o e Cultura\",\"url\":\"https:\/\/educacao.cambe.pr.gov.br\/\",\"logo\":{\"@type\":\"ImageObject\",\"inLanguage\":\"pt-BR\",\"@id\":\"https:\/\/educacao.cambe.pr.gov.br\/#\/schema\/logo\/image\/\",\"url\":\"https:\/\/educacao.cambe.pr.gov.br\/wp-content\/uploads\/2020\/08\/cambe_rural_brazao-pq.png\",\"contentUrl\":\"https:\/\/educacao.cambe.pr.gov.br\/wp-content\/uploads\/2020\/08\/cambe_rural_brazao-pq.png\",\"width\":150,\"height\":150,\"caption\":\"Secretaria de Educa\u00e7\u00e3o e Cultura\"},\"image\":{\"@id\":\"https:\/\/educacao.cambe.pr.gov.br\/#\/schema\/logo\/image\/\"}}]}<\/script>\n<!-- \/ Yoast SEO plugin. -->","yoast_head_json":{"title":"Contatos da Secretaria - Departamentos - Secretaria de Educa\u00e7\u00e3o e Cultura","robots":{"index":"index","follow":"follow","max-snippet":"max-snippet:-1","max-image-preview":"max-image-preview:large","max-video-preview":"max-video-preview:-1"},"canonical":"https:\/\/educacao.cambe.pr.gov.br\/index.php\/educacao\/contatos\/","og_locale":"pt_BR","og_type":"article","og_title":"Contatos da Secretaria - Departamentos - Secretaria de Educa\u00e7\u00e3o e Cultura","og_description":"Telefones das unidades escolares Mapa da localiza\u00e7\u00e3o das unidades escolares Estrutura Telefones E-mail Contato Departamento Administrativo 3174-9382 3174-9389 admsemed@cambe.pr.gov.br Lilian Maria Basso Lopes Departamento de Apoio Educacional 3174-2601 3174-2602 3174-2607 assedu@cambe.pr.gov.br Marta de F\u00e1tima Gon\u00e7alves N\u00facleo de Educa\u00e7\u00e3o Especial e Estudos do Desenvolvimento Humano &#8211; NEEEDH 3174-9386 educacaoinclusiva@cambe.pr.gov.br Cintia Daquana Costa Lino Setor de Documenta\u00e7\u00e3o [&hellip;]","og_url":"https:\/\/educacao.cambe.pr.gov.br\/index.php\/educacao\/contatos\/","og_site_name":"Secretaria de Educa\u00e7\u00e3o e Cultura","article_modified_time":"2025-09-16T16:37:14+00:00","twitter_card":"summary_large_image","twitter_misc":{"Est. tempo de leitura":"1 minuto"},"schema":{"@context":"https:\/\/schema.org","@graph":[{"@type":"WebPage","@id":"https:\/\/educacao.cambe.pr.gov.br\/index.php\/educacao\/contatos\/","url":"https:\/\/educacao.cambe.pr.gov.br\/index.php\/educacao\/contatos\/","name":"Contatos da Secretaria - Departamentos - Secretaria de Educa\u00e7\u00e3o e Cultura","isPartOf":{"@id":"https:\/\/educacao.cambe.pr.gov.br\/#website"},"datePublished":"2020-08-12T16:40:01+00:00","dateModified":"2025-09-16T16:37:14+00:00","breadcrumb":{"@id":"https:\/\/educacao.cambe.pr.gov.br\/index.php\/educacao\/contatos\/#breadcrumb"},"inLanguage":"pt-BR","potentialAction":[{"@type":"ReadAction","target":["https:\/\/educacao.cambe.pr.gov.br\/index.php\/educacao\/contatos\/"]}]},{"@type":"BreadcrumbList","@id":"https:\/\/educacao.cambe.pr.gov.br\/index.php\/educacao\/contatos\/#breadcrumb","itemListElement":[{"@type":"ListItem","position":1,"name":"In\u00edcio","item":"https:\/\/educacao.cambe.pr.gov.br\/"},{"@type":"ListItem","position":2,"name":"Educa\u00e7\u00e3o","item":"https:\/\/educacao.cambe.pr.gov.br\/index.php\/educacao\/"},{"@type":"ListItem","position":3,"name":"Contatos da Secretaria &#8211; Departamentos"}]},{"@type":"WebSite","@id":"https:\/\/educacao.cambe.pr.gov.br\/#website","url":"https:\/\/educacao.cambe.pr.gov.br\/","name":"Secretaria de Educa\u00e7\u00e3o e Cultura","description":"Prefeitura de Camb\u00e9","publisher":{"@id":"https:\/\/educacao.cambe.pr.gov.br\/#organization"},"potentialAction":[{"@type":"SearchAction","target":{"@type":"EntryPoint","urlTemplate":"https:\/\/educacao.cambe.pr.gov.br\/?s={search_term_string}"},"query-input":{"@type":"PropertyValueSpecification","valueRequired":true,"valueName":"search_term_string"}}],"inLanguage":"pt-BR"},{"@type":"Organization","@id":"https:\/\/educacao.cambe.pr.gov.br\/#organization","name":"Secretaria de Educa\u00e7\u00e3o e Cultura","url":"https:\/\/educacao.cambe.pr.gov.br\/","logo":{"@type":"ImageObject","inLanguage":"pt-BR","@id":"https:\/\/educacao.cambe.pr.gov.br\/#\/schema\/logo\/image\/","url":"https:\/\/educacao.cambe.pr.gov.br\/wp-content\/uploads\/2020\/08\/cambe_rural_brazao-pq.png","contentUrl":"https:\/\/educacao.cambe.pr.gov.br\/wp-content\/uploads\/2020\/08\/cambe_rural_brazao-pq.png","width":150,"height":150,"caption":"Secretaria de Educa\u00e7\u00e3o e Cultura"},"image":{"@id":"https:\/\/educacao.cambe.pr.gov.br\/#\/schema\/logo\/image\/"}}]}},"_links":{"self":[{"href":"https:\/\/educacao.cambe.pr.gov.br\/index.php\/wp-json\/wp\/v2\/pages\/172","targetHints":{"allow":["GET"]}}],"collection":[{"href":"https:\/\/educacao.cambe.pr.gov.br\/index.php\/wp-json\/wp\/v2\/pages"}],"about":[{"href":"https:\/\/educacao.cambe.pr.gov.br\/index.php\/wp-json\/wp\/v2\/types\/page"}],"author":[{"embeddable":true,"href":"https:\/\/educacao.cambe.pr.gov.br\/index.php\/wp-json\/wp\/v2\/users\/1"}],"replies":[{"embeddable":true,"href":"https:\/\/educacao.cambe.pr.gov.br\/index.php\/wp-json\/wp\/v2\/comments?post=172"}],"version-history":[{"count":68,"href":"https:\/\/educacao.cambe.pr.gov.br\/index.php\/wp-json\/wp\/v2\/pages\/172\/revisions"}],"predecessor-version":[{"id":5019,"href":"https:\/\/educacao.cambe.pr.gov.br\/index.php\/wp-json\/wp\/v2\/pages\/172\/revisions\/5019"}],"up":[{"embeddable":true,"href":"https:\/\/educacao.cambe.pr.gov.br\/index.php\/wp-json\/wp\/v2\/pages\/34"}],"wp:attachment":[{"href":"https:\/\/educacao.cambe.pr.gov.br\/index.php\/wp-json\/wp\/v2\/media?parent=172"}],"curies":[{"name":"wp","href":"https:\/\/api.w.org\/{rel}","templated":true}]}}