{"id":144,"date":"2020-08-12T13:14:04","date_gmt":"2020-08-12T16:14:04","guid":{"rendered":"http:\/\/educacao.cambe.pr.gov.br\/?page_id=144"},"modified":"2025-05-27T15:24:46","modified_gmt":"2025-05-27T18:24:46","slug":"curriculo-para-rede-publica-municipal-de-ensino","status":"publish","type":"page","link":"https:\/\/educacao.cambe.pr.gov.br\/index.php\/educacao\/curriculo-para-rede-publica-municipal-de-ensino\/","title":{"rendered":"Curr\u00edculo para Rede P\u00fablica Municipal de Ensino"},"content":{"rendered":"\t\t<div data-elementor-type=\"wp-page\" data-elementor-id=\"144\" class=\"elementor elementor-144\">\n\t\t\t\t\t\t<section class=\"elementor-section elementor-top-section elementor-element elementor-element-356d4b21 elementor-section-boxed elementor-section-height-default elementor-section-height-default\" data-id=\"356d4b21\" data-element_type=\"section\">\n\t\t\t\t\t\t<div class=\"elementor-container elementor-column-gap-default\">\n\t\t\t\t\t<div class=\"elementor-column elementor-col-100 elementor-top-column elementor-element elementor-element-25183168\" data-id=\"25183168\" data-element_type=\"column\">\n\t\t\t<div class=\"elementor-widget-wrap elementor-element-populated\">\n\t\t\t\t\t\t<div class=\"elementor-element elementor-element-73167003 elementor-widget elementor-widget-text-editor\" data-id=\"73167003\" data-element_type=\"widget\" data-widget_type=\"text-editor.default\">\n\t\t\t\t<div class=\"elementor-widget-container\">\n\t\t\t\t\t\t\t\t\t<p style=\"text-align: justify;\">O que \u00e9 o Curr\u00edculo para Rede Municipal de Camb\u00e9?<\/p>\n<p style=\"text-align: justify;\">\u00c9 um documento norteador das atividades essenciais que a escola n\u00e3o pode deixar de desenvolver, sob pena de descaracterizar, de perder a sua especificidade (SAVIANI, 2013, p.87).<\/p>\n<p style=\"text-align: justify;\">A Secretaria Municipal de Educa\u00e7\u00e3o realizou estudo com toda a rede resultando na escrita do presente documento composto por princ\u00edpios orientadores para promover o desenvolvimento humano, pautadas em conhecimentos psicol\u00f3gicos, encaminhamentos pedag\u00f3gicos, em valores \u00e9ticos e em perspectivas sociais, buscando contribuir para o delineamento, ao menos em grandes linhas, do tipo de indiv\u00edduo adulto que esperamos formar. O documento aborda algumas das principais caracter\u00edsticas da sociedade do conhecimento e as press\u00f5es que a contemporaneidade exerce sobre o educando, propondo conte\u00fados orientadores para a pr\u00e1tica educativa, a fim de que as escolas possam se tornar aptas a preparar seus alunos.<\/p>\n<p><br><\/p>\n<p>&nbsp;<\/p>\t\t\t\t\t\t\t\t<\/div>\n\t\t\t\t<\/div>\n\t\t\t\t\t<\/div>\n\t\t<\/div>\n\t\t\t\t\t<\/div>\n\t\t<\/section>\n\t\t\t\t<section class=\"elementor-section elementor-top-section elementor-element elementor-element-43586aa elementor-section-boxed elementor-section-height-default elementor-section-height-default\" data-id=\"43586aa\" data-element_type=\"section\">\n\t\t\t\t\t\t<div class=\"elementor-container elementor-column-gap-default\">\n\t\t\t\t\t<div class=\"elementor-column elementor-col-100 elementor-top-column elementor-element elementor-element-6d25038\" data-id=\"6d25038\" data-element_type=\"column\">\n\t\t\t<div class=\"elementor-widget-wrap\">\n\t\t\t\t\t\t\t<\/div>\n\t\t<\/div>\n\t\t\t\t\t<\/div>\n\t\t<\/section>\n\t\t\t\t<section class=\"elementor-section elementor-top-section elementor-element elementor-element-d5e86d0 elementor-section-boxed elementor-section-height-default elementor-section-height-default\" data-id=\"d5e86d0\" data-element_type=\"section\">\n\t\t\t\t\t\t<div class=\"elementor-container elementor-column-gap-default\">\n\t\t\t\t\t<div class=\"elementor-column elementor-col-100 elementor-top-column elementor-element elementor-element-479c535\" data-id=\"479c535\" data-element_type=\"column\">\n\t\t\t<div class=\"elementor-widget-wrap elementor-element-populated\">\n\t\t\t\t\t\t<div class=\"elementor-element elementor-element-885f2e3 elementor-align-center elementor-widget elementor-widget-button\" data-id=\"885f2e3\" data-element_type=\"widget\" data-widget_type=\"button.default\">\n\t\t\t\t<div class=\"elementor-widget-container\">\n\t\t\t\t\t\t\t\t\t<div class=\"elementor-button-wrapper\">\n\t\t\t\t\t<a class=\"elementor-button elementor-button-link elementor-size-sm\" href=\"https:\/\/educacao.cambe.pr.gov.br\/wp-content\/uploads\/2025\/05\/Diretrizes-da-Politica-de-Educacao-em-Tempo-Integral-de-Cambe-2.pdf\" target=\"_blank\">\n\t\t\t\t\t\t<span class=\"elementor-button-content-wrapper\">\n\t\t\t\t\t\t<span class=\"elementor-button-icon\">\n\t\t\t\t<i aria-hidden=\"true\" class=\"far fa-file-pdf\"><\/i>\t\t\t<\/span>\n\t\t\t\t\t\t\t\t\t<span class=\"elementor-button-text\">Pol\u00edtica de Educa\u00e7\u00e3o em Tempo Integral da Rede P\u00fablica Municipal de Camb\u00e9<\/span>\n\t\t\t\t\t<\/span>\n\t\t\t\t\t<\/a>\n\t\t\t\t<\/div>\n\t\t\t\t\t\t\t\t<\/div>\n\t\t\t\t<\/div>\n\t\t\t\t<div class=\"elementor-element elementor-element-9a00fbd elementor-align-center elementor-widget elementor-widget-button\" data-id=\"9a00fbd\" data-element_type=\"widget\" data-widget_type=\"button.default\">\n\t\t\t\t<div class=\"elementor-widget-container\">\n\t\t\t\t\t\t\t\t\t<div class=\"elementor-button-wrapper\">\n\t\t\t\t\t<a class=\"elementor-button elementor-button-link elementor-size-sm\" href=\"https:\/\/educacao.cambe.pr.gov.br\/wp-content\/uploads\/2025\/05\/CURRICULO-PARA-A-REDE-PUBLICA-MUNICIPAL-DE-ENSINO-DE-CAMBE-ENSINO-FUNDAMENTAL-ANOS-INICIAIS-PUBLICADO-EM-DEZ-2016.pdf\" target=\"_blank\">\n\t\t\t\t\t\t<span class=\"elementor-button-content-wrapper\">\n\t\t\t\t\t\t<span class=\"elementor-button-icon\">\n\t\t\t\t<i aria-hidden=\"true\" class=\"far fa-file-pdf\"><\/i>\t\t\t<\/span>\n\t\t\t\t\t\t\t\t\t<span class=\"elementor-button-text\">Curr\u00edculo para o  Ensino FundamentalCamb\u00e9- clique aqui<\/span>\n\t\t\t\t\t<\/span>\n\t\t\t\t\t<\/a>\n\t\t\t\t<\/div>\n\t\t\t\t\t\t\t\t<\/div>\n\t\t\t\t<\/div>\n\t\t\t\t<div class=\"elementor-element elementor-element-f0ea6f3 elementor-align-center elementor-widget elementor-widget-button\" data-id=\"f0ea6f3\" data-element_type=\"widget\" data-widget_type=\"button.default\">\n\t\t\t\t<div class=\"elementor-widget-container\">\n\t\t\t\t\t\t\t\t\t<div class=\"elementor-button-wrapper\">\n\t\t\t\t\t<a class=\"elementor-button elementor-button-link elementor-size-sm\" href=\"https:\/\/educacao.cambe.pr.gov.br\/wp-content\/uploads\/2025\/05\/CURRICULO-DA-EDUCACAO-INFANTIL-CAMBE.pdf\" target=\"_blank\">\n\t\t\t\t\t\t<span class=\"elementor-button-content-wrapper\">\n\t\t\t\t\t\t<span class=\"elementor-button-icon\">\n\t\t\t\t<i aria-hidden=\"true\" class=\"far fa-file-pdf\"><\/i>\t\t\t<\/span>\n\t\t\t\t\t\t\t\t\t<span class=\"elementor-button-text\">Curr\u00edculo para a  Educa\u00e7\u00e3o Infantil Camb\u00e9- clique aqui<\/span>\n\t\t\t\t\t<\/span>\n\t\t\t\t\t<\/a>\n\t\t\t\t<\/div>\n\t\t\t\t\t\t\t\t<\/div>\n\t\t\t\t<\/div>\n\t\t\t\t\t<\/div>\n\t\t<\/div>\n\t\t\t\t\t<\/div>\n\t\t<\/section>\n\t\t\t\t<\/div>\n\t\t","protected":false},"excerpt":{"rendered":"<p>O que \u00e9 o Curr\u00edculo para Rede Municipal de Camb\u00e9? \u00c9 um documento norteador das atividades essenciais que a escola n\u00e3o pode deixar de desenvolver, sob pena de descaracterizar, de perder a sua especificidade (SAVIANI, 2013, p.87). A Secretaria Municipal de Educa\u00e7\u00e3o realizou estudo com toda a rede resultando na escrita do presente documento composto [&hellip;]<\/p>\n","protected":false},"author":1,"featured_media":0,"parent":34,"menu_order":0,"comment_status":"closed","ping_status":"closed","template":"","meta":{"ngg_post_thumbnail":0,"footnotes":""},"class_list":["post-144","page","type-page","status-publish","hentry"],"yoast_head":"<!-- This site is optimized with the Yoast SEO plugin v24.4 - https:\/\/yoast.com\/wordpress\/plugins\/seo\/ -->\n<title>Curr\u00edculo para Rede P\u00fablica Municipal de Ensino - Secretaria de Educa\u00e7\u00e3o e Cultura<\/title>\n<meta name=\"robots\" content=\"index, follow, max-snippet:-1, max-image-preview:large, max-video-preview:-1\" \/>\n<link rel=\"canonical\" href=\"https:\/\/educacao.cambe.pr.gov.br\/index.php\/educacao\/curriculo-para-rede-publica-municipal-de-ensino\/\" \/>\n<meta property=\"og:locale\" content=\"pt_BR\" \/>\n<meta property=\"og:type\" content=\"article\" \/>\n<meta property=\"og:title\" content=\"Curr\u00edculo para Rede P\u00fablica Municipal de Ensino - Secretaria de Educa\u00e7\u00e3o e Cultura\" \/>\n<meta property=\"og:description\" content=\"O que \u00e9 o Curr\u00edculo para Rede Municipal de Camb\u00e9? \u00c9 um documento norteador das atividades essenciais que a escola n\u00e3o pode deixar de desenvolver, sob pena de descaracterizar, de perder a sua especificidade (SAVIANI, 2013, p.87). A Secretaria Municipal de Educa\u00e7\u00e3o realizou estudo com toda a rede resultando na escrita do presente documento composto [&hellip;]\" \/>\n<meta property=\"og:url\" content=\"https:\/\/educacao.cambe.pr.gov.br\/index.php\/educacao\/curriculo-para-rede-publica-municipal-de-ensino\/\" \/>\n<meta property=\"og:site_name\" content=\"Secretaria de Educa\u00e7\u00e3o e Cultura\" \/>\n<meta property=\"article:modified_time\" content=\"2025-05-27T18:24:46+00:00\" \/>\n<meta name=\"twitter:card\" content=\"summary_large_image\" \/>\n<meta name=\"twitter:label1\" content=\"Est. tempo de leitura\" \/>\n\t<meta name=\"twitter:data1\" content=\"1 minuto\" \/>\n<script type=\"application\/ld+json\" class=\"yoast-schema-graph\">{\"@context\":\"https:\/\/schema.org\",\"@graph\":[{\"@type\":\"WebPage\",\"@id\":\"https:\/\/educacao.cambe.pr.gov.br\/index.php\/educacao\/curriculo-para-rede-publica-municipal-de-ensino\/\",\"url\":\"https:\/\/educacao.cambe.pr.gov.br\/index.php\/educacao\/curriculo-para-rede-publica-municipal-de-ensino\/\",\"name\":\"Curr\u00edculo para Rede P\u00fablica Municipal de Ensino - Secretaria de Educa\u00e7\u00e3o e Cultura\",\"isPartOf\":{\"@id\":\"https:\/\/educacao.cambe.pr.gov.br\/#website\"},\"datePublished\":\"2020-08-12T16:14:04+00:00\",\"dateModified\":\"2025-05-27T18:24:46+00:00\",\"breadcrumb\":{\"@id\":\"https:\/\/educacao.cambe.pr.gov.br\/index.php\/educacao\/curriculo-para-rede-publica-municipal-de-ensino\/#breadcrumb\"},\"inLanguage\":\"pt-BR\",\"potentialAction\":[{\"@type\":\"ReadAction\",\"target\":[\"https:\/\/educacao.cambe.pr.gov.br\/index.php\/educacao\/curriculo-para-rede-publica-municipal-de-ensino\/\"]}]},{\"@type\":\"BreadcrumbList\",\"@id\":\"https:\/\/educacao.cambe.pr.gov.br\/index.php\/educacao\/curriculo-para-rede-publica-municipal-de-ensino\/#breadcrumb\",\"itemListElement\":[{\"@type\":\"ListItem\",\"position\":1,\"name\":\"In\u00edcio\",\"item\":\"https:\/\/educacao.cambe.pr.gov.br\/\"},{\"@type\":\"ListItem\",\"position\":2,\"name\":\"Educa\u00e7\u00e3o\",\"item\":\"https:\/\/educacao.cambe.pr.gov.br\/index.php\/educacao\/\"},{\"@type\":\"ListItem\",\"position\":3,\"name\":\"Curr\u00edculo para Rede P\u00fablica Municipal de Ensino\"}]},{\"@type\":\"WebSite\",\"@id\":\"https:\/\/educacao.cambe.pr.gov.br\/#website\",\"url\":\"https:\/\/educacao.cambe.pr.gov.br\/\",\"name\":\"Secretaria de Educa\u00e7\u00e3o e Cultura\",\"description\":\"Prefeitura de Camb\u00e9\",\"publisher\":{\"@id\":\"https:\/\/educacao.cambe.pr.gov.br\/#organization\"},\"potentialAction\":[{\"@type\":\"SearchAction\",\"target\":{\"@type\":\"EntryPoint\",\"urlTemplate\":\"https:\/\/educacao.cambe.pr.gov.br\/?s={search_term_string}\"},\"query-input\":{\"@type\":\"PropertyValueSpecification\",\"valueRequired\":true,\"valueName\":\"search_term_string\"}}],\"inLanguage\":\"pt-BR\"},{\"@type\":\"Organization\",\"@id\":\"https:\/\/educacao.cambe.pr.gov.br\/#organization\",\"name\":\"Secretaria de Educa\u00e7\u00e3o e Cultura\",\"url\":\"https:\/\/educacao.cambe.pr.gov.br\/\",\"logo\":{\"@type\":\"ImageObject\",\"inLanguage\":\"pt-BR\",\"@id\":\"https:\/\/educacao.cambe.pr.gov.br\/#\/schema\/logo\/image\/\",\"url\":\"https:\/\/educacao.cambe.pr.gov.br\/wp-content\/uploads\/2020\/08\/cambe_rural_brazao-pq.png\",\"contentUrl\":\"https:\/\/educacao.cambe.pr.gov.br\/wp-content\/uploads\/2020\/08\/cambe_rural_brazao-pq.png\",\"width\":150,\"height\":150,\"caption\":\"Secretaria de Educa\u00e7\u00e3o e Cultura\"},\"image\":{\"@id\":\"https:\/\/educacao.cambe.pr.gov.br\/#\/schema\/logo\/image\/\"}}]}<\/script>\n<!-- \/ Yoast SEO plugin. -->","yoast_head_json":{"title":"Curr\u00edculo para Rede P\u00fablica Municipal de Ensino - Secretaria de Educa\u00e7\u00e3o e Cultura","robots":{"index":"index","follow":"follow","max-snippet":"max-snippet:-1","max-image-preview":"max-image-preview:large","max-video-preview":"max-video-preview:-1"},"canonical":"https:\/\/educacao.cambe.pr.gov.br\/index.php\/educacao\/curriculo-para-rede-publica-municipal-de-ensino\/","og_locale":"pt_BR","og_type":"article","og_title":"Curr\u00edculo para Rede P\u00fablica Municipal de Ensino - Secretaria de Educa\u00e7\u00e3o e Cultura","og_description":"O que \u00e9 o Curr\u00edculo para Rede Municipal de Camb\u00e9? \u00c9 um documento norteador das atividades essenciais que a escola n\u00e3o pode deixar de desenvolver, sob pena de descaracterizar, de perder a sua especificidade (SAVIANI, 2013, p.87). A Secretaria Municipal de Educa\u00e7\u00e3o realizou estudo com toda a rede resultando na escrita do presente documento composto [&hellip;]","og_url":"https:\/\/educacao.cambe.pr.gov.br\/index.php\/educacao\/curriculo-para-rede-publica-municipal-de-ensino\/","og_site_name":"Secretaria de Educa\u00e7\u00e3o e Cultura","article_modified_time":"2025-05-27T18:24:46+00:00","twitter_card":"summary_large_image","twitter_misc":{"Est. tempo de leitura":"1 minuto"},"schema":{"@context":"https:\/\/schema.org","@graph":[{"@type":"WebPage","@id":"https:\/\/educacao.cambe.pr.gov.br\/index.php\/educacao\/curriculo-para-rede-publica-municipal-de-ensino\/","url":"https:\/\/educacao.cambe.pr.gov.br\/index.php\/educacao\/curriculo-para-rede-publica-municipal-de-ensino\/","name":"Curr\u00edculo para Rede P\u00fablica Municipal de Ensino - Secretaria de Educa\u00e7\u00e3o e Cultura","isPartOf":{"@id":"https:\/\/educacao.cambe.pr.gov.br\/#website"},"datePublished":"2020-08-12T16:14:04+00:00","dateModified":"2025-05-27T18:24:46+00:00","breadcrumb":{"@id":"https:\/\/educacao.cambe.pr.gov.br\/index.php\/educacao\/curriculo-para-rede-publica-municipal-de-ensino\/#breadcrumb"},"inLanguage":"pt-BR","potentialAction":[{"@type":"ReadAction","target":["https:\/\/educacao.cambe.pr.gov.br\/index.php\/educacao\/curriculo-para-rede-publica-municipal-de-ensino\/"]}]},{"@type":"BreadcrumbList","@id":"https:\/\/educacao.cambe.pr.gov.br\/index.php\/educacao\/curriculo-para-rede-publica-municipal-de-ensino\/#breadcrumb","itemListElement":[{"@type":"ListItem","position":1,"name":"In\u00edcio","item":"https:\/\/educacao.cambe.pr.gov.br\/"},{"@type":"ListItem","position":2,"name":"Educa\u00e7\u00e3o","item":"https:\/\/educacao.cambe.pr.gov.br\/index.php\/educacao\/"},{"@type":"ListItem","position":3,"name":"Curr\u00edculo para Rede P\u00fablica Municipal de Ensino"}]},{"@type":"WebSite","@id":"https:\/\/educacao.cambe.pr.gov.br\/#website","url":"https:\/\/educacao.cambe.pr.gov.br\/","name":"Secretaria de Educa\u00e7\u00e3o e Cultura","description":"Prefeitura de Camb\u00e9","publisher":{"@id":"https:\/\/educacao.cambe.pr.gov.br\/#organization"},"potentialAction":[{"@type":"SearchAction","target":{"@type":"EntryPoint","urlTemplate":"https:\/\/educacao.cambe.pr.gov.br\/?s={search_term_string}"},"query-input":{"@type":"PropertyValueSpecification","valueRequired":true,"valueName":"search_term_string"}}],"inLanguage":"pt-BR"},{"@type":"Organization","@id":"https:\/\/educacao.cambe.pr.gov.br\/#organization","name":"Secretaria de Educa\u00e7\u00e3o e Cultura","url":"https:\/\/educacao.cambe.pr.gov.br\/","logo":{"@type":"ImageObject","inLanguage":"pt-BR","@id":"https:\/\/educacao.cambe.pr.gov.br\/#\/schema\/logo\/image\/","url":"https:\/\/educacao.cambe.pr.gov.br\/wp-content\/uploads\/2020\/08\/cambe_rural_brazao-pq.png","contentUrl":"https:\/\/educacao.cambe.pr.gov.br\/wp-content\/uploads\/2020\/08\/cambe_rural_brazao-pq.png","width":150,"height":150,"caption":"Secretaria de Educa\u00e7\u00e3o e Cultura"},"image":{"@id":"https:\/\/educacao.cambe.pr.gov.br\/#\/schema\/logo\/image\/"}}]}},"_links":{"self":[{"href":"https:\/\/educacao.cambe.pr.gov.br\/index.php\/wp-json\/wp\/v2\/pages\/144","targetHints":{"allow":["GET"]}}],"collection":[{"href":"https:\/\/educacao.cambe.pr.gov.br\/index.php\/wp-json\/wp\/v2\/pages"}],"about":[{"href":"https:\/\/educacao.cambe.pr.gov.br\/index.php\/wp-json\/wp\/v2\/types\/page"}],"author":[{"embeddable":true,"href":"https:\/\/educacao.cambe.pr.gov.br\/index.php\/wp-json\/wp\/v2\/users\/1"}],"replies":[{"embeddable":true,"href":"https:\/\/educacao.cambe.pr.gov.br\/index.php\/wp-json\/wp\/v2\/comments?post=144"}],"version-history":[{"count":39,"href":"https:\/\/educacao.cambe.pr.gov.br\/index.php\/wp-json\/wp\/v2\/pages\/144\/revisions"}],"predecessor-version":[{"id":4698,"href":"https:\/\/educacao.cambe.pr.gov.br\/index.php\/wp-json\/wp\/v2\/pages\/144\/revisions\/4698"}],"up":[{"embeddable":true,"href":"https:\/\/educacao.cambe.pr.gov.br\/index.php\/wp-json\/wp\/v2\/pages\/34"}],"wp:attachment":[{"href":"https:\/\/educacao.cambe.pr.gov.br\/index.php\/wp-json\/wp\/v2\/media?parent=144"}],"curies":[{"name":"wp","href":"https:\/\/api.w.org\/{rel}","templated":true}]}}